{"id":2537,"date":"2026-04-10T15:41:39","date_gmt":"2026-04-10T15:41:39","guid":{"rendered":"https:\/\/novaluxeurope.com\/producto\/lattafa-raed-gold-luxe\/"},"modified":"2026-04-24T13:31:51","modified_gmt":"2026-04-24T13:31:51","slug":"lattafa-raed-gold-luxe","status":"publish","type":"product","link":"https:\/\/novaluxeurope.com\/en\/product\/lattafa-raed-gold-luxe\/","title":{"rendered":"Lattafa Ra&#8217;ed Gold Luxe"},"content":{"rendered":"<p>El eau de parfum para hombre Lattafa Ra&#8217;ed Gold Luxe representa una nueva adicci\u00f3n a la que no querr\u00e1s renunciar. En cuanto la huelas por primera vez te convencer\u00e1 de que, a partir de ahora, ser\u00e1 una parte imprescindible de tu d\u00eda a d\u00eda.<\/p>\n<ul>\n<li>fragancia arom\u00e1tica con notas herbales<\/li>\n<li>fragancia amaderada<\/li>\n<li>fragancia especiada<\/li>\n<li>fragancia fresca y pura<\/li>\n<li>fragancia original para una personalidad original<\/li>\n<li>tanto para hombres como para mujeres<\/li>\n<\/ul>\n<h4>Pir\u00e1mide olfativa<\/h4>\n<ul>\n<li><strong>Notas de entrada:<\/strong> enebro, pi\u00f1a, sand\u00eda, flor de seda, pimienta rosada, jazm\u00edn<\/li>\n<li><strong>Notas de coraz\u00f3n:<\/strong> salvia, lavanda, canela, notas de hierbas<\/li>\n<li><strong>Notas de salida:<\/strong> \u00e1mbar, vainilla, vetiver, fresa, hielo, haba tonka, madera de s\u00e1ndalo, almizcle, casta\u00f1o<\/li>\n<\/ul>","protected":false},"excerpt":{"rendered":"<p>El eau de parfum para hombre Lattafa Ra&#8217;ed Gold Luxe representa una nueva adicci\u00f3n a la que no querr\u00e1s renunciar. En cuanto la huelas por primera vez te convencer\u00e1 de que, a partir de ahora, ser\u00e1 una parte imprescindible de tu d\u00eda a d\u00eda. fragancia arom\u00e1tica con notas herbales fragancia amaderada fragancia especiada fragancia fresca [&hellip;]<\/p>\n","protected":false},"featured_media":2536,"comment_status":"open","ping_status":"closed","template":"","meta":[],"product_brand":[310],"product_cat":[225],"product_tag":[59,52,94,453,498,499,165,79,500,56,73,47,424,181,101,242,352,63,50],"class_list":{"0":"post-2537","1":"product","2":"type-product","3":"status-publish","4":"has-post-thumbnail","6":"product_brand-lattafa","7":"product_cat-perfumes-y-fragancias","8":"product_tag-almizcle","9":"product_tag-ambar","10":"product_tag-canela","11":"product_tag-castano","12":"product_tag-enebro","13":"product_tag-flor-de-seda","14":"product_tag-fresa","15":"product_tag-haba-tonka","16":"product_tag-hielo","17":"product_tag-jazmin","18":"product_tag-lavanda","19":"product_tag-madera-de-sandalo","20":"product_tag-notas-de-hierbas","21":"product_tag-pimienta-rosada","22":"product_tag-pina","23":"product_tag-salvia","24":"product_tag-sandia","25":"product_tag-vainilla","26":"product_tag-vetiver","28":"first","29":"instock","30":"taxable","31":"shipping-taxable","32":"product-type-simple"},"_links":{"self":[{"href":"https:\/\/novaluxeurope.com\/en\/wp-json\/wp\/v2\/product\/2537","targetHints":{"allow":["GET"]}}],"collection":[{"href":"https:\/\/novaluxeurope.com\/en\/wp-json\/wp\/v2\/product"}],"about":[{"href":"https:\/\/novaluxeurope.com\/en\/wp-json\/wp\/v2\/types\/product"}],"replies":[{"embeddable":true,"href":"https:\/\/novaluxeurope.com\/en\/wp-json\/wp\/v2\/comments?post=2537"}],"wp:featuredmedia":[{"embeddable":true,"href":"https:\/\/novaluxeurope.com\/en\/wp-json\/wp\/v2\/media\/2536"}],"wp:attachment":[{"href":"https:\/\/novaluxeurope.com\/en\/wp-json\/wp\/v2\/media?parent=2537"}],"wp:term":[{"taxonomy":"product_brand","embeddable":true,"href":"https:\/\/novaluxeurope.com\/en\/wp-json\/wp\/v2\/product_brand?post=2537"},{"taxonomy":"product_cat","embeddable":true,"href":"https:\/\/novaluxeurope.com\/en\/wp-json\/wp\/v2\/product_cat?post=2537"},{"taxonomy":"product_tag","embeddable":true,"href":"https:\/\/novaluxeurope.com\/en\/wp-json\/wp\/v2\/product_tag?post=2537"}],"curies":[{"name":"wp","href":"https:\/\/api.w.org\/{rel}","templated":true}]}}