{"id":2531,"date":"2026-04-10T15:41:36","date_gmt":"2026-04-10T15:41:36","guid":{"rendered":"https:\/\/novaluxeurope.com\/producto\/lattafa-qimmah-man-edp-m-100-ml\/"},"modified":"2026-05-09T11:19:12","modified_gmt":"2026-05-09T11:19:12","slug":"lattafa-qimmah-man-edp-m-100-ml","status":"publish","type":"product","link":"https:\/\/novaluxeurope.com\/en\/product\/lattafa-qimmah-man-edp-m-100-ml\/","title":{"rendered":"Lattafa Qimmah Man"},"content":{"rendered":"<p>Descubra el cautivador encanto de Qimmah EDP Spray para hombre de Lattafa, una fragancia que destila sofisticaci\u00f3n y encanto. Elaborada por la prestigiosa casa de dise\u00f1o Lattafa, esta Eau de Parfum de 100 ml est\u00e1 pensada para el hombre moderno que aprecia la elegancia y un toque de misterio. Qimmah se abre con una poderosa mezcla de madera de agar y cedro, creando una nota de salida rica y acogedora que le atraer\u00e1. A medida que la fragancia evoluciona, revela un coraz\u00f3n de lavanda arom\u00e1tica, romero terroso y salvia fresca, que a\u00f1aden profundidad y complejidad. Las notas de fondo de Pachul\u00ed y Vetiver proporcionan un acabado enraizado, dejando una impresi\u00f3n duradera de aromas c\u00e1lidos y amaderados. Perteneciente a la familia olfativa Amaderada Arom\u00e1tica, Qimmah es perfecta para cualquier ocasi\u00f3n, tanto si acude a un evento formal como a una reuni\u00f3n informal. Las notas cuidadosamente equilibradas garantizan que esta fragancia sea a la vez vers\u00e1til y memorable, convirti\u00e9ndola en una adici\u00f3n esencial a la colecci\u00f3n de cualquier hombre. Con su elegante dise\u00f1o y su irresistible aroma, Qimmah EDP Spray de Lattafa Men es m\u00e1s que una fragancia: es una declaraci\u00f3n de estilo y sofisticaci\u00f3n. Pida el suyo hoy mismo y experimente el encantador aroma que ha cautivado a hombres de todo el mundo. NOTAS DE PERFUME Notas altas: Madera de agar, Cedro Notas medias: Lavanda, Salvia, Romero Notas de Fondo: Pachul\u00ed, Vetiver<\/p>\n<h4>Pir\u00e1mide olfativa<\/h4>\n<ul>\n<li><strong>Notas de entrada:<\/strong> Madera de agar, Cedro<\/li>\n<li><strong>Notas de coraz\u00f3n:<\/strong> Lavanda, Salvia, Rosemary<\/li>\n<li><strong>Notas de salida:<\/strong> Pachul\u00ed, Vetiver<\/li>\n<\/ul>","protected":false},"excerpt":{"rendered":"<p>Descubra el cautivador encanto de Qimmah EDP Spray para hombre de Lattafa, una fragancia que destila sofisticaci\u00f3n y encanto. Elaborada por la prestigiosa casa de dise\u00f1o Lattafa, esta Eau de Parfum de 100 ml est\u00e1 pensada para el hombre moderno que aprecia la elegancia y un toque de misterio. Qimmah se abre con una poderosa [&hellip;]<\/p>\n","protected":false},"featured_media":2530,"comment_status":"open","ping_status":"closed","template":"","meta":[],"product_brand":[310],"product_cat":[225],"product_tag":[53,73,68,67,463,242,50],"class_list":{"0":"post-2531","1":"product","2":"type-product","3":"status-publish","4":"has-post-thumbnail","6":"product_brand-lattafa","7":"product_cat-perfumes-y-fragancias","8":"product_tag-cedro","9":"product_tag-lavanda","10":"product_tag-madera-de-agar","11":"product_tag-pachuli","12":"product_tag-rosemary","13":"product_tag-salvia","14":"product_tag-vetiver","16":"first","17":"instock","18":"taxable","19":"shipping-taxable","20":"product-type-simple"},"_links":{"self":[{"href":"https:\/\/novaluxeurope.com\/en\/wp-json\/wp\/v2\/product\/2531","targetHints":{"allow":["GET"]}}],"collection":[{"href":"https:\/\/novaluxeurope.com\/en\/wp-json\/wp\/v2\/product"}],"about":[{"href":"https:\/\/novaluxeurope.com\/en\/wp-json\/wp\/v2\/types\/product"}],"replies":[{"embeddable":true,"href":"https:\/\/novaluxeurope.com\/en\/wp-json\/wp\/v2\/comments?post=2531"}],"wp:featuredmedia":[{"embeddable":true,"href":"https:\/\/novaluxeurope.com\/en\/wp-json\/wp\/v2\/media\/2530"}],"wp:attachment":[{"href":"https:\/\/novaluxeurope.com\/en\/wp-json\/wp\/v2\/media?parent=2531"}],"wp:term":[{"taxonomy":"product_brand","embeddable":true,"href":"https:\/\/novaluxeurope.com\/en\/wp-json\/wp\/v2\/product_brand?post=2531"},{"taxonomy":"product_cat","embeddable":true,"href":"https:\/\/novaluxeurope.com\/en\/wp-json\/wp\/v2\/product_cat?post=2531"},{"taxonomy":"product_tag","embeddable":true,"href":"https:\/\/novaluxeurope.com\/en\/wp-json\/wp\/v2\/product_tag?post=2531"}],"curies":[{"name":"wp","href":"https:\/\/api.w.org\/{rel}","templated":true}]}}