{"id":2526,"date":"2026-04-10T15:41:35","date_gmt":"2026-04-10T15:41:35","guid":{"rendered":"https:\/\/novaluxeurope.com\/producto\/lattafa-qasaed-al-sultan-edp-u-100-ml\/"},"modified":"2026-04-24T13:31:51","modified_gmt":"2026-04-24T13:31:51","slug":"lattafa-qasaed-al-sultan-edp-u-100-ml","status":"publish","type":"product","link":"https:\/\/novaluxeurope.com\/en\/product\/lattafa-qasaed-al-sultan-edp-u-100-ml\/","title":{"rendered":"Lattafa Qasaed Al Sultan"},"content":{"rendered":"<p>Sum\u00e9rjase en un mundo encantador de aromas irresistibles con el Qasaed Al Sultan EDP Spray de Lattafa . Creado por la renombrada casa de dise\u00f1o Lattafa, este perfume lleva el nombre de la fragancia, Qasaed Al Sultan. Conocido por sus fragancias de alta calidad, Lattafa ha entregado una vez m\u00e1s un producto que se destaca en el mundo del perfume. Cada pulverizaci\u00f3n de este EDP promete dejar un aroma duradero, por lo que es una opci\u00f3n perfecta para aquellos que buscan hacer una declaraci\u00f3n audaz. Esta fragancia unisex, presentada en un frasco de 100 ml, es una exquisita mezcla de notas de salida de bergamota y \u00e1mbar, que evolucionan hacia un coraz\u00f3n de especias, miel y cuero. Las notas de fondo de Oud, Pachul\u00ed, S\u00e1ndalo y Vainilla redondean este cautivador aroma, convirti\u00e9ndolo en una elecci\u00f3n \u00fanica e intrigante para cualquier conocedor de fragancias. Perteneciente a la categor\u00eda de perfumes EDP en spray, Qasaed Al Sultan posee una fragancia duradera que perdura durante todo el d\u00eda. El c\u00f3digo de barras 6291108737958 garantiza a\u00fan m\u00e1s su autenticidad, d\u00e1ndole tranquilidad con cada compra. Tanto si desea ampliar su colecci\u00f3n de fragancias como si busca un regalo perfecto, Lattafa Qasaed Al Sultan EDP Spray es una excelente elecci\u00f3n. Su vers\u00e1til aroma lo hace adecuado para diversas ocasiones, ya sea una reuni\u00f3n profesional o una salida informal. Experimente hoy mismo el encanto de esta excepcional fragancia. NOTAS DE PERFUME Notas de salida: Bergamota, \u00e1mbar Notas medias: Especias, Miel, Notas de Cuero Notas de Fondo: Oud, Pachul\u00ed, S\u00e1ndalo, Vainilla<\/p>\n<h4>Pir\u00e1mide olfativa<\/h4>\n<ul>\n<li><strong>Notas de entrada:<\/strong> Bergamota, \u00c1mbar<\/li>\n<li><strong>Notas de coraz\u00f3n:<\/strong> Especias, Miel, Notas de cuero<\/li>\n<li><strong>Notas de salida:<\/strong> Oud, Pachul\u00ed, S\u00e1ndalo, Vainilla<\/li>\n<\/ul>","protected":false},"excerpt":{"rendered":"<p>Sum\u00e9rjase en un mundo encantador de aromas irresistibles con el Qasaed Al Sultan EDP Spray de Lattafa . Creado por la renombrada casa de dise\u00f1o Lattafa, este perfume lleva el nombre de la fragancia, Qasaed Al Sultan. Conocido por sus fragancias de alta calidad, Lattafa ha entregado una vez m\u00e1s un producto que se destaca [&hellip;]<\/p>\n","protected":false},"featured_media":2525,"comment_status":"open","ping_status":"closed","template":"","meta":[],"product_brand":[310],"product_cat":[225],"product_tag":[52,102,374,200,497,48,67,174,63],"class_list":{"0":"post-2526","1":"product","2":"type-product","3":"status-publish","4":"has-post-thumbnail","6":"product_brand-lattafa","7":"product_cat-perfumes-y-fragancias","8":"product_tag-ambar","9":"product_tag-bergamota","10":"product_tag-especias","11":"product_tag-miel","12":"product_tag-notas-de-cuero","13":"product_tag-oud","14":"product_tag-pachuli","15":"product_tag-sandalo","16":"product_tag-vainilla","18":"first","19":"outofstock","20":"taxable","21":"shipping-taxable","22":"product-type-simple"},"_links":{"self":[{"href":"https:\/\/novaluxeurope.com\/en\/wp-json\/wp\/v2\/product\/2526","targetHints":{"allow":["GET"]}}],"collection":[{"href":"https:\/\/novaluxeurope.com\/en\/wp-json\/wp\/v2\/product"}],"about":[{"href":"https:\/\/novaluxeurope.com\/en\/wp-json\/wp\/v2\/types\/product"}],"replies":[{"embeddable":true,"href":"https:\/\/novaluxeurope.com\/en\/wp-json\/wp\/v2\/comments?post=2526"}],"wp:featuredmedia":[{"embeddable":true,"href":"https:\/\/novaluxeurope.com\/en\/wp-json\/wp\/v2\/media\/2525"}],"wp:attachment":[{"href":"https:\/\/novaluxeurope.com\/en\/wp-json\/wp\/v2\/media?parent=2526"}],"wp:term":[{"taxonomy":"product_brand","embeddable":true,"href":"https:\/\/novaluxeurope.com\/en\/wp-json\/wp\/v2\/product_brand?post=2526"},{"taxonomy":"product_cat","embeddable":true,"href":"https:\/\/novaluxeurope.com\/en\/wp-json\/wp\/v2\/product_cat?post=2526"},{"taxonomy":"product_tag","embeddable":true,"href":"https:\/\/novaluxeurope.com\/en\/wp-json\/wp\/v2\/product_tag?post=2526"}],"curies":[{"name":"wp","href":"https:\/\/api.w.org\/{rel}","templated":true}]}}