{"id":2521,"date":"2026-04-10T15:41:32","date_gmt":"2026-04-10T15:41:32","guid":{"rendered":"https:\/\/novaluxeurope.com\/producto\/lattafa-qaed-al-fursan-3\/"},"modified":"2026-05-10T00:01:17","modified_gmt":"2026-05-10T00:01:17","slug":"lattafa-qaed-al-fursan-3","status":"publish","type":"product","link":"https:\/\/novaluxeurope.com\/en\/product\/lattafa-qaed-al-fursan-3\/","title":{"rendered":"Lattafa Qaed Al Fursan"},"content":{"rendered":"<p>En el coraz\u00f3n de cualquier persona se esconde el deseo de aventuras. El eau de parfum Lattafa Qaed Al Fursan lo har\u00e1 realidad. Envuelve a quien lo lleva en un aura de frescor, fuerza y elegancia ind\u00f3mita. \u00bfEst\u00e1s preparado para vivir la vida al m\u00e1ximo? Basta con unas gotas de la fragancia Qaed Al Fursan para conseguir determinaci\u00f3n y una sensaci\u00f3n de singularidad.<\/p>\n<ul>\n<li>composici\u00f3n arom\u00e1tica oriental llena de notas frutales<\/li>\n<li>ideal para cualquier ocasi\u00f3n y \u00e9poca del a\u00f1o<\/li>\n<li>la pueden llevar tanto hombres como mujeres<\/li>\n<\/ul>\n<p><strong>Composici\u00f3n de la fragancia:<\/strong><br \/>La fragancia se abre con la fresca y ex\u00f3tica pi\u00f1a y el especiado azafr\u00e1n, que despiertan la curiosidad y el deseo de explorar en las personas que la llevan. A continuaci\u00f3n surge el aroma del dulce jazm\u00edn y la resina de abeto, que acarician los sentidos y te envuelven en una sensaci\u00f3n de paz y bienestar. La fragancia se completa con la c\u00e1lida madera de cedro, el oud m\u00edstico y el sensual \u00e1mbar gris, que dejan una huella profunda y duradera.<\/p>\n<p><strong>Historia de la fragancia:<\/strong><br \/>El eau de parfum Qaed Al Fursan esconde la fuerza y el refinamiento del caballo al galope que est\u00e1 representado en el frasco negro con detalles dorados. Esta fragancia, inspirada en el dinamismo y la elegancia de un caballo salvaje, es la uni\u00f3n perfecta de la naturaleza indomable y el arte refinado de la perfumer\u00eda. Es ideal para todas las personas que desean expresar su energ\u00eda sin l\u00edmites y su esp\u00edritu libre.<\/p>\n<h4>Pir\u00e1mide olfativa<\/h4>\n<ul>\n<li><strong>Notas de entrada:<\/strong> frutas del bosque, manzana, abedul, notas amaderadas orientales, bergamota<\/li>\n<li><strong>Notas de coraz\u00f3n:<\/strong> notas amaderadas orientales, pachuli, rosa, notas florales, jazm\u00edn<\/li>\n<li><strong>Notas de salida:<\/strong> almizcle, musgo de roble, \u00e1mbar gris, vainilla<\/li>\n<\/ul>","protected":false},"excerpt":{"rendered":"<p>En el coraz\u00f3n de cualquier persona se esconde el deseo de aventuras. El eau de parfum Lattafa Qaed Al Fursan lo har\u00e1 realidad. Envuelve a quien lo lleva en un aura de frescor, fuerza y elegancia ind\u00f3mita. \u00bfEst\u00e1s preparado para vivir la vida al m\u00e1ximo? Basta con unas gotas de la fragancia Qaed Al Fursan [&hellip;]<\/p>\n","protected":false},"featured_media":1596,"comment_status":"open","ping_status":"closed","template":"","meta":[],"product_brand":[310],"product_cat":[225],"product_tag":[86,59,64,102,332,56,88,61,331,333,67,49,63],"class_list":{"0":"post-2521","1":"product","2":"type-product","3":"status-publish","4":"has-post-thumbnail","6":"product_brand-lattafa","7":"product_cat-perfumes-y-fragancias","8":"product_tag-abedul","9":"product_tag-almizcle","10":"product_tag-ambar-gris","11":"product_tag-bergamota","12":"product_tag-frutas-del-bosque","13":"product_tag-jazmin","14":"product_tag-manzana","15":"product_tag-musgo-de-roble","16":"product_tag-notas-amaderadas-orientales","17":"product_tag-notas-florales","18":"product_tag-pachuli","19":"product_tag-rosa","20":"product_tag-vainilla","22":"first","23":"instock","24":"taxable","25":"shipping-taxable","26":"product-type-simple"},"_links":{"self":[{"href":"https:\/\/novaluxeurope.com\/en\/wp-json\/wp\/v2\/product\/2521","targetHints":{"allow":["GET"]}}],"collection":[{"href":"https:\/\/novaluxeurope.com\/en\/wp-json\/wp\/v2\/product"}],"about":[{"href":"https:\/\/novaluxeurope.com\/en\/wp-json\/wp\/v2\/types\/product"}],"replies":[{"embeddable":true,"href":"https:\/\/novaluxeurope.com\/en\/wp-json\/wp\/v2\/comments?post=2521"}],"wp:featuredmedia":[{"embeddable":true,"href":"https:\/\/novaluxeurope.com\/en\/wp-json\/wp\/v2\/media\/1596"}],"wp:attachment":[{"href":"https:\/\/novaluxeurope.com\/en\/wp-json\/wp\/v2\/media?parent=2521"}],"wp:term":[{"taxonomy":"product_brand","embeddable":true,"href":"https:\/\/novaluxeurope.com\/en\/wp-json\/wp\/v2\/product_brand?post=2521"},{"taxonomy":"product_cat","embeddable":true,"href":"https:\/\/novaluxeurope.com\/en\/wp-json\/wp\/v2\/product_cat?post=2521"},{"taxonomy":"product_tag","embeddable":true,"href":"https:\/\/novaluxeurope.com\/en\/wp-json\/wp\/v2\/product_tag?post=2521"}],"curies":[{"name":"wp","href":"https:\/\/api.w.org\/{rel}","templated":true}]}}