{"id":2513,"date":"2026-04-10T15:41:31","date_gmt":"2026-04-10T15:41:31","guid":{"rendered":"https:\/\/novaluxeurope.com\/producto\/lattafa-pure-musk\/"},"modified":"2026-05-09T12:01:12","modified_gmt":"2026-05-09T12:01:12","slug":"lattafa-pure-musk","status":"publish","type":"product","link":"https:\/\/novaluxeurope.com\/en\/product\/lattafa-pure-musk\/","title":{"rendered":"Lattafa Pure Musk"},"content":{"rendered":"<p>El encanto de esta fragancia reside en que es perfecta tanto para hombre como para mujer. Todo el mundo encontr\u00e1 algo que le guste, en cada persona huele diferente. El eau de parfum unisex Lattafa Pure Musk seguramente no se perder\u00e1 en ning\u00fan caj\u00f3n de tu tocador y, adem\u00e1s, puedes compartirlo con tu media naranja.<\/p>\n<ul>\n<li>fragancia almizclada<\/li>\n<li>fragancia arom\u00e1tica con notas herbales<\/li>\n<\/ul>\n<h4>Pir\u00e1mide olfativa<\/h4>\n<ul>\n<li><strong>Notas de entrada:<\/strong> cedro, oud<\/li>\n<li><strong>Notas de coraz\u00f3n:<\/strong> lavanda, romero, salvia<\/li>\n<li><strong>Notas de salida:<\/strong> pachuli, vetiver<\/li>\n<\/ul>","protected":false},"excerpt":{"rendered":"<p>El encanto de esta fragancia reside en que es perfecta tanto para hombre como para mujer. Todo el mundo encontr\u00e1 algo que le guste, en cada persona huele diferente. El eau de parfum unisex Lattafa Pure Musk seguramente no se perder\u00e1 en ning\u00fan caj\u00f3n de tu tocador y, adem\u00e1s, puedes compartirlo con tu media naranja. [&hellip;]<\/p>\n","protected":false},"featured_media":1537,"comment_status":"open","ping_status":"closed","template":"","meta":[],"product_brand":[310],"product_cat":[225],"product_tag":[53,73,48,67,187,242,50],"class_list":{"0":"post-2513","1":"product","2":"type-product","3":"status-publish","4":"has-post-thumbnail","6":"product_brand-lattafa","7":"product_cat-perfumes-y-fragancias","8":"product_tag-cedro","9":"product_tag-lavanda","10":"product_tag-oud","11":"product_tag-pachuli","12":"product_tag-romero","13":"product_tag-salvia","14":"product_tag-vetiver","16":"first","17":"instock","18":"taxable","19":"shipping-taxable","20":"product-type-simple"},"_links":{"self":[{"href":"https:\/\/novaluxeurope.com\/en\/wp-json\/wp\/v2\/product\/2513","targetHints":{"allow":["GET"]}}],"collection":[{"href":"https:\/\/novaluxeurope.com\/en\/wp-json\/wp\/v2\/product"}],"about":[{"href":"https:\/\/novaluxeurope.com\/en\/wp-json\/wp\/v2\/types\/product"}],"replies":[{"embeddable":true,"href":"https:\/\/novaluxeurope.com\/en\/wp-json\/wp\/v2\/comments?post=2513"}],"wp:featuredmedia":[{"embeddable":true,"href":"https:\/\/novaluxeurope.com\/en\/wp-json\/wp\/v2\/media\/1537"}],"wp:attachment":[{"href":"https:\/\/novaluxeurope.com\/en\/wp-json\/wp\/v2\/media?parent=2513"}],"wp:term":[{"taxonomy":"product_brand","embeddable":true,"href":"https:\/\/novaluxeurope.com\/en\/wp-json\/wp\/v2\/product_brand?post=2513"},{"taxonomy":"product_cat","embeddable":true,"href":"https:\/\/novaluxeurope.com\/en\/wp-json\/wp\/v2\/product_cat?post=2513"},{"taxonomy":"product_tag","embeddable":true,"href":"https:\/\/novaluxeurope.com\/en\/wp-json\/wp\/v2\/product_tag?post=2513"}],"curies":[{"name":"wp","href":"https:\/\/api.w.org\/{rel}","templated":true}]}}