{"id":2507,"date":"2026-04-10T15:41:28","date_gmt":"2026-04-10T15:41:28","guid":{"rendered":"https:\/\/novaluxeurope.com\/producto\/lattafa-pride-taureau-de-combat-edp-u-100-ml\/"},"modified":"2026-04-24T13:31:50","modified_gmt":"2026-04-24T13:31:50","slug":"lattafa-pride-taureau-de-combat-edp-u-100-ml","status":"publish","type":"product","link":"https:\/\/novaluxeurope.com\/en\/product\/lattafa-pride-taureau-de-combat-edp-u-100-ml\/","title":{"rendered":"Lattafa Pride Taureau De Combat"},"content":{"rendered":"<p>Experimenta el poder dominante de Lattafa Pride Taureau De Combat Eau de Parfum 100 ml , una fragancia unisex que pertenece a la familia Oriental Amaderada Especiada. Dise\u00f1ada para aquellos que buscan fuerza y sofisticaci\u00f3n, esta fragancia se abre con una ardiente mezcla de \u00e1mbar , cardamomo , canela y benju\u00ed , creando una introducci\u00f3n atrevida y resinosa. El coraz\u00f3n revela una capa m\u00e1s suave y refinada con cachemira, heliotropo y jazm\u00edn, enriquecida por el encanto ahumado del tabaco. A medida que la fragancia se asienta, el fondo se despliega en una estela sensual y duradera de vainilla , haba tonka y pachul\u00ed , garantizando profundidad y calidez que perduran en la piel. Con su fuerte proyecci\u00f3n y su impresionante longevidad, Taureau De Combat es una elecci\u00f3n ideal para las noches, las estaciones m\u00e1s fr\u00edas y las ocasiones especiales en las que se desea una presencia segura y poderosa. NOTAS DE PERFUME Notas de salida: \u00c1mbar, cardamomo, canela, benju\u00ed Notas medias: Cachemira, Heliotropo, Jazm\u00edn, Tabaco Notas de Fondo: Vainilla, haba tonka, pachul\u00ed<\/p>\n<h4>Pir\u00e1mide olfativa<\/h4>\n<ul>\n<li><strong>Notas de entrada:<\/strong> \u00c1mbar, Cardamomo, Canela, Benju\u00ed<\/li>\n<li><strong>Notas de coraz\u00f3n:<\/strong> Cachemira, Heliotropo, Jazm\u00edn, Tabaco<\/li>\n<li><strong>Notas de salida:<\/strong> Vainilla, Haba Tonka, Pachul\u00ed<\/li>\n<\/ul>","protected":false},"excerpt":{"rendered":"<p>Experimenta el poder dominante de Lattafa Pride Taureau De Combat Eau de Parfum 100 ml , una fragancia unisex que pertenece a la familia Oriental Amaderada Especiada. Dise\u00f1ada para aquellos que buscan fuerza y sofisticaci\u00f3n, esta fragancia se abre con una ardiente mezcla de \u00e1mbar , cardamomo , canela y benju\u00ed , creando una introducci\u00f3n [&hellip;]<\/p>\n","protected":false},"featured_media":2506,"comment_status":"open","ping_status":"closed","template":"","meta":[],"product_brand":[310],"product_cat":[225],"product_tag":[52,126,378,94,77,79,217,56,67,163,63],"class_list":{"0":"post-2507","1":"product","2":"type-product","3":"status-publish","4":"has-post-thumbnail","6":"product_brand-lattafa","7":"product_cat-perfumes-y-fragancias","8":"product_tag-ambar","9":"product_tag-benjui","10":"product_tag-cachemira","11":"product_tag-canela","12":"product_tag-cardamomo","13":"product_tag-haba-tonka","14":"product_tag-heliotropo","15":"product_tag-jazmin","16":"product_tag-pachuli","17":"product_tag-tabaco","18":"product_tag-vainilla","20":"first","21":"instock","22":"taxable","23":"shipping-taxable","24":"product-type-simple"},"_links":{"self":[{"href":"https:\/\/novaluxeurope.com\/en\/wp-json\/wp\/v2\/product\/2507","targetHints":{"allow":["GET"]}}],"collection":[{"href":"https:\/\/novaluxeurope.com\/en\/wp-json\/wp\/v2\/product"}],"about":[{"href":"https:\/\/novaluxeurope.com\/en\/wp-json\/wp\/v2\/types\/product"}],"replies":[{"embeddable":true,"href":"https:\/\/novaluxeurope.com\/en\/wp-json\/wp\/v2\/comments?post=2507"}],"wp:featuredmedia":[{"embeddable":true,"href":"https:\/\/novaluxeurope.com\/en\/wp-json\/wp\/v2\/media\/2506"}],"wp:attachment":[{"href":"https:\/\/novaluxeurope.com\/en\/wp-json\/wp\/v2\/media?parent=2507"}],"wp:term":[{"taxonomy":"product_brand","embeddable":true,"href":"https:\/\/novaluxeurope.com\/en\/wp-json\/wp\/v2\/product_brand?post=2507"},{"taxonomy":"product_cat","embeddable":true,"href":"https:\/\/novaluxeurope.com\/en\/wp-json\/wp\/v2\/product_cat?post=2507"},{"taxonomy":"product_tag","embeddable":true,"href":"https:\/\/novaluxeurope.com\/en\/wp-json\/wp\/v2\/product_tag?post=2507"}],"curies":[{"name":"wp","href":"https:\/\/api.w.org\/{rel}","templated":true}]}}