{"id":2504,"date":"2026-04-10T15:41:27","date_gmt":"2026-04-10T15:41:27","guid":{"rendered":"https:\/\/novaluxeurope.com\/producto\/lattafa-pride-shaheen-gold\/"},"modified":"2026-05-09T11:19:12","modified_gmt":"2026-05-09T11:19:12","slug":"lattafa-pride-shaheen-gold","status":"publish","type":"product","link":"https:\/\/novaluxeurope.com\/en\/product\/lattafa-pride-shaheen-gold\/","title":{"rendered":"Lattafa Pride Shaheen Gold"},"content":{"rendered":"<p dir=\"ltr\">Siente una dulce oleada de energ\u00eda. El eau de parfum unisex Lattafa Pride Shaheen Gold es una fragancia frutal que estimular\u00e1 tus sentidos y te pondr\u00e1 en estado de alerta. Sus energizantes notas frutales se endulzan sofisticadamente con notas de vainilla.<\/p>\n<ul>\n<li value=\"1\">fragancia frutal dulce<\/li>\n<li value=\"2\">pertenece a la colecci\u00f3n Lattafa Pride<\/li>\n<li value=\"3\">se lanz\u00f3 al mercado en el a\u00f1o 2022<\/li>\n<\/ul>\n<p dir=\"ltr\"><strong>Composici\u00f3n de la fragancia:<\/strong><br \/>Primero te refrescar\u00e1n las notas frutales de pi\u00f1a y pomelo. Despu\u00e9s se unen los higos y la arom\u00e1tica lavanda. Al final se incorporan a la composici\u00f3n arom\u00e1tica el haba tonka, la dulce vainilla y el delicado pachuli.<\/p>\n<p dir=\"ltr\"><strong>Historia de la fragancia:<\/strong><br \/>El eau de parfum unisex Lattafa Pride Shaheen Gold viene en un frasco tan excepcional y original como la propia fragancia. El sencillo frasco de vidrio mate est\u00e1 adornado con la figura dorada de un ave rapaz que, con las alas extendidas, se posa en el tap\u00f3n.<\/p>\n<h4>Pir\u00e1mide olfativa<\/h4>\n<ul>\n<li><strong>Notas de entrada:<\/strong> pi\u00f1a, pomelo<\/li>\n<li><strong>Notas de coraz\u00f3n:<\/strong> lavanda, higo<\/li>\n<li><strong>Notas de salida:<\/strong> haba tonka, vainilla, pachuli<\/li>\n<\/ul>","protected":false},"excerpt":{"rendered":"<p>Siente una dulce oleada de energ\u00eda. El eau de parfum unisex Lattafa Pride Shaheen Gold es una fragancia frutal que estimular\u00e1 tus sentidos y te pondr\u00e1 en estado de alerta. Sus energizantes notas frutales se endulzan sofisticadamente con notas de vainilla. fragancia frutal dulce pertenece a la colecci\u00f3n Lattafa Pride se lanz\u00f3 al mercado en [&hellip;]<\/p>\n","protected":false},"featured_media":2503,"comment_status":"open","ping_status":"closed","template":"","meta":[],"product_brand":[310],"product_cat":[225],"product_tag":[79,464,73,67,101,245,63],"class_list":{"0":"post-2504","1":"product","2":"type-product","3":"status-publish","4":"has-post-thumbnail","6":"product_brand-lattafa","7":"product_cat-perfumes-y-fragancias","8":"product_tag-haba-tonka","9":"product_tag-higo","10":"product_tag-lavanda","11":"product_tag-pachuli","12":"product_tag-pina","13":"product_tag-pomelo","14":"product_tag-vainilla","16":"first","17":"instock","18":"taxable","19":"shipping-taxable","20":"product-type-simple"},"_links":{"self":[{"href":"https:\/\/novaluxeurope.com\/en\/wp-json\/wp\/v2\/product\/2504","targetHints":{"allow":["GET"]}}],"collection":[{"href":"https:\/\/novaluxeurope.com\/en\/wp-json\/wp\/v2\/product"}],"about":[{"href":"https:\/\/novaluxeurope.com\/en\/wp-json\/wp\/v2\/types\/product"}],"replies":[{"embeddable":true,"href":"https:\/\/novaluxeurope.com\/en\/wp-json\/wp\/v2\/comments?post=2504"}],"wp:featuredmedia":[{"embeddable":true,"href":"https:\/\/novaluxeurope.com\/en\/wp-json\/wp\/v2\/media\/2503"}],"wp:attachment":[{"href":"https:\/\/novaluxeurope.com\/en\/wp-json\/wp\/v2\/media?parent=2504"}],"wp:term":[{"taxonomy":"product_brand","embeddable":true,"href":"https:\/\/novaluxeurope.com\/en\/wp-json\/wp\/v2\/product_brand?post=2504"},{"taxonomy":"product_cat","embeddable":true,"href":"https:\/\/novaluxeurope.com\/en\/wp-json\/wp\/v2\/product_cat?post=2504"},{"taxonomy":"product_tag","embeddable":true,"href":"https:\/\/novaluxeurope.com\/en\/wp-json\/wp\/v2\/product_tag?post=2504"}],"curies":[{"name":"wp","href":"https:\/\/api.w.org\/{rel}","templated":true}]}}