{"id":2501,"date":"2026-04-10T15:41:25","date_gmt":"2026-04-10T15:41:25","guid":{"rendered":"https:\/\/novaluxeurope.com\/producto\/lattafa-pride-nebras\/"},"modified":"2026-05-09T11:19:12","modified_gmt":"2026-05-09T11:19:12","slug":"lattafa-pride-nebras","status":"publish","type":"product","link":"https:\/\/novaluxeurope.com\/en\/product\/lattafa-pride-nebras\/","title":{"rendered":"Lattafa Pride Nebras"},"content":{"rendered":"<p>A los amantes de los perfumes, no hay nada que les guste m\u00e1s que la miniatura de su fragancia favorita, para poder llevarla siempre consigo. Por eso, el set de perfumes unisex Lattafa Pride Nebras garantiza una gran satisfacci\u00f3n tanto a tus seres queridos como a ti mismo. La fragancia en su versi\u00f3n completa destacar\u00e1 en tu tocador y la miniatura te acompa\u00f1ar\u00e1 en tus viajes.<\/p>\n<p><strong>Caracter\u00edsticas:<\/strong><\/p>\n<ul>\n<li>tanto para hombres como para mujeres<\/li>\n<\/ul>\n<p><strong>Contenido del lote:<\/strong><\/p>\n<ul>\n<li><a href=\"https:\/\/www.notino.es\/-\/pd\/LTF00398\" rel=\"noreferrer noopener\" target=\"_blank\">Lattafa Pride Nebras Eau de Parfum 100 ml<\/a><\/li>\n<li>Pride Nebras Eau de Parfum 20 ml<\/li>\n<li>desodorante con fragancia 200 ml<\/li>\n<\/ul>\n<h4>Pir\u00e1mide olfativa<\/h4>\n<ul>\n<li><strong>Notas de entrada:<\/strong> bayas rojas, mandarina<\/li>\n<li><strong>Notas de coraz\u00f3n:<\/strong> vainilla, fruto del cacao, rosa<\/li>\n<li><strong>Notas de salida:<\/strong> haba tonka, \u00e1mbar, almizcle, az\u00facar<\/li>\n<\/ul>","protected":false},"excerpt":{"rendered":"<p>A los amantes de los perfumes, no hay nada que les guste m\u00e1s que la miniatura de su fragancia favorita, para poder llevarla siempre consigo. Por eso, el set de perfumes unisex Lattafa Pride Nebras garantiza una gran satisfacci\u00f3n tanto a tus seres queridos como a ti mismo. La fragancia en su versi\u00f3n completa destacar\u00e1 [&hellip;]<\/p>\n","protected":false},"featured_media":2500,"comment_status":"open","ping_status":"closed","template":"","meta":[],"product_brand":[310],"product_cat":[225],"product_tag":[59,52,114,330,431,79,99,49,63],"class_list":{"0":"post-2501","1":"product","2":"type-product","3":"status-publish","4":"has-post-thumbnail","6":"product_brand-lattafa","7":"product_cat-perfumes-y-fragancias","8":"product_tag-almizcle","9":"product_tag-ambar","10":"product_tag-azucar","11":"product_tag-bayas-rojas","12":"product_tag-fruto-del-cacao","13":"product_tag-haba-tonka","14":"product_tag-mandarina","15":"product_tag-rosa","16":"product_tag-vainilla","18":"first","19":"instock","20":"taxable","21":"shipping-taxable","22":"product-type-simple"},"_links":{"self":[{"href":"https:\/\/novaluxeurope.com\/en\/wp-json\/wp\/v2\/product\/2501","targetHints":{"allow":["GET"]}}],"collection":[{"href":"https:\/\/novaluxeurope.com\/en\/wp-json\/wp\/v2\/product"}],"about":[{"href":"https:\/\/novaluxeurope.com\/en\/wp-json\/wp\/v2\/types\/product"}],"replies":[{"embeddable":true,"href":"https:\/\/novaluxeurope.com\/en\/wp-json\/wp\/v2\/comments?post=2501"}],"wp:featuredmedia":[{"embeddable":true,"href":"https:\/\/novaluxeurope.com\/en\/wp-json\/wp\/v2\/media\/2500"}],"wp:attachment":[{"href":"https:\/\/novaluxeurope.com\/en\/wp-json\/wp\/v2\/media?parent=2501"}],"wp:term":[{"taxonomy":"product_brand","embeddable":true,"href":"https:\/\/novaluxeurope.com\/en\/wp-json\/wp\/v2\/product_brand?post=2501"},{"taxonomy":"product_cat","embeddable":true,"href":"https:\/\/novaluxeurope.com\/en\/wp-json\/wp\/v2\/product_cat?post=2501"},{"taxonomy":"product_tag","embeddable":true,"href":"https:\/\/novaluxeurope.com\/en\/wp-json\/wp\/v2\/product_tag?post=2501"}],"curies":[{"name":"wp","href":"https:\/\/api.w.org\/{rel}","templated":true}]}}