{"id":2496,"date":"2026-04-10T15:41:24","date_gmt":"2026-04-10T15:41:24","guid":{"rendered":"https:\/\/novaluxeurope.com\/producto\/lattafa-pride-la-collection-antiquities-1910-bike-edp-u-100-ml\/"},"modified":"2026-05-06T12:01:20","modified_gmt":"2026-05-06T12:01:20","slug":"lattafa-pride-la-collection-antiquities-1910-bike-edp-u-100-ml","status":"publish","type":"product","link":"https:\/\/novaluxeurope.com\/en\/product\/lattafa-pride-la-collection-antiquities-1910-bike-edp-u-100-ml\/","title":{"rendered":"Lattafa Pride La Collection Antiquities 1910 (Bike)"},"content":{"rendered":"<p>Presentamos la encantadora La Collection D&#8217;antiquites 1910 de Lattafa , una cautivadora fragancia lanzada en 2023 que captura a la perfecci\u00f3n la esencia de la elegancia atemporal. Creada para quienes aprecian las cosas buenas de la vida, esta fragancia unisex le invita a deleitarse con su lujoso aroma. El coraz\u00f3n de esta exquisita fragancia es una armoniosa mezcla de notas florales, afrutadas y gourmand. Las notas de salida de rosa, manzana y davana crean una apertura acogedora y refrescante que cautiva al instante los sentidos. A medida que la fragancia se despliega, las notas de coraz\u00f3n de osmanthus y madera de cedro a\u00f1aden profundidad y calidez, envolvi\u00e9ndole en un suave abrazo amaderado. Las notas de fondo de haba tonka, vainilla y pachul\u00ed proporcionan un acabado rico y cremoso, dejando una impresi\u00f3n duradera que es a la vez reconfortante e hipnotizante. Esta sofisticada fragancia pertenece a la familia olfativa Floral Frutal Gourmand, lo que la convierte en una opci\u00f3n vers\u00e1til para cualquier ocasi\u00f3n. La Collection D&#8217;antiquites 1910, creada por Lattafa, una prestigiosa casa de dise\u00f1o conocida por su excepcional artesan\u00eda, se presenta en un frasco de 100 ml, perfecto para quienes aprecian los aromas refinados. Tanto si desea darse un capricho como si busca un regalo bien pensado, este vaporizador EDP le encantar\u00e1. Abrace el encanto de La Collection D&#8217;antiquites 1910 y experimente la alegr\u00eda de una fragancia que trasciende el tiempo. NOTAS DE PERFUME Notas de salida: Rosa, Manzana, Davana Notas medias: Osmanthus, Cedro Notas de Fondo: Haba tonka, Vainilla, Pachul\u00ed<\/p>\n<h4>Pir\u00e1mide olfativa<\/h4>\n<ul>\n<li><strong>Notas de entrada:<\/strong> Rosa, Manzana, Davana<\/li>\n<li><strong>Notas de coraz\u00f3n:<\/strong> Osmanthus, Madera de cedro<\/li>\n<li><strong>Notas de salida:<\/strong> Haba tonka, Vainilla, Pachul\u00ed<\/li>\n<\/ul>","protected":false},"excerpt":{"rendered":"<p>Presentamos la encantadora La Collection D&#8217;antiquites 1910 de Lattafa , una cautivadora fragancia lanzada en 2023 que captura a la perfecci\u00f3n la esencia de la elegancia atemporal. Creada para quienes aprecian las cosas buenas de la vida, esta fragancia unisex le invita a deleitarse con su lujoso aroma. El coraz\u00f3n de esta exquisita fragancia es [&hellip;]<\/p>\n","protected":false},"featured_media":2495,"comment_status":"open","ping_status":"closed","template":"","meta":[],"product_brand":[310],"product_cat":[225],"product_tag":[130,79,46,88,392,67,49,63],"class_list":{"0":"post-2496","1":"product","2":"type-product","3":"status-publish","4":"has-post-thumbnail","6":"product_brand-lattafa","7":"product_cat-perfumes-y-fragancias","8":"product_tag-davana","9":"product_tag-haba-tonka","10":"product_tag-madera-de-cedro","11":"product_tag-manzana","12":"product_tag-osmanthus","13":"product_tag-pachuli","14":"product_tag-rosa","15":"product_tag-vainilla","17":"first","18":"instock","19":"taxable","20":"shipping-taxable","21":"product-type-simple"},"_links":{"self":[{"href":"https:\/\/novaluxeurope.com\/en\/wp-json\/wp\/v2\/product\/2496","targetHints":{"allow":["GET"]}}],"collection":[{"href":"https:\/\/novaluxeurope.com\/en\/wp-json\/wp\/v2\/product"}],"about":[{"href":"https:\/\/novaluxeurope.com\/en\/wp-json\/wp\/v2\/types\/product"}],"replies":[{"embeddable":true,"href":"https:\/\/novaluxeurope.com\/en\/wp-json\/wp\/v2\/comments?post=2496"}],"wp:featuredmedia":[{"embeddable":true,"href":"https:\/\/novaluxeurope.com\/en\/wp-json\/wp\/v2\/media\/2495"}],"wp:attachment":[{"href":"https:\/\/novaluxeurope.com\/en\/wp-json\/wp\/v2\/media?parent=2496"}],"wp:term":[{"taxonomy":"product_brand","embeddable":true,"href":"https:\/\/novaluxeurope.com\/en\/wp-json\/wp\/v2\/product_brand?post=2496"},{"taxonomy":"product_cat","embeddable":true,"href":"https:\/\/novaluxeurope.com\/en\/wp-json\/wp\/v2\/product_cat?post=2496"},{"taxonomy":"product_tag","embeddable":true,"href":"https:\/\/novaluxeurope.com\/en\/wp-json\/wp\/v2\/product_tag?post=2496"}],"curies":[{"name":"wp","href":"https:\/\/api.w.org\/{rel}","templated":true}]}}