{"id":2491,"date":"2026-04-10T15:41:22","date_gmt":"2026-04-10T15:41:22","guid":{"rendered":"https:\/\/novaluxeurope.com\/producto\/lattafa-pride-la-collection-antiquities-1886-car-edp-u-100-ml\/"},"modified":"2026-04-24T13:31:50","modified_gmt":"2026-04-24T13:31:50","slug":"lattafa-pride-la-collection-antiquities-1886-car-edp-u-100-ml","status":"publish","type":"product","link":"https:\/\/novaluxeurope.com\/en\/product\/lattafa-pride-la-collection-antiquities-1886-car-edp-u-100-ml\/","title":{"rendered":"Lattafa Pride La Collection Antiquities 1886 (Car)"},"content":{"rendered":"<p>Descubra el encanto atemporal de La Collection D&#8217;antiquit\u00e9s 1886 de Lattafa, una cautivadora fragancia unisex que le transportar\u00e1 a trav\u00e9s de un viaje sensorial. Presentado en un frasco de 100 ml, este exquisito vaporizador EDP es una obra maestra de la renombrada casa de dise\u00f1o Lattafa, creada para evocar elegancia y sofisticaci\u00f3n. La Collection D&#8217;antiquit\u00e9s 1886 se abre con una vigorizante mezcla de bergamota y mate, que prepara el terreno para una experiencia inolvidable. A medida que la fragancia se despliega, las notas de coraz\u00f3n de corteza de canela y salvado se mezclan con los susurros florales del jazm\u00edn y el lirio, armoniosamente equilibrados por la riqueza de los granos de tonka. A medida que el aroma se profundiza, sus notas de fondo revelan un lujoso tapiz de vainilla, almizcle blanco y chocolate blanco , realzado por el car\u00e1cter audaz del tabaco blanco y la terrosidad del pachul\u00ed . Esta combinaci\u00f3n \u00fanica crea una impresi\u00f3n duradera, perfecta para cualquier ocasi\u00f3n. Dise\u00f1ada para quienes aprecian la elegancia refinada, La Collection D&#8217;antiquit\u00e9s 1886 es m\u00e1s que una fragancia: es una declaraci\u00f3n de intenciones. Tanto si se viste de gala para un evento especial como si simplemente disfruta de un d\u00eda de paseo informal, esta fragancia unisex a\u00f1ade un toque de sofisticaci\u00f3n a su presencia. Abrace el legado de la artesan\u00eda de Lattafa con esta extraordinaria fragancia, donde el encanto cl\u00e1sico se une al encanto moderno. Descubra la esencia de La Collection D&#8217;antiquit\u00e9s 1886 y deje que sus ricos aromas cuenten su historia. NOTAS DE PERFUME Notas de salida: Bergamota, Mate Notas medias: Canela, Salvado, Jazm\u00edn, Orris, Haba tonka Notas de Fondo: Vainilla, Almizcle blanco, Chocolate blanco, Tabaco blanco, Pachul\u00ed<\/p>\n<h4>Pir\u00e1mide olfativa<\/h4>\n<ul>\n<li><strong>Notas de entrada:<\/strong> Bergamota, Mate<\/li>\n<li><strong>Notas de coraz\u00f3n:<\/strong> Canela, Salvado, Jazm\u00edn, Orris, Haba tonka<\/li>\n<li><strong>Notas de salida:<\/strong> Vainilla, Almizcle blanco, Chocolate blanco, Tabaco blanco, Pachul\u00ed<\/li>\n<\/ul>","protected":false},"excerpt":{"rendered":"<p>Descubra el encanto atemporal de La Collection D&#8217;antiquit\u00e9s 1886 de Lattafa, una cautivadora fragancia unisex que le transportar\u00e1 a trav\u00e9s de un viaje sensorial. Presentado en un frasco de 100 ml, este exquisito vaporizador EDP es una obra maestra de la renombrada casa de dise\u00f1o Lattafa, creada para evocar elegancia y sofisticaci\u00f3n. La Collection D&#8217;antiquit\u00e9s [&hellip;]<\/p>\n","protected":false},"featured_media":2490,"comment_status":"open","ping_status":"closed","template":"","meta":[],"product_brand":[310],"product_cat":[225],"product_tag":[169,102,94,262,79,56,221,266,67,495,496,63],"class_list":{"0":"post-2491","1":"product","2":"type-product","3":"status-publish","4":"has-post-thumbnail","6":"product_brand-lattafa","7":"product_cat-perfumes-y-fragancias","8":"product_tag-almizcle-blanco","9":"product_tag-bergamota","10":"product_tag-canela","11":"product_tag-chocolate-blanco","12":"product_tag-haba-tonka","13":"product_tag-jazmin","14":"product_tag-mate","15":"product_tag-orris","16":"product_tag-pachuli","17":"product_tag-salvado","18":"product_tag-tabaco-blanco","19":"product_tag-vainilla","21":"first","22":"instock","23":"taxable","24":"shipping-taxable","25":"product-type-simple"},"_links":{"self":[{"href":"https:\/\/novaluxeurope.com\/en\/wp-json\/wp\/v2\/product\/2491","targetHints":{"allow":["GET"]}}],"collection":[{"href":"https:\/\/novaluxeurope.com\/en\/wp-json\/wp\/v2\/product"}],"about":[{"href":"https:\/\/novaluxeurope.com\/en\/wp-json\/wp\/v2\/types\/product"}],"replies":[{"embeddable":true,"href":"https:\/\/novaluxeurope.com\/en\/wp-json\/wp\/v2\/comments?post=2491"}],"wp:featuredmedia":[{"embeddable":true,"href":"https:\/\/novaluxeurope.com\/en\/wp-json\/wp\/v2\/media\/2490"}],"wp:attachment":[{"href":"https:\/\/novaluxeurope.com\/en\/wp-json\/wp\/v2\/media?parent=2491"}],"wp:term":[{"taxonomy":"product_brand","embeddable":true,"href":"https:\/\/novaluxeurope.com\/en\/wp-json\/wp\/v2\/product_brand?post=2491"},{"taxonomy":"product_cat","embeddable":true,"href":"https:\/\/novaluxeurope.com\/en\/wp-json\/wp\/v2\/product_cat?post=2491"},{"taxonomy":"product_tag","embeddable":true,"href":"https:\/\/novaluxeurope.com\/en\/wp-json\/wp\/v2\/product_tag?post=2491"}],"curies":[{"name":"wp","href":"https:\/\/api.w.org\/{rel}","templated":true}]}}