{"id":2484,"date":"2026-04-10T15:41:18","date_gmt":"2026-04-10T15:41:18","guid":{"rendered":"https:\/\/novaluxeurope.com\/producto\/lattafa-pride-embrace-edp-u-100-ml\/"},"modified":"2026-04-24T13:31:50","modified_gmt":"2026-04-24T13:31:50","slug":"lattafa-pride-embrace-edp-u-100-ml","status":"publish","type":"product","link":"https:\/\/novaluxeurope.com\/en\/product\/lattafa-pride-embrace-edp-u-100-ml\/","title":{"rendered":"Lattafa Pride Embrace"},"content":{"rendered":"<p>Presentamos Pride Embrace de Lattafa, una cautivadora fragancia unisex que encarna el rico encanto de Oriente Medio. Esta Eau de Parfum en spray de 100 ml es una mezcla perfecta de aromas, perfecta tanto para hombres como para mujeres , lo que la convierte en la elecci\u00f3n ideal para aquellos que desean dejar una impresi\u00f3n duradera. Pride Embrace pertenece a la familia olfativa Amaderada Arom\u00e1tica y ofrece un perfil olfativo distintivo que se abre con las vigorizantes notas de salida de bergamota, jengibre y armoise. Estas notas vivas y picantes despiertan los sentidos y le preparan para la complejidad m\u00e1s profunda de la fragancia. A medida que la fragancia se despliega, las notas de coraz\u00f3n de pachul\u00ed, b\u00e1lsamo de abeto e incienso proporcionan una profundidad terrosa y rica que es a la vez intrigante y reconfortante. Esta sofisticada mezcla a\u00f1ade una capa de misterio que la hace adecuada para cualquier ocasi\u00f3n. La fragancia se asienta finalmente en sus notas de fondo de \u00e1mbar gris, benju\u00ed y musgo de roble. Estas notas c\u00e1lidas y resinosas dejan un acabado duradero y cautivador que perdura en la piel, garantizando una presencia memorable all\u00e1 donde vaya. Elaborado por Lattafa, una renombrada casa de dise\u00f1o conocida por su maestr\u00eda en la perfumer\u00eda de Oriente Medio, Pride Embrace es una fragancia lujosa y encantadora que constituye un testimonio de su maestr\u00eda. Esta fragancia unisex es imprescindible para cualquiera que desee mejorar su colecci\u00f3n de perfumes. NOTAS DE PERFUME Notas de salida: Bergamota, Jengibre, Armoise Notas medias: Pachul\u00ed, B\u00e1lsamo de Abeto, Incienso Notas de Fondo: \u00c1mbar gris, benju\u00ed, musgo de roble<\/p>\n<h4>Pir\u00e1mide olfativa<\/h4>\n<ul>\n<li><strong>Notas de entrada:<\/strong> Bergamota, Jengibre, Armoise<\/li>\n<li><strong>Notas de coraz\u00f3n:<\/strong> Pachul\u00ed, B\u00e1lsamo de abeto, Incienso<\/li>\n<li><strong>Notas de salida:<\/strong> Ambergris, Benju\u00ed, Oakmoss<\/li>\n<\/ul>","protected":false},"excerpt":{"rendered":"<p>Presentamos Pride Embrace de Lattafa, una cautivadora fragancia unisex que encarna el rico encanto de Oriente Medio. Esta Eau de Parfum en spray de 100 ml es una mezcla perfecta de aromas, perfecta tanto para hombres como para mujeres , lo que la convierte en la elecci\u00f3n ideal para aquellos que desean dejar una impresi\u00f3n [&hellip;]<\/p>\n","protected":false},"featured_media":2483,"comment_status":"open","ping_status":"closed","template":"","meta":[],"product_brand":[310],"product_cat":[225],"product_tag":[234,494,363,126,102,127,180,124,67],"class_list":{"0":"post-2484","1":"product","2":"type-product","3":"status-publish","4":"has-post-thumbnail","6":"product_brand-lattafa","7":"product_cat-perfumes-y-fragancias","8":"product_tag-ambergris","9":"product_tag-armoise","10":"product_tag-balsamo-de-abeto","11":"product_tag-benjui","12":"product_tag-bergamota","13":"product_tag-incienso","14":"product_tag-jengibre","15":"product_tag-oakmoss","16":"product_tag-pachuli","18":"first","19":"instock","20":"taxable","21":"shipping-taxable","22":"product-type-simple"},"_links":{"self":[{"href":"https:\/\/novaluxeurope.com\/en\/wp-json\/wp\/v2\/product\/2484","targetHints":{"allow":["GET"]}}],"collection":[{"href":"https:\/\/novaluxeurope.com\/en\/wp-json\/wp\/v2\/product"}],"about":[{"href":"https:\/\/novaluxeurope.com\/en\/wp-json\/wp\/v2\/types\/product"}],"replies":[{"embeddable":true,"href":"https:\/\/novaluxeurope.com\/en\/wp-json\/wp\/v2\/comments?post=2484"}],"wp:featuredmedia":[{"embeddable":true,"href":"https:\/\/novaluxeurope.com\/en\/wp-json\/wp\/v2\/media\/2483"}],"wp:attachment":[{"href":"https:\/\/novaluxeurope.com\/en\/wp-json\/wp\/v2\/media?parent=2484"}],"wp:term":[{"taxonomy":"product_brand","embeddable":true,"href":"https:\/\/novaluxeurope.com\/en\/wp-json\/wp\/v2\/product_brand?post=2484"},{"taxonomy":"product_cat","embeddable":true,"href":"https:\/\/novaluxeurope.com\/en\/wp-json\/wp\/v2\/product_cat?post=2484"},{"taxonomy":"product_tag","embeddable":true,"href":"https:\/\/novaluxeurope.com\/en\/wp-json\/wp\/v2\/product_tag?post=2484"}],"curies":[{"name":"wp","href":"https:\/\/api.w.org\/{rel}","templated":true}]}}