{"id":2480,"date":"2026-04-10T15:41:16","date_gmt":"2026-04-10T15:41:16","guid":{"rendered":"https:\/\/novaluxeurope.com\/producto\/lattafa-oud-najdia\/"},"modified":"2026-04-24T13:31:50","modified_gmt":"2026-04-24T13:31:50","slug":"lattafa-oud-najdia","status":"publish","type":"product","link":"https:\/\/novaluxeurope.com\/en\/product\/lattafa-oud-najdia\/","title":{"rendered":"Lattafa Oud Najdia"},"content":{"rendered":"<p>Olv\u00eddate de las reglas, los l\u00edmites y los obst\u00e1culos. El eau de parfum unisex Lattafa Oud Najdia es perfecto para cualquier persona que no tenga miedo a destacar.<\/p>\n<ul>\n<li>fragancia foug\u00e8re<\/li>\n<li>fragancia arom\u00e1tica con notas herbales<\/li>\n<\/ul>\n<h4>Pir\u00e1mide olfativa<\/h4>\n<ul>\n<li><strong>Notas de entrada:<\/strong> c\u00edtricos, cedro<\/li>\n<li><strong>Notas de coraz\u00f3n:<\/strong> oud, cardamomo, romero, canela, lavanda<\/li>\n<li><strong>Notas de salida:<\/strong> pachuli, \u00e1mbar, almizcle<\/li>\n<\/ul>","protected":false},"excerpt":{"rendered":"<p>Olv\u00eddate de las reglas, los l\u00edmites y los obst\u00e1culos. El eau de parfum unisex Lattafa Oud Najdia es perfecto para cualquier persona que no tenga miedo a destacar. fragancia foug\u00e8re fragancia arom\u00e1tica con notas herbales Pir\u00e1mide olfativa Notas de entrada: c\u00edtricos, cedro Notas de coraz\u00f3n: oud, cardamomo, romero, canela, lavanda Notas de salida: pachuli, \u00e1mbar, [&hellip;]<\/p>\n","protected":false},"featured_media":2479,"comment_status":"open","ping_status":"closed","template":"","meta":[],"product_brand":[310],"product_cat":[225],"product_tag":[59,52,94,77,53,158,73,48,67,187],"class_list":{"0":"post-2480","1":"product","2":"type-product","3":"status-publish","4":"has-post-thumbnail","6":"product_brand-lattafa","7":"product_cat-perfumes-y-fragancias","8":"product_tag-almizcle","9":"product_tag-ambar","10":"product_tag-canela","11":"product_tag-cardamomo","12":"product_tag-cedro","13":"product_tag-citricos","14":"product_tag-lavanda","15":"product_tag-oud","16":"product_tag-pachuli","17":"product_tag-romero","19":"first","20":"outofstock","21":"taxable","22":"shipping-taxable","23":"product-type-simple"},"_links":{"self":[{"href":"https:\/\/novaluxeurope.com\/en\/wp-json\/wp\/v2\/product\/2480","targetHints":{"allow":["GET"]}}],"collection":[{"href":"https:\/\/novaluxeurope.com\/en\/wp-json\/wp\/v2\/product"}],"about":[{"href":"https:\/\/novaluxeurope.com\/en\/wp-json\/wp\/v2\/types\/product"}],"replies":[{"embeddable":true,"href":"https:\/\/novaluxeurope.com\/en\/wp-json\/wp\/v2\/comments?post=2480"}],"wp:featuredmedia":[{"embeddable":true,"href":"https:\/\/novaluxeurope.com\/en\/wp-json\/wp\/v2\/media\/2479"}],"wp:attachment":[{"href":"https:\/\/novaluxeurope.com\/en\/wp-json\/wp\/v2\/media?parent=2480"}],"wp:term":[{"taxonomy":"product_brand","embeddable":true,"href":"https:\/\/novaluxeurope.com\/en\/wp-json\/wp\/v2\/product_brand?post=2480"},{"taxonomy":"product_cat","embeddable":true,"href":"https:\/\/novaluxeurope.com\/en\/wp-json\/wp\/v2\/product_cat?post=2480"},{"taxonomy":"product_tag","embeddable":true,"href":"https:\/\/novaluxeurope.com\/en\/wp-json\/wp\/v2\/product_tag?post=2480"}],"curies":[{"name":"wp","href":"https:\/\/api.w.org\/{rel}","templated":true}]}}