{"id":2477,"date":"2026-04-10T15:41:14","date_gmt":"2026-04-10T15:41:14","guid":{"rendered":"https:\/\/novaluxeurope.com\/producto\/lattafa-oud-mood-reminiscence\/"},"modified":"2026-05-08T08:01:30","modified_gmt":"2026-05-08T08:01:30","slug":"lattafa-oud-mood-reminiscence","status":"publish","type":"product","link":"https:\/\/novaluxeurope.com\/en\/product\/lattafa-oud-mood-reminiscence\/","title":{"rendered":"Lattafa Oud Mood Reminiscence"},"content":{"rendered":"<p>El eau de parfum para hombre Lattafa Oud Mood Reminiscence te ayudar\u00e1 a descubrir la virilidad, la fuerza y el valor que se ocultan en tu interior. La fragancia rebosa masculinidad y acentuar\u00e1 perfectamente tu car\u00e1cter a cada paso.<\/p>\n<ul>\n<li>fragancia amaderada<\/li>\n<li>fragancia almizclada<\/li>\n<li>resalta el atractivo y la masculinidad natural<\/li>\n<\/ul>\n<h4>Pir\u00e1mide olfativa<\/h4>\n<ul>\n<li><strong>Notas de entrada:<\/strong> bergamota, manzana, pi\u00f1a<\/li>\n<li><strong>Notas de coraz\u00f3n:<\/strong> rosa, pachuli, abedul, jazm\u00edn<\/li>\n<li><strong>Notas de salida:<\/strong> musgo de roble, almizcle, \u00e1mbar, vainilla<\/li>\n<\/ul>","protected":false},"excerpt":{"rendered":"<p>El eau de parfum para hombre Lattafa Oud Mood Reminiscence te ayudar\u00e1 a descubrir la virilidad, la fuerza y el valor que se ocultan en tu interior. La fragancia rebosa masculinidad y acentuar\u00e1 perfectamente tu car\u00e1cter a cada paso. fragancia amaderada fragancia almizclada resalta el atractivo y la masculinidad natural Pir\u00e1mide olfativa Notas de entrada: [&hellip;]<\/p>\n","protected":false},"featured_media":2476,"comment_status":"open","ping_status":"closed","template":"","meta":[],"product_brand":[310],"product_cat":[225],"product_tag":[86,59,52,102,56,88,61,67,101,49,63],"class_list":{"0":"post-2477","1":"product","2":"type-product","3":"status-publish","4":"has-post-thumbnail","6":"product_brand-lattafa","7":"product_cat-perfumes-y-fragancias","8":"product_tag-abedul","9":"product_tag-almizcle","10":"product_tag-ambar","11":"product_tag-bergamota","12":"product_tag-jazmin","13":"product_tag-manzana","14":"product_tag-musgo-de-roble","15":"product_tag-pachuli","16":"product_tag-pina","17":"product_tag-rosa","18":"product_tag-vainilla","20":"first","21":"instock","22":"taxable","23":"shipping-taxable","24":"product-type-simple"},"_links":{"self":[{"href":"https:\/\/novaluxeurope.com\/en\/wp-json\/wp\/v2\/product\/2477","targetHints":{"allow":["GET"]}}],"collection":[{"href":"https:\/\/novaluxeurope.com\/en\/wp-json\/wp\/v2\/product"}],"about":[{"href":"https:\/\/novaluxeurope.com\/en\/wp-json\/wp\/v2\/types\/product"}],"replies":[{"embeddable":true,"href":"https:\/\/novaluxeurope.com\/en\/wp-json\/wp\/v2\/comments?post=2477"}],"wp:featuredmedia":[{"embeddable":true,"href":"https:\/\/novaluxeurope.com\/en\/wp-json\/wp\/v2\/media\/2476"}],"wp:attachment":[{"href":"https:\/\/novaluxeurope.com\/en\/wp-json\/wp\/v2\/media?parent=2477"}],"wp:term":[{"taxonomy":"product_brand","embeddable":true,"href":"https:\/\/novaluxeurope.com\/en\/wp-json\/wp\/v2\/product_brand?post=2477"},{"taxonomy":"product_cat","embeddable":true,"href":"https:\/\/novaluxeurope.com\/en\/wp-json\/wp\/v2\/product_cat?post=2477"},{"taxonomy":"product_tag","embeddable":true,"href":"https:\/\/novaluxeurope.com\/en\/wp-json\/wp\/v2\/product_tag?post=2477"}],"curies":[{"name":"wp","href":"https:\/\/api.w.org\/{rel}","templated":true}]}}