{"id":2474,"date":"2026-04-10T15:41:11","date_gmt":"2026-04-10T15:41:11","guid":{"rendered":"https:\/\/novaluxeurope.com\/producto\/lattafa-oud-mood-elixir\/"},"modified":"2026-05-08T17:50:36","modified_gmt":"2026-05-08T17:50:36","slug":"lattafa-oud-mood-elixir","status":"publish","type":"product","link":"https:\/\/novaluxeurope.com\/en\/product\/lattafa-oud-mood-elixir\/","title":{"rendered":"Lattafa Oud Mood Elixir"},"content":{"rendered":"<p>Descubre una fragancia absolutamente excepcional que, al mismo tiempo, resalta a la perfecci\u00f3n la personalidad de quien la lleva. El eau de parfum unisex Lattafa Oud Mood Elixir es la fragancia ideal para destacar tu originalidad.<\/p>\n<ul>\n<li>fragancia especiada<\/li>\n<li>fragancia de cuero<\/li>\n<li>fragancia foug\u00e8re<\/li>\n<\/ul>\n<h4>Pir\u00e1mide olfativa<\/h4>\n<ul>\n<li><strong>Notas de entrada:<\/strong> azafr\u00e1n, canela, nuez moscada<\/li>\n<li><strong>Notas de coraz\u00f3n:<\/strong> madera de s\u00e1ndalo, gamuza, madera de agar<\/li>\n<li><strong>Notas de salida:<\/strong> \u00e1mbar, vainilla<\/li>\n<\/ul>","protected":false},"excerpt":{"rendered":"<p>Descubre una fragancia absolutamente excepcional que, al mismo tiempo, resalta a la perfecci\u00f3n la personalidad de quien la lleva. El eau de parfum unisex Lattafa Oud Mood Elixir es la fragancia ideal para destacar tu originalidad. fragancia especiada fragancia de cuero fragancia foug\u00e8re Pir\u00e1mide olfativa Notas de entrada: azafr\u00e1n, canela, nuez moscada Notas de coraz\u00f3n: [&hellip;]<\/p>\n","protected":false},"featured_media":2473,"comment_status":"open","ping_status":"closed","template":"","meta":[],"product_brand":[310],"product_cat":[225],"product_tag":[52,87,94,78,68,47,95,63],"class_list":{"0":"post-2474","1":"product","2":"type-product","3":"status-publish","4":"has-post-thumbnail","6":"product_brand-lattafa","7":"product_cat-perfumes-y-fragancias","8":"product_tag-ambar","9":"product_tag-azafran","10":"product_tag-canela","11":"product_tag-gamuza","12":"product_tag-madera-de-agar","13":"product_tag-madera-de-sandalo","14":"product_tag-nuez-moscada","15":"product_tag-vainilla","17":"first","18":"instock","19":"taxable","20":"shipping-taxable","21":"product-type-simple"},"_links":{"self":[{"href":"https:\/\/novaluxeurope.com\/en\/wp-json\/wp\/v2\/product\/2474","targetHints":{"allow":["GET"]}}],"collection":[{"href":"https:\/\/novaluxeurope.com\/en\/wp-json\/wp\/v2\/product"}],"about":[{"href":"https:\/\/novaluxeurope.com\/en\/wp-json\/wp\/v2\/types\/product"}],"replies":[{"embeddable":true,"href":"https:\/\/novaluxeurope.com\/en\/wp-json\/wp\/v2\/comments?post=2474"}],"wp:featuredmedia":[{"embeddable":true,"href":"https:\/\/novaluxeurope.com\/en\/wp-json\/wp\/v2\/media\/2473"}],"wp:attachment":[{"href":"https:\/\/novaluxeurope.com\/en\/wp-json\/wp\/v2\/media?parent=2474"}],"wp:term":[{"taxonomy":"product_brand","embeddable":true,"href":"https:\/\/novaluxeurope.com\/en\/wp-json\/wp\/v2\/product_brand?post=2474"},{"taxonomy":"product_cat","embeddable":true,"href":"https:\/\/novaluxeurope.com\/en\/wp-json\/wp\/v2\/product_cat?post=2474"},{"taxonomy":"product_tag","embeddable":true,"href":"https:\/\/novaluxeurope.com\/en\/wp-json\/wp\/v2\/product_tag?post=2474"}],"curies":[{"name":"wp","href":"https:\/\/api.w.org\/{rel}","templated":true}]}}