{"id":2472,"date":"2026-04-10T15:41:09","date_gmt":"2026-04-10T15:41:09","guid":{"rendered":"https:\/\/novaluxeurope.com\/producto\/lattafa-oud-mood-2\/"},"modified":"2026-04-24T13:14:00","modified_gmt":"2026-04-24T13:14:00","slug":"lattafa-oud-mood-2","status":"publish","type":"product","link":"https:\/\/novaluxeurope.com\/en\/product\/lattafa-oud-mood-2\/","title":{"rendered":"Lattafa Oud Mood"},"content":{"rendered":"<p>\u00bfTe gustar\u00eda emprender un viaje al mundo oriental? Este eau de parfum unisex te transportar\u00e1 a un bosque oriental con sus acordes c\u00e1lidos, amaderados y especiados, acompa\u00f1ados de un agradable dulzor. Te ofrece una combinaci\u00f3n perfecta de elegancia oriental y encanto moderno, creada para hombres y mujeres que aprecian la profundidad y la complejidad.<\/p>\n<ul>\n<li>composici\u00f3n arom\u00e1tica de oud con intensas notas de \u00e1mbar<\/li>\n<li>ideal para cualquier ocasi\u00f3n<\/li>\n<li>tanto para hombre como para mujer<\/li>\n<\/ul>\n<p><strong>Composici\u00f3n de la fragancia:<\/strong><br \/>La fragancia se abre con una sensual combinaci\u00f3n de rosa, azafr\u00e1n y pimiento rojo, causando una primera impresi\u00f3n fascinante llena de misterio y atractivo dulzor. A continuaci\u00f3n se despliegan la exclusiva madera de agar, el suave caramelo, los acordes florales y el terroso pachuli. Las notas de fondo de la fragancia se componen de resina, notas amaderadas, \u00e1mbar, incienso y almizcle, que te calentar\u00e1n hasta bien entrada la noche.<\/p>\n<p><strong>Historia de la fragancia:<\/strong><br \/>El eau de parfum Lattafa Oud Mood no es solo una fragancia: es una experiencia que te absorber\u00e1 y no te soltar\u00e1. Es un aroma que se convertir\u00e1 en parte de tu identidad y te acompa\u00f1ar\u00e1 en cada paso del camino. Tanto si buscas una fragancia para ocasiones especiales como para el d\u00eda a d\u00eda, Oud Mood aportar\u00e1 a tu estilo un misterio y una profundidad que no pasar\u00e1n desapercibidos.<\/p>\n<h4>Pir\u00e1mide olfativa<\/h4>\n<ul>\n<li><strong>Notas de entrada:<\/strong> rosa, azafr\u00e1n, aceite de granos de pimienta<\/li>\n<li><strong>Notas de coraz\u00f3n:<\/strong> madera de agar, caramelo, notas florales, pachuli<\/li>\n<li><strong>Notas de salida:<\/strong> resina, notas amaderadas, \u00e1mbar, incenso, almizcle<\/li>\n<\/ul>","protected":false},"excerpt":{"rendered":"<p>\u00bfTe gustar\u00eda emprender un viaje al mundo oriental? Este eau de parfum unisex te transportar\u00e1 a un bosque oriental con sus acordes c\u00e1lidos, amaderados y especiados, acompa\u00f1ados de un agradable dulzor. Te ofrece una combinaci\u00f3n perfecta de elegancia oriental y encanto moderno, creada para hombres y mujeres que aprecian la profundidad y la complejidad. composici\u00f3n [&hellip;]<\/p>\n","protected":false},"featured_media":2469,"comment_status":"open","ping_status":"closed","template":"","meta":[],"product_brand":[310],"product_cat":[225],"product_tag":[493,59,52,87,60,185,68,179,333,67,488,49],"class_list":{"0":"post-2472","1":"product","2":"type-product","3":"status-publish","4":"has-post-thumbnail","6":"product_brand-lattafa","7":"product_cat-perfumes-y-fragancias","8":"product_tag-aceite-de-granos-de-pimienta","9":"product_tag-almizcle","10":"product_tag-ambar","11":"product_tag-azafran","12":"product_tag-caramelo","13":"product_tag-incenso","14":"product_tag-madera-de-agar","15":"product_tag-notas-amaderadas","16":"product_tag-notas-florales","17":"product_tag-pachuli","18":"product_tag-resina","19":"product_tag-rosa","21":"first","22":"outofstock","23":"taxable","24":"shipping-taxable","25":"product-type-simple"},"_links":{"self":[{"href":"https:\/\/novaluxeurope.com\/en\/wp-json\/wp\/v2\/product\/2472","targetHints":{"allow":["GET"]}}],"collection":[{"href":"https:\/\/novaluxeurope.com\/en\/wp-json\/wp\/v2\/product"}],"about":[{"href":"https:\/\/novaluxeurope.com\/en\/wp-json\/wp\/v2\/types\/product"}],"replies":[{"embeddable":true,"href":"https:\/\/novaluxeurope.com\/en\/wp-json\/wp\/v2\/comments?post=2472"}],"wp:featuredmedia":[{"embeddable":true,"href":"https:\/\/novaluxeurope.com\/en\/wp-json\/wp\/v2\/media\/2469"}],"wp:attachment":[{"href":"https:\/\/novaluxeurope.com\/en\/wp-json\/wp\/v2\/media?parent=2472"}],"wp:term":[{"taxonomy":"product_brand","embeddable":true,"href":"https:\/\/novaluxeurope.com\/en\/wp-json\/wp\/v2\/product_brand?post=2472"},{"taxonomy":"product_cat","embeddable":true,"href":"https:\/\/novaluxeurope.com\/en\/wp-json\/wp\/v2\/product_cat?post=2472"},{"taxonomy":"product_tag","embeddable":true,"href":"https:\/\/novaluxeurope.com\/en\/wp-json\/wp\/v2\/product_tag?post=2472"}],"curies":[{"name":"wp","href":"https:\/\/api.w.org\/{rel}","templated":true}]}}