{"id":2467,"date":"2026-04-10T15:41:05","date_gmt":"2026-04-10T15:41:05","guid":{"rendered":"https:\/\/novaluxeurope.com\/producto\/lattafa-oud-lail-maleki\/"},"modified":"2026-04-24T13:31:50","modified_gmt":"2026-04-24T13:31:50","slug":"lattafa-oud-lail-maleki","status":"publish","type":"product","link":"https:\/\/novaluxeurope.com\/en\/product\/lattafa-oud-lail-maleki\/","title":{"rendered":"Lattafa Oud Lail Maleki"},"content":{"rendered":"<p dir=\"ltr\"><strong>Elegancia bajo un velo oriental<\/strong><\/p>\n<p dir=\"ltr\">\u00bfBuscas una fragancia que a\u00fane sensualidad y sofisticaci\u00f3n? El eau de parfum Lattafa Oud Lail Maleki cautivar\u00e1 a todo aquel que desee una fragancia intensa e inolvidable. Su car\u00e1cter unisex la convierte en una opci\u00f3n perfecta para los hombres y mujeres que se atreven a expresar su singularidad. La combinaci\u00f3n de notas especiadas, frutales y bals\u00e1micas ofrece una experiencia perfectamente equilibrada que es ideal para cualquier momento: desde el d\u00eda a d\u00eda hasta las ocasiones especiales.<\/p>\n<ul>\n<li value=\"1\">fragancia especiada con un toque oriental<\/li>\n<li value=\"2\">para disfrutar de una sensaci\u00f3n excepcional a diario<\/li>\n<li value=\"3\">realza la confianza en uno mismo y la singularidad<\/li>\n<\/ul>\n<p dir=\"ltr\"><strong>Composici\u00f3n de la fragancia:<\/strong><br \/>La fragancia se despliega como una historia oriental. En las notas de salida te conquistar\u00e1n la fresca y especiada pimienta rosa, las frutas jugosas y el ligero dulzor de la ciruela. Las notas de coraz\u00f3n de la fragancia te sorprender\u00e1n con su armon\u00eda floral de jazm\u00edn, delicado lirio de los valles y elegante clavel, que se complementan con tiernas notas empolvadas. El cierre ofrece profundos acordes de vainilla bals\u00e1mica, sedosa madera de s\u00e1ndalo y sensual cuero, que se unen al aroma del l\u00e1dano y el almizcle dejando una huella inolvidable.<\/p>\n<p dir=\"ltr\"><strong>Historia de la fragancia:<\/strong><br \/>Lattafa Oud Lail Maleki se inspira en la pasi\u00f3n por el mundo de la perfumer\u00eda \u00e1rabe y sus secretos. El frasco, adornado con detalles dorados y la silueta de un caballo, refleja la elegancia y el car\u00e1cter indomable de la propia fragancia. Su dise\u00f1o rinde homenaje a la uni\u00f3n de la tradici\u00f3n con un enfoque moderno, lo que convierte a esta fragancia en un regalo ideal y en una preciada adici\u00f3n para cualquier colecci\u00f3n de perfumes.<\/p>\n<h4>Pir\u00e1mide olfativa<\/h4>\n<ul>\n<li><strong>Notas de entrada:<\/strong> pimienta rosada, ozono, ciruela, azafr\u00e1n<\/li>\n<li><strong>Notas de coraz\u00f3n:<\/strong> clavel, fresia, geranio, jazm\u00edn, lirio de los valles, ra\u00edz de iris<\/li>\n<li><strong>Notas de salida:<\/strong> tonalidades bals\u00e1micas, cuero, l\u00e1dano, almizcle, madera de s\u00e1ndalo, vainilla<\/li>\n<\/ul>","protected":false},"excerpt":{"rendered":"<p>Elegancia bajo un velo oriental \u00bfBuscas una fragancia que a\u00fane sensualidad y sofisticaci\u00f3n? El eau de parfum Lattafa Oud Lail Maleki cautivar\u00e1 a todo aquel que desee una fragancia intensa e inolvidable. Su car\u00e1cter unisex la convierte en una opci\u00f3n perfecta para los hombres y mujeres que se atreven a expresar su singularidad. La combinaci\u00f3n [&hellip;]<\/p>\n","protected":false},"featured_media":2466,"comment_status":"open","ping_status":"closed","template":"","meta":[],"product_brand":[310],"product_cat":[225],"product_tag":[59,87,198,404,69,364,131,56,70,85,47,491,181,405,492,63],"class_list":{"0":"post-2467","1":"product","2":"type-product","3":"status-publish","4":"has-post-thumbnail","6":"product_brand-lattafa","7":"product_cat-perfumes-y-fragancias","8":"product_tag-almizcle","9":"product_tag-azafran","10":"product_tag-ciruela","11":"product_tag-clavel","12":"product_tag-cuero","13":"product_tag-fresia","14":"product_tag-geranio","15":"product_tag-jazmin","16":"product_tag-ladano","17":"product_tag-lirio-de-los-valles","18":"product_tag-madera-de-sandalo","19":"product_tag-ozono","20":"product_tag-pimienta-rosada","21":"product_tag-raiz-de-iris","22":"product_tag-tonalidades-balsamicas","23":"product_tag-vainilla","25":"first","26":"outofstock","27":"taxable","28":"shipping-taxable","29":"product-type-simple"},"_links":{"self":[{"href":"https:\/\/novaluxeurope.com\/en\/wp-json\/wp\/v2\/product\/2467","targetHints":{"allow":["GET"]}}],"collection":[{"href":"https:\/\/novaluxeurope.com\/en\/wp-json\/wp\/v2\/product"}],"about":[{"href":"https:\/\/novaluxeurope.com\/en\/wp-json\/wp\/v2\/types\/product"}],"replies":[{"embeddable":true,"href":"https:\/\/novaluxeurope.com\/en\/wp-json\/wp\/v2\/comments?post=2467"}],"wp:featuredmedia":[{"embeddable":true,"href":"https:\/\/novaluxeurope.com\/en\/wp-json\/wp\/v2\/media\/2466"}],"wp:attachment":[{"href":"https:\/\/novaluxeurope.com\/en\/wp-json\/wp\/v2\/media?parent=2467"}],"wp:term":[{"taxonomy":"product_brand","embeddable":true,"href":"https:\/\/novaluxeurope.com\/en\/wp-json\/wp\/v2\/product_brand?post=2467"},{"taxonomy":"product_cat","embeddable":true,"href":"https:\/\/novaluxeurope.com\/en\/wp-json\/wp\/v2\/product_cat?post=2467"},{"taxonomy":"product_tag","embeddable":true,"href":"https:\/\/novaluxeurope.com\/en\/wp-json\/wp\/v2\/product_tag?post=2467"}],"curies":[{"name":"wp","href":"https:\/\/api.w.org\/{rel}","templated":true}]}}