{"id":2460,"date":"2026-04-10T15:41:02","date_gmt":"2026-04-10T15:41:02","guid":{"rendered":"https:\/\/novaluxeurope.com\/producto\/lattafa-opulent-red-edp-u-100-ml\/"},"modified":"2026-04-24T13:31:50","modified_gmt":"2026-04-24T13:31:50","slug":"lattafa-opulent-red-edp-u-100-ml","status":"publish","type":"product","link":"https:\/\/novaluxeurope.com\/en\/product\/lattafa-opulent-red-edp-u-100-ml\/","title":{"rendered":"Lattafa Opulent Red"},"content":{"rendered":"<p>Sum\u00e9rjase en el aura contempor\u00e1nea de Opulent Red de Lattafa. Esta robusta fragancia unisex, lanzada en 2022, es una cautivadora mezcla de elementos ex\u00f3ticos y familiares, magistralmente elaborada para hombres y mujeres sofisticados. Opulent Red se abre con una vigorizante explosi\u00f3n de naranja sanguina, pimienta rosa, pera y cardamomo. Estas notas de salida crean un comienzo electrizante que evoluciona r\u00e1pidamente hacia el coraz\u00f3n de la fragancia. Aqu\u00ed, la elegancia floral del jazm\u00edn y el nardo se entrelaza con las notas amaderadas del palo de rosa brasile\u00f1o. La embriagadora calidez del co\u00f1ac y el dulce aroma almendrado del heliotropo a\u00f1aden profundidad y complejidad. A medida que la fragancia se despliega, emergen las notas de fondo de madera de agar (oud), vainilla, \u00e1mbar, pachul\u00ed, s\u00e1ndalo, cashmeran y haba tonka. Estas notas ricas y sensuales proporcionan un acabado de larga duraci\u00f3n, asegurando que la fragancia perdure en la piel, dejando una impresi\u00f3n inolvidable. Opulent Red es un perfume que irradia confianza y carisma. Tanto si lo lleva para un evento formal como para una salida informal, esta fragancia atraer\u00e1 todas las miradas. Su tama\u00f1o de 100 ml la hace ideal para quienes desean una fragancia de autor que puedan llevar a diario. Al tratarse de un vaporizador EDP, Opulent Red ofrece una mayor concentraci\u00f3n de aroma, por lo que es m\u00e1s potente y duradero que otros tipos de fragancias. NOTAS DE PERFUME Notas de salida: Naranja sanguina, Pimienta rosa, Pera, Cardamomo Notas medias: Jazm\u00edn, Tuberosa, Palo de rosa brasile\u00f1o, Co\u00f1ac, Heliotropo Notas de fondo: Madera de agar (oud), vainilla, \u00e1mbar, haba tonka, pachul\u00ed, s\u00e1ndalo, cachemira<\/p>\n<h4>Pir\u00e1mide olfativa<\/h4>\n<ul>\n<li><strong>Notas de entrada:<\/strong> Naranja sanguina, Pimienta rosa, Pera, Cardamomo<\/li>\n<li><strong>Notas de coraz\u00f3n:<\/strong> Jazm\u00edn, Tuberosa, Palisandro de Brasil, Co\u00f1ac, Heliotropo<\/li>\n<li><strong>Notas de salida:<\/strong> Madera de agar (oud), Vainilla, \u00c1mbar, Haba Tonka, Pachul\u00ed, S\u00e1ndalo, Cashmeran<\/li>\n<\/ul>","protected":false},"excerpt":{"rendered":"<p>Sum\u00e9rjase en el aura contempor\u00e1nea de Opulent Red de Lattafa. Esta robusta fragancia unisex, lanzada en 2022, es una cautivadora mezcla de elementos ex\u00f3ticos y familiares, magistralmente elaborada para hombres y mujeres sofisticados. Opulent Red se abre con una vigorizante explosi\u00f3n de naranja sanguina, pimienta rosa, pera y cardamomo. Estas notas de salida crean un [&hellip;]<\/p>\n","protected":false},"featured_media":2459,"comment_status":"open","ping_status":"closed","template":"","meta":[],"product_brand":[310],"product_cat":[225],"product_tag":[52,77,121,209,79,217,56,416,412,67,490,112,141,174,203,63],"class_list":{"0":"post-2460","1":"product","2":"type-product","3":"status-publish","4":"has-post-thumbnail","6":"product_brand-lattafa","7":"product_cat-perfumes-y-fragancias","8":"product_tag-ambar","9":"product_tag-cardamomo","10":"product_tag-cashmeran","11":"product_tag-conac","12":"product_tag-haba-tonka","13":"product_tag-heliotropo","14":"product_tag-jazmin","15":"product_tag-madera-de-agar-oud","16":"product_tag-naranja-sanguina","17":"product_tag-pachuli","18":"product_tag-palisandro-de-brasil","19":"product_tag-pera","20":"product_tag-pimienta-rosa","21":"product_tag-sandalo","22":"product_tag-tuberosa","23":"product_tag-vainilla","25":"first","26":"outofstock","27":"taxable","28":"shipping-taxable","29":"product-type-simple"},"_links":{"self":[{"href":"https:\/\/novaluxeurope.com\/en\/wp-json\/wp\/v2\/product\/2460","targetHints":{"allow":["GET"]}}],"collection":[{"href":"https:\/\/novaluxeurope.com\/en\/wp-json\/wp\/v2\/product"}],"about":[{"href":"https:\/\/novaluxeurope.com\/en\/wp-json\/wp\/v2\/types\/product"}],"replies":[{"embeddable":true,"href":"https:\/\/novaluxeurope.com\/en\/wp-json\/wp\/v2\/comments?post=2460"}],"wp:featuredmedia":[{"embeddable":true,"href":"https:\/\/novaluxeurope.com\/en\/wp-json\/wp\/v2\/media\/2459"}],"wp:attachment":[{"href":"https:\/\/novaluxeurope.com\/en\/wp-json\/wp\/v2\/media?parent=2460"}],"wp:term":[{"taxonomy":"product_brand","embeddable":true,"href":"https:\/\/novaluxeurope.com\/en\/wp-json\/wp\/v2\/product_brand?post=2460"},{"taxonomy":"product_cat","embeddable":true,"href":"https:\/\/novaluxeurope.com\/en\/wp-json\/wp\/v2\/product_cat?post=2460"},{"taxonomy":"product_tag","embeddable":true,"href":"https:\/\/novaluxeurope.com\/en\/wp-json\/wp\/v2\/product_tag?post=2460"}],"curies":[{"name":"wp","href":"https:\/\/api.w.org\/{rel}","templated":true}]}}