{"id":2457,"date":"2026-04-10T15:41:01","date_gmt":"2026-04-10T15:41:01","guid":{"rendered":"https:\/\/novaluxeurope.com\/producto\/lattafa-opulent-oud\/"},"modified":"2026-05-09T11:19:12","modified_gmt":"2026-05-09T11:19:12","slug":"lattafa-opulent-oud","status":"publish","type":"product","link":"https:\/\/novaluxeurope.com\/en\/product\/lattafa-opulent-oud\/","title":{"rendered":"Lattafa Opulent Oud"},"content":{"rendered":"<p>Una fragancia opulenta que despierta la pasi\u00f3n: as\u00ed es el eau de parfum unisex Lattafa Opulent Oud. Esta fragancia combina notas dulces y orientales que evocan el lujo y la sensualidad. El embriagador aroma de la madera de oud le aporta un atractivo irresistible que no dejar\u00e1 indiferente a nadie.<\/p>\n<ul>\n<li>composici\u00f3n arom\u00e1tica de \u00e1mbar y madera<\/li>\n<li>ideal para usar de noche y en los meses fr\u00edos<\/li>\n<li>fragancia adecuada tanto para hombre como para mujer<\/li>\n<\/ul>\n<p><strong>Composici\u00f3n de la fragancia:<\/strong><br \/>Lo primero que notar\u00e1s es una r\u00e1faga de deliciosa canela y especiado azafr\u00e1n que te cautivar\u00e1 de inmediato. A continuaci\u00f3n te envolver\u00e1 en su misterioso manto el encantador aroma de la rosa y la opulenta madera de oud. La sensual fragancia de cedro, madera de agar y exclusivo \u00e1mbar gris te dejar\u00e1 una sensaci\u00f3n c\u00e1lida y reconfortante al final.<\/p>\n<p><strong>Historia de la fragancia:<\/strong><br \/>La marca Lattafa ofrece fragancias estimulantes que deleitar\u00e1n tanto a los amantes de los perfumes como a aquellos que buscan el lujo aut\u00e9ntico. El eau de parfum Opulent Oud es otra joya de su colecci\u00f3n que presenta una simbiosis perfecta entre la riqueza oriental y el mundo occidental.<\/p>\n<h4>Pir\u00e1mide olfativa<\/h4>\n<ul>\n<li><strong>Notas de entrada:<\/strong> azafr\u00e1n, notas florales, c\u00edtricos<\/li>\n<li><strong>Notas de coraz\u00f3n:<\/strong> \u00e1mbar, caramelo, madera de agar<\/li>\n<li><strong>Notas de salida:<\/strong> resina, notas amaderadas, vainilla, pachuli, almizcle<\/li>\n<\/ul>","protected":false},"excerpt":{"rendered":"<p>Una fragancia opulenta que despierta la pasi\u00f3n: as\u00ed es el eau de parfum unisex Lattafa Opulent Oud. Esta fragancia combina notas dulces y orientales que evocan el lujo y la sensualidad. El embriagador aroma de la madera de oud le aporta un atractivo irresistible que no dejar\u00e1 indiferente a nadie. composici\u00f3n arom\u00e1tica de \u00e1mbar y [&hellip;]<\/p>\n","protected":false},"featured_media":2456,"comment_status":"open","ping_status":"closed","template":"","meta":[],"product_brand":[310],"product_cat":[225],"product_tag":[59,52,87,60,158,68,179,333,67,488,63],"class_list":{"0":"post-2457","1":"product","2":"type-product","3":"status-publish","4":"has-post-thumbnail","6":"product_brand-lattafa","7":"product_cat-perfumes-y-fragancias","8":"product_tag-almizcle","9":"product_tag-ambar","10":"product_tag-azafran","11":"product_tag-caramelo","12":"product_tag-citricos","13":"product_tag-madera-de-agar","14":"product_tag-notas-amaderadas","15":"product_tag-notas-florales","16":"product_tag-pachuli","17":"product_tag-resina","18":"product_tag-vainilla","20":"first","21":"instock","22":"taxable","23":"shipping-taxable","24":"product-type-simple"},"_links":{"self":[{"href":"https:\/\/novaluxeurope.com\/en\/wp-json\/wp\/v2\/product\/2457","targetHints":{"allow":["GET"]}}],"collection":[{"href":"https:\/\/novaluxeurope.com\/en\/wp-json\/wp\/v2\/product"}],"about":[{"href":"https:\/\/novaluxeurope.com\/en\/wp-json\/wp\/v2\/types\/product"}],"replies":[{"embeddable":true,"href":"https:\/\/novaluxeurope.com\/en\/wp-json\/wp\/v2\/comments?post=2457"}],"wp:featuredmedia":[{"embeddable":true,"href":"https:\/\/novaluxeurope.com\/en\/wp-json\/wp\/v2\/media\/2456"}],"wp:attachment":[{"href":"https:\/\/novaluxeurope.com\/en\/wp-json\/wp\/v2\/media?parent=2457"}],"wp:term":[{"taxonomy":"product_brand","embeddable":true,"href":"https:\/\/novaluxeurope.com\/en\/wp-json\/wp\/v2\/product_brand?post=2457"},{"taxonomy":"product_cat","embeddable":true,"href":"https:\/\/novaluxeurope.com\/en\/wp-json\/wp\/v2\/product_cat?post=2457"},{"taxonomy":"product_tag","embeddable":true,"href":"https:\/\/novaluxeurope.com\/en\/wp-json\/wp\/v2\/product_tag?post=2457"}],"curies":[{"name":"wp","href":"https:\/\/api.w.org\/{rel}","templated":true}]}}