{"id":2454,"date":"2026-04-10T15:40:58","date_gmt":"2026-04-10T15:40:58","guid":{"rendered":"https:\/\/novaluxeurope.com\/producto\/lattafa-opulent-musk\/"},"modified":"2026-05-09T11:19:12","modified_gmt":"2026-05-09T11:19:12","slug":"lattafa-opulent-musk","status":"publish","type":"product","link":"https:\/\/novaluxeurope.com\/en\/product\/lattafa-opulent-musk\/","title":{"rendered":"Lattafa Opulent Musk"},"content":{"rendered":"<p dir=\"ltr\"><strong>Opulencia oriental<\/strong><\/p>\n<p dir=\"ltr\">El eau de parfum Lattafa Opulent Musk es encarnaci\u00f3n de la opulencia oriental: profunda, dulce, seductora y aterciopelada. Esta fragancia te seduce desde el primer instante y te conduce por un viaje sensorial alternando las notas soleadas con un matiz gourmet y una intensa esencia almizclada.<\/p>\n<ul>\n<li value=\"1\">fragancia oriental intensa con notas de fondo almizcladas<\/li>\n<li value=\"2\">ideal para llevar de noche y en los meses m\u00e1s fr\u00edos<\/li>\n<li value=\"3\">unisex<\/li>\n<\/ul>\n<p dir=\"ltr\"><strong>Composici\u00f3n de la fragancia:<\/strong><br \/>La fragancia se abre con el precioso azafr\u00e1n y la frescura c\u00edtrica de la naranja. A continuaci\u00f3n, la fragancia se enriquece con el c\u00e1lido aroma del \u00e1mbar seco y matices gourmet. Las notas de fondo combinan musgo de roble, acordes amaderados y almizcle, creando una sinfon\u00eda de aromas que deja una estela adictiva sobre la piel.<\/p>\n<p dir=\"ltr\"><strong>Historia de la fragancia:<\/strong><br \/>El frasco del eau de parfum Opulent Musk es tan impactante como su esencia: blanco n\u00edveo, con un tap\u00f3n dorado prominente y detalles cuidadosamente elaborados. Desde el primer momento irradia elegancia y riqueza, tal como la composici\u00f3n arom\u00e1tica que contiene.<\/p>\n<h4>Pir\u00e1mide olfativa<\/h4>\n<ul>\n<li><strong>Notas de entrada:<\/strong> almizcle blanco, azafr\u00e1n, lim\u00f3n<\/li>\n<li><strong>Notas de coraz\u00f3n:<\/strong> jazm\u00edn, flores blancas<\/li>\n<li><strong>Notas de salida:<\/strong> almizcle blanco, cedro, \u00e1mbar, resina, resina de abeto<\/li>\n<\/ul>","protected":false},"excerpt":{"rendered":"<p>Opulencia oriental El eau de parfum Lattafa Opulent Musk es encarnaci\u00f3n de la opulencia oriental: profunda, dulce, seductora y aterciopelada. Esta fragancia te seduce desde el primer instante y te conduce por un viaje sensorial alternando las notas soleadas con un matiz gourmet y una intensa esencia almizclada. fragancia oriental intensa con notas de fondo [&hellip;]<\/p>\n","protected":false},"featured_media":2453,"comment_status":"open","ping_status":"closed","template":"","meta":[],"product_brand":[310],"product_cat":[225],"product_tag":[169,52,87,53,110,56,140,488,489],"class_list":{"0":"post-2454","1":"product","2":"type-product","3":"status-publish","4":"has-post-thumbnail","6":"product_brand-lattafa","7":"product_cat-perfumes-y-fragancias","8":"product_tag-almizcle-blanco","9":"product_tag-ambar","10":"product_tag-azafran","11":"product_tag-cedro","12":"product_tag-flores-blancas","13":"product_tag-jazmin","14":"product_tag-limon","15":"product_tag-resina","16":"product_tag-resina-de-abeto","18":"first","19":"instock","20":"taxable","21":"shipping-taxable","22":"product-type-simple"},"_links":{"self":[{"href":"https:\/\/novaluxeurope.com\/en\/wp-json\/wp\/v2\/product\/2454","targetHints":{"allow":["GET"]}}],"collection":[{"href":"https:\/\/novaluxeurope.com\/en\/wp-json\/wp\/v2\/product"}],"about":[{"href":"https:\/\/novaluxeurope.com\/en\/wp-json\/wp\/v2\/types\/product"}],"replies":[{"embeddable":true,"href":"https:\/\/novaluxeurope.com\/en\/wp-json\/wp\/v2\/comments?post=2454"}],"wp:featuredmedia":[{"embeddable":true,"href":"https:\/\/novaluxeurope.com\/en\/wp-json\/wp\/v2\/media\/2453"}],"wp:attachment":[{"href":"https:\/\/novaluxeurope.com\/en\/wp-json\/wp\/v2\/media?parent=2454"}],"wp:term":[{"taxonomy":"product_brand","embeddable":true,"href":"https:\/\/novaluxeurope.com\/en\/wp-json\/wp\/v2\/product_brand?post=2454"},{"taxonomy":"product_cat","embeddable":true,"href":"https:\/\/novaluxeurope.com\/en\/wp-json\/wp\/v2\/product_cat?post=2454"},{"taxonomy":"product_tag","embeddable":true,"href":"https:\/\/novaluxeurope.com\/en\/wp-json\/wp\/v2\/product_tag?post=2454"}],"curies":[{"name":"wp","href":"https:\/\/api.w.org\/{rel}","templated":true}]}}