{"id":2447,"date":"2026-04-10T15:40:55","date_gmt":"2026-04-10T15:40:55","guid":{"rendered":"https:\/\/novaluxeurope.com\/producto\/lattafa-niche-emarati-zikra-edp-u-100-ml\/"},"modified":"2026-05-08T12:01:35","modified_gmt":"2026-05-08T12:01:35","slug":"lattafa-niche-emarati-zikra-edp-u-100-ml","status":"publish","type":"product","link":"https:\/\/novaluxeurope.com\/en\/product\/lattafa-niche-emarati-zikra-edp-u-100-ml\/","title":{"rendered":"Lattafa Niche Emarati Zikra"},"content":{"rendered":"<p>Descubra el encantador encanto de Niche Emarati Zikra de Lattafa , una fragancia unisex que equilibra a la perfecci\u00f3n sofisticaci\u00f3n y calidez. Este spray EDP de 100 ml es una verdadera joya en el reino de las fragancias de Oriente Medio, dise\u00f1ada para cautivar e inspirar. Perteneciente a la familia olfativa Ambarina Especiada, Niche Emarati Zikra se abre con una atrevida nota de salida de co\u00f1ac, que prepara el terreno para una experiencia sensorial embriagadora. A medida que la fragancia evoluciona, las notas de coraz\u00f3n de canela, haba tonka y musgo de roble crean un aroma rico y acogedor, reconfortante e intrigante. Por \u00faltimo, las notas de fondo de pralin\u00e9, vainilla y s\u00e1ndalo dejan una impresi\u00f3n duradera, envolvi\u00e9ndole en un final lujoso y cremoso. Niche Emarati Zikra est\u00e1 elaborado por la famosa casa de dise\u00f1o Lattafa, conocida por sus exquisitas fragancias de Oriente Medio. Esta fragancia unisex es perfecta para cualquiera que desee destacar con una fragancia \u00fanica y memorable. Tanto si busca una fragancia exclusiva como un complemento especial para su colecci\u00f3n de fragancias, Niche Emarati Zikra de Lattafa es un producto imprescindible. Sus notas expertamente combinadas garantizan que destacar\u00e1 entre la multitud, dejando una estela de elegancia y encanto all\u00e1 donde vaya. NOTAS DE PERFUME Notas altas: Co\u00f1ac Notas medias: Canela, haba tonka, musgo de roble Notas de fondo: Pralin\u00e9, Vainilla, S\u00e1ndalo<\/p>\n<h4>Pir\u00e1mide olfativa<\/h4>\n<ul>\n<li><strong>Notas de entrada:<\/strong> Co\u00f1ac<\/li>\n<li><strong>Notas de coraz\u00f3n:<\/strong> Canela, Haba tonka, Oakmoss<\/li>\n<li><strong>Notas de salida:<\/strong> Pralin\u00e9, Vainilla, S\u00e1ndalo<\/li>\n<\/ul>","protected":false},"excerpt":{"rendered":"<p>Descubra el encantador encanto de Niche Emarati Zikra de Lattafa , una fragancia unisex que equilibra a la perfecci\u00f3n sofisticaci\u00f3n y calidez. Este spray EDP de 100 ml es una verdadera joya en el reino de las fragancias de Oriente Medio, dise\u00f1ada para cautivar e inspirar. Perteneciente a la familia olfativa Ambarina Especiada, Niche Emarati [&hellip;]<\/p>\n","protected":false},"featured_media":2446,"comment_status":"open","ping_status":"closed","template":"","meta":[],"product_brand":[310],"product_cat":[225],"product_tag":[94,209,79,124,159,174,63],"class_list":{"0":"post-2447","1":"product","2":"type-product","3":"status-publish","4":"has-post-thumbnail","6":"product_brand-lattafa","7":"product_cat-perfumes-y-fragancias","8":"product_tag-canela","9":"product_tag-conac","10":"product_tag-haba-tonka","11":"product_tag-oakmoss","12":"product_tag-praline","13":"product_tag-sandalo","14":"product_tag-vainilla","16":"first","17":"instock","18":"taxable","19":"shipping-taxable","20":"product-type-simple"},"_links":{"self":[{"href":"https:\/\/novaluxeurope.com\/en\/wp-json\/wp\/v2\/product\/2447","targetHints":{"allow":["GET"]}}],"collection":[{"href":"https:\/\/novaluxeurope.com\/en\/wp-json\/wp\/v2\/product"}],"about":[{"href":"https:\/\/novaluxeurope.com\/en\/wp-json\/wp\/v2\/types\/product"}],"replies":[{"embeddable":true,"href":"https:\/\/novaluxeurope.com\/en\/wp-json\/wp\/v2\/comments?post=2447"}],"wp:featuredmedia":[{"embeddable":true,"href":"https:\/\/novaluxeurope.com\/en\/wp-json\/wp\/v2\/media\/2446"}],"wp:attachment":[{"href":"https:\/\/novaluxeurope.com\/en\/wp-json\/wp\/v2\/media?parent=2447"}],"wp:term":[{"taxonomy":"product_brand","embeddable":true,"href":"https:\/\/novaluxeurope.com\/en\/wp-json\/wp\/v2\/product_brand?post=2447"},{"taxonomy":"product_cat","embeddable":true,"href":"https:\/\/novaluxeurope.com\/en\/wp-json\/wp\/v2\/product_cat?post=2447"},{"taxonomy":"product_tag","embeddable":true,"href":"https:\/\/novaluxeurope.com\/en\/wp-json\/wp\/v2\/product_tag?post=2447"}],"curies":[{"name":"wp","href":"https:\/\/api.w.org\/{rel}","templated":true}]}}