{"id":2441,"date":"2026-04-10T15:40:54","date_gmt":"2026-04-10T15:40:54","guid":{"rendered":"https:\/\/novaluxeurope.com\/producto\/lattafa-niche-emarati-vintage-castle-edp-u-100-ml\/"},"modified":"2026-05-11T05:15:19","modified_gmt":"2026-05-11T05:15:19","slug":"lattafa-niche-emarati-vintage-castle-edp-u-100-ml","status":"publish","type":"product","link":"https:\/\/novaluxeurope.com\/en\/product\/lattafa-niche-emarati-vintage-castle-edp-u-100-ml\/","title":{"rendered":"Lattafa Niche Emarati Vintage Castle"},"content":{"rendered":"<p>Presentamos Lattafa Men&#8217;s Niche Emarati Vintage Castle EDP Spray , una cautivadora fragancia unisex lanzada en 2023 que captura la esencia de la elegancia y la sofisticaci\u00f3n. Con un generoso tama\u00f1o de 100 ml, esta exquisita fragancia es perfecta para el hombre y la mujer modernos que aprecian el estilo atemporal. Niche Emarati Vintage Castle pertenece a la familia olfativa Chipre Floral y ofrece una mezcla \u00fanica de aromas refrescantes y encantadores. Las notas de salida de pachul\u00ed, notas verdes e iris proporcionan un comienzo vigorizante y preparan el terreno para las notas de coraz\u00f3n de pachul\u00ed y mimosa, que a\u00f1aden un toque de encanto floral. Las notas de fondo de pachul\u00ed, civeta y malvavisco crean un final c\u00e1lido y reconfortante, haciendo que este perfume sea realmente inolvidable. Elaborada por la renombrada casa de dise\u00f1o Lattafa, esta fragancia es un testimonio de su compromiso con la calidad y el lujo. El Niche Emarati Vintage Castle es un Eau de Parfum (EDP) en spray, que garantiza un aroma intenso y duradero que perdurar\u00e1 durante todo el d\u00eda. Perfecta para cualquier ocasi\u00f3n, esta fragancia es una adici\u00f3n vers\u00e1til a su colecci\u00f3n. Tanto si se dirige a una reuni\u00f3n de negocios como a una salida informal, el Niche Emarati Vintage Castle de Lattafa Men dejar\u00e1 una impresi\u00f3n duradera. NOTAS DE PERFUME Notas de salida : Verde, Pachul\u00ed, Iris Notas medias: Pachul\u00ed, Mimosa Notas de Fondo: Pachul\u00ed, Malvavisco, Civette<\/p>\n<h4>Pir\u00e1mide olfativa<\/h4>\n<ul>\n<li><strong>Notas de entrada:<\/strong> Verde, Pachul\u00ed, Iris<\/li>\n<li><strong>Notas de coraz\u00f3n:<\/strong> Pachul\u00ed, Mimosa<\/li>\n<li><strong>Notas de salida:<\/strong> Pachul\u00ed, Malvavisco, Civette<\/li>\n<\/ul>","protected":false},"excerpt":{"rendered":"<p>Presentamos Lattafa Men&#8217;s Niche Emarati Vintage Castle EDP Spray , una cautivadora fragancia unisex lanzada en 2023 que captura la esencia de la elegancia y la sofisticaci\u00f3n. Con un generoso tama\u00f1o de 100 ml, esta exquisita fragancia es perfecta para el hombre y la mujer modernos que aprecian el estilo atemporal. Niche Emarati Vintage Castle [&hellip;]<\/p>\n","protected":false},"featured_media":2440,"comment_status":"open","ping_status":"closed","template":"","meta":[],"product_brand":[310],"product_cat":[225],"product_tag":[485,55,403,486,67,487],"class_list":{"0":"post-2441","1":"product","2":"type-product","3":"status-publish","4":"has-post-thumbnail","6":"product_brand-lattafa","7":"product_cat-perfumes-y-fragancias","8":"product_tag-civette","9":"product_tag-iris","10":"product_tag-malvavisco","11":"product_tag-mimosa","12":"product_tag-pachuli","13":"product_tag-verde","15":"first","16":"instock","17":"taxable","18":"shipping-taxable","19":"product-type-simple"},"_links":{"self":[{"href":"https:\/\/novaluxeurope.com\/en\/wp-json\/wp\/v2\/product\/2441","targetHints":{"allow":["GET"]}}],"collection":[{"href":"https:\/\/novaluxeurope.com\/en\/wp-json\/wp\/v2\/product"}],"about":[{"href":"https:\/\/novaluxeurope.com\/en\/wp-json\/wp\/v2\/types\/product"}],"replies":[{"embeddable":true,"href":"https:\/\/novaluxeurope.com\/en\/wp-json\/wp\/v2\/comments?post=2441"}],"wp:featuredmedia":[{"embeddable":true,"href":"https:\/\/novaluxeurope.com\/en\/wp-json\/wp\/v2\/media\/2440"}],"wp:attachment":[{"href":"https:\/\/novaluxeurope.com\/en\/wp-json\/wp\/v2\/media?parent=2441"}],"wp:term":[{"taxonomy":"product_brand","embeddable":true,"href":"https:\/\/novaluxeurope.com\/en\/wp-json\/wp\/v2\/product_brand?post=2441"},{"taxonomy":"product_cat","embeddable":true,"href":"https:\/\/novaluxeurope.com\/en\/wp-json\/wp\/v2\/product_cat?post=2441"},{"taxonomy":"product_tag","embeddable":true,"href":"https:\/\/novaluxeurope.com\/en\/wp-json\/wp\/v2\/product_tag?post=2441"}],"curies":[{"name":"wp","href":"https:\/\/api.w.org\/{rel}","templated":true}]}}