{"id":2434,"date":"2026-04-10T15:40:52","date_gmt":"2026-04-10T15:40:52","guid":{"rendered":"https:\/\/novaluxeurope.com\/producto\/lattafa-niche-emarati-toleen-edp-u-80-ml\/"},"modified":"2026-05-03T12:00:52","modified_gmt":"2026-05-03T12:00:52","slug":"lattafa-niche-emarati-toleen-edp-u-80-ml","status":"publish","type":"product","link":"https:\/\/novaluxeurope.com\/en\/product\/lattafa-niche-emarati-toleen-edp-u-80-ml\/","title":{"rendered":"Lattafa Niche Emarati Toleen"},"content":{"rendered":"<p>Descubra el encantador encanto de Niche Emarati Toleen de Lattafa, una fragancia unisex que trasciende las fronteras con su cautivadora mezcla de aromas. Perfectamente dise\u00f1ado para aquellos que aprecian las cosas buenas de la vida, este spray EDP de 80 ml encarna la esencia del lujo de Oriente Medio. Perteneciente a la familia olfativa Ambarina Floral, Niche Emarati Toleen se abre con una vibrante explosi\u00f3n de jengibre, pera y rosa. Estas notas de salida crean una introducci\u00f3n vigorizante que capta la atenci\u00f3n al instante. Las notas de coraz\u00f3n de ambroxan y flor de azahar a\u00f1aden una capa de sofisticaci\u00f3n, mezcl\u00e1ndose a la perfecci\u00f3n para ofrecer un aroma c\u00e1lido y acogedor. A medida que la fragancia se asienta, las notas de fondo de \u00e1mbar y almizcle se revelan, dejando una impresi\u00f3n duradera que es a la vez sensual y reconfortante. Elaborado por la renombrada casa de dise\u00f1o Lattafa, conocida por sus exquisitas fragancias de Oriente Medio, Niche Emarati Toleen es un testimonio de calidad y elegancia. Esta fragancia unisex es perfecta para cualquier ocasi\u00f3n, tanto para una reuni\u00f3n de negocios como para una cena rom\u00e1ntica. Su naturaleza vers\u00e1til la convierte en un complemento imprescindible de su colecci\u00f3n de fragancias. Envasado en un elegante frasco de 80 ml, es f\u00e1cil de transportar y perfecto para retoques sobre la marcha. NOTAS DE PERFUME Notas de salida: Jengibre, Pera, Rosa Notas medias: Ambroxan, Flor de Naranjo Notas de Fondo: \u00c1mbar, Almizcle<\/p>\n<h4>Pir\u00e1mide olfativa<\/h4>\n<ul>\n<li><strong>Notas de entrada:<\/strong> Jengibre, Pera, Rosa<\/li>\n<li><strong>Notas de coraz\u00f3n:<\/strong> Ambroxan, Flor de naranjo<\/li>\n<li><strong>Notas de salida:<\/strong> \u00c1mbar, Almizcle<\/li>\n<\/ul>","protected":false},"excerpt":{"rendered":"<p>Descubra el encantador encanto de Niche Emarati Toleen de Lattafa, una fragancia unisex que trasciende las fronteras con su cautivadora mezcla de aromas. Perfectamente dise\u00f1ado para aquellos que aprecian las cosas buenas de la vida, este spray EDP de 80 ml encarna la esencia del lujo de Oriente Medio. Perteneciente a la familia olfativa Ambarina [&hellip;]<\/p>\n","protected":false},"featured_media":2433,"comment_status":"open","ping_status":"closed","template":"","meta":[],"product_brand":[310],"product_cat":[225],"product_tag":[59,52,76,84,180,112,49],"class_list":{"0":"post-2434","1":"product","2":"type-product","3":"status-publish","4":"has-post-thumbnail","6":"product_brand-lattafa","7":"product_cat-perfumes-y-fragancias","8":"product_tag-almizcle","9":"product_tag-ambar","10":"product_tag-ambroxan","11":"product_tag-flor-de-naranjo","12":"product_tag-jengibre","13":"product_tag-pera","14":"product_tag-rosa","16":"first","17":"instock","18":"taxable","19":"shipping-taxable","20":"product-type-simple"},"_links":{"self":[{"href":"https:\/\/novaluxeurope.com\/en\/wp-json\/wp\/v2\/product\/2434","targetHints":{"allow":["GET"]}}],"collection":[{"href":"https:\/\/novaluxeurope.com\/en\/wp-json\/wp\/v2\/product"}],"about":[{"href":"https:\/\/novaluxeurope.com\/en\/wp-json\/wp\/v2\/types\/product"}],"replies":[{"embeddable":true,"href":"https:\/\/novaluxeurope.com\/en\/wp-json\/wp\/v2\/comments?post=2434"}],"wp:featuredmedia":[{"embeddable":true,"href":"https:\/\/novaluxeurope.com\/en\/wp-json\/wp\/v2\/media\/2433"}],"wp:attachment":[{"href":"https:\/\/novaluxeurope.com\/en\/wp-json\/wp\/v2\/media?parent=2434"}],"wp:term":[{"taxonomy":"product_brand","embeddable":true,"href":"https:\/\/novaluxeurope.com\/en\/wp-json\/wp\/v2\/product_brand?post=2434"},{"taxonomy":"product_cat","embeddable":true,"href":"https:\/\/novaluxeurope.com\/en\/wp-json\/wp\/v2\/product_cat?post=2434"},{"taxonomy":"product_tag","embeddable":true,"href":"https:\/\/novaluxeurope.com\/en\/wp-json\/wp\/v2\/product_tag?post=2434"}],"curies":[{"name":"wp","href":"https:\/\/api.w.org\/{rel}","templated":true}]}}