{"id":2420,"date":"2026-04-10T15:40:47","date_gmt":"2026-04-10T15:40:47","guid":{"rendered":"https:\/\/novaluxeurope.com\/producto\/lattafa-niche-emarati-mughal-fort-edp-u-100-ml\/"},"modified":"2026-05-08T08:01:30","modified_gmt":"2026-05-08T08:01:30","slug":"lattafa-niche-emarati-mughal-fort-edp-u-100-ml","status":"publish","type":"product","link":"https:\/\/novaluxeurope.com\/en\/product\/lattafa-niche-emarati-mughal-fort-edp-u-100-ml\/","title":{"rendered":"Lattafa Niche Emarati Mughal Fort"},"content":{"rendered":"<p>Presentamos la \u00faltima obra maestra de Lattafa, Niche Emarati Mughal Fort , lanzada en 2024. Esta fragancia unisex es una impresionante adici\u00f3n a la familia Amber Vanilla y es perfecta para cualquiera que busque causar una impresi\u00f3n duradera. Con un tama\u00f1o de 100 ml, este vaporizador EDP (Eau de Parfum) est\u00e1 elaborado para deleitar los sentidos y elevar su colecci\u00f3n de fragancias. Niche Emarati Mughal Fort se abre con una cautivadora mezcla de cardamomo y pimiento , estableciendo un tono audaz y ex\u00f3tico. A medida que se profundiza, las notas de coraz\u00f3n revelan una rica fusi\u00f3n de cedro y caramelo, a\u00f1adiendo una capa c\u00e1lida y acogedora a la fragancia. Las notas de fondo de vainilla, almizcle y \u00e1mbar crean un acabado suave y duradero, garantizando que la fragancia perdure en la piel. Creada por la renombrada casa de dise\u00f1o Lattafa, esta fragancia es un verdadero testimonio de la perfumer\u00eda de Oriente Medio. El Niche Emarati Mughal Fort no es s\u00f3lo un aroma; es una experiencia que encarna el lujo y la sofisticaci\u00f3n. Su atractivo unisex lo convierte en una elecci\u00f3n vers\u00e1til para cualquiera que aprecie las fragancias finas. NOTAS DE PERFUME Notas altas: Cardamomo, Pimiento Notas medias: Cedro, Caramelo Notas de Fondo: Vainilla, Almizcle, \u00c1mbar<\/p>\n<h4>Pir\u00e1mide olfativa<\/h4>\n<ul>\n<li><strong>Notas de entrada:<\/strong> Cardamomo, Pimiento<\/li>\n<li><strong>Notas de coraz\u00f3n:<\/strong> Madera de cedro, Caramelo<\/li>\n<li><strong>Notas de salida:<\/strong> Vainilla, Almizcle, \u00c1mbar<\/li>\n<\/ul>","protected":false},"excerpt":{"rendered":"<p>Presentamos la \u00faltima obra maestra de Lattafa, Niche Emarati Mughal Fort , lanzada en 2024. Esta fragancia unisex es una impresionante adici\u00f3n a la familia Amber Vanilla y es perfecta para cualquiera que busque causar una impresi\u00f3n duradera. Con un tama\u00f1o de 100 ml, este vaporizador EDP (Eau de Parfum) est\u00e1 elaborado para deleitar los [&hellip;]<\/p>\n","protected":false},"featured_media":2419,"comment_status":"open","ping_status":"closed","template":"","meta":[],"product_brand":[310],"product_cat":[225],"product_tag":[59,52,60,77,46,381,63],"class_list":{"0":"post-2420","1":"product","2":"type-product","3":"status-publish","4":"has-post-thumbnail","6":"product_brand-lattafa","7":"product_cat-perfumes-y-fragancias","8":"product_tag-almizcle","9":"product_tag-ambar","10":"product_tag-caramelo","11":"product_tag-cardamomo","12":"product_tag-madera-de-cedro","13":"product_tag-pimiento","14":"product_tag-vainilla","16":"first","17":"instock","18":"taxable","19":"shipping-taxable","20":"product-type-simple"},"_links":{"self":[{"href":"https:\/\/novaluxeurope.com\/en\/wp-json\/wp\/v2\/product\/2420","targetHints":{"allow":["GET"]}}],"collection":[{"href":"https:\/\/novaluxeurope.com\/en\/wp-json\/wp\/v2\/product"}],"about":[{"href":"https:\/\/novaluxeurope.com\/en\/wp-json\/wp\/v2\/types\/product"}],"replies":[{"embeddable":true,"href":"https:\/\/novaluxeurope.com\/en\/wp-json\/wp\/v2\/comments?post=2420"}],"wp:featuredmedia":[{"embeddable":true,"href":"https:\/\/novaluxeurope.com\/en\/wp-json\/wp\/v2\/media\/2419"}],"wp:attachment":[{"href":"https:\/\/novaluxeurope.com\/en\/wp-json\/wp\/v2\/media?parent=2420"}],"wp:term":[{"taxonomy":"product_brand","embeddable":true,"href":"https:\/\/novaluxeurope.com\/en\/wp-json\/wp\/v2\/product_brand?post=2420"},{"taxonomy":"product_cat","embeddable":true,"href":"https:\/\/novaluxeurope.com\/en\/wp-json\/wp\/v2\/product_cat?post=2420"},{"taxonomy":"product_tag","embeddable":true,"href":"https:\/\/novaluxeurope.com\/en\/wp-json\/wp\/v2\/product_tag?post=2420"}],"curies":[{"name":"wp","href":"https:\/\/api.w.org\/{rel}","templated":true}]}}