{"id":2416,"date":"2026-04-10T15:40:45","date_gmt":"2026-04-10T15:40:45","guid":{"rendered":"https:\/\/novaluxeurope.com\/producto\/lattafa-niche-emarati-lujain-edp-u-100-ml\/"},"modified":"2026-04-24T13:31:49","modified_gmt":"2026-04-24T13:31:49","slug":"lattafa-niche-emarati-lujain-edp-u-100-ml","status":"publish","type":"product","link":"https:\/\/novaluxeurope.com\/en\/product\/lattafa-niche-emarati-lujain-edp-u-100-ml\/","title":{"rendered":"Lattafa Niche Emarati Lujain"},"content":{"rendered":"<p>Descubra el encantador aroma de Niche Emarati Lujain de Lattafa , una fragancia unisex que captura la esencia de la elegancia de Oriente Medio. Esta exquisita Eau de Parfum (EDP), con un frasco de 100 ml, forma parte de la familia olfativa Floral Dulce, dise\u00f1ada para deleitar sus sentidos y dejar una impresi\u00f3n duradera. Lattafa Niche Emarati Lujain se abre con las notas frescas y especiadas de la pimienta rosa combinadas con el delicado aroma de las rosas . Esta cautivadora introducci\u00f3n da paso al coraz\u00f3n de la fragancia, donde los ricos y embriagadores aromas del jazm\u00edn sambac y el nardo cobran protagonismo. Estas notas florales de coraz\u00f3n se equilibran a la perfecci\u00f3n con las c\u00e1lidas y reconfortantes notas de fondo de s\u00e1ndalo, haba tonka y vainilla, creando una mezcla armoniosa que es a la vez sofisticada y acogedora. Como producto de Lattafa, una renombrada casa de dise\u00f1o conocida por sus lujosas fragancias de Oriente Medio, Niche Emarati Lujain encarna el compromiso de la marca con la calidad y la artesan\u00eda. Esta fragancia es ideal para cualquiera que busque un aroma \u00fanico y memorable que refleje a la vez tradici\u00f3n y modernidad. El Niche Emarati Lujain EDP es perfecto para cualquier ocasi\u00f3n, tanto si se viste de gala para un evento especial como si simplemente desea a\u00f1adir un toque de elegancia a su rutina diaria. Su atractivo unisex lo convierte en una elecci\u00f3n vers\u00e1til, adecuada tanto para hombres como para mujeres que aprecian una fragancia refinada y sofisticada. NOTAS DE PERFUME Notas altas: Pimienta rosa, Rosa Notas medias: Jazm\u00edn Sambac, Tuberosa Notas de fondo: S\u00e1ndalo, haba tonka, vainilla<\/p>\n<h4>Pir\u00e1mide olfativa<\/h4>\n<ul>\n<li><strong>Notas de entrada:<\/strong> Pimienta rosa, Rosa<\/li>\n<li><strong>Notas de coraz\u00f3n:<\/strong> Jazm\u00edn Sambac, Tuberosa<\/li>\n<li><strong>Notas de salida:<\/strong> S\u00e1ndalo, Haba Tonka, Vainilla<\/li>\n<\/ul>","protected":false},"excerpt":{"rendered":"<p>Descubra el encantador aroma de Niche Emarati Lujain de Lattafa , una fragancia unisex que captura la esencia de la elegancia de Oriente Medio. Esta exquisita Eau de Parfum (EDP), con un frasco de 100 ml, forma parte de la familia olfativa Floral Dulce, dise\u00f1ada para deleitar sus sentidos y dejar una impresi\u00f3n duradera. Lattafa [&hellip;]<\/p>\n","protected":false},"featured_media":2415,"comment_status":"open","ping_status":"closed","template":"","meta":[],"product_brand":[310],"product_cat":[225],"product_tag":[79,483,141,49,174,203,63],"class_list":{"0":"post-2416","1":"product","2":"type-product","3":"status-publish","4":"has-post-thumbnail","6":"product_brand-lattafa","7":"product_cat-perfumes-y-fragancias","8":"product_tag-haba-tonka","9":"product_tag-jazmin-sambac","10":"product_tag-pimienta-rosa","11":"product_tag-rosa","12":"product_tag-sandalo","13":"product_tag-tuberosa","14":"product_tag-vainilla","16":"first","17":"instock","18":"taxable","19":"shipping-taxable","20":"product-type-simple"},"_links":{"self":[{"href":"https:\/\/novaluxeurope.com\/en\/wp-json\/wp\/v2\/product\/2416","targetHints":{"allow":["GET"]}}],"collection":[{"href":"https:\/\/novaluxeurope.com\/en\/wp-json\/wp\/v2\/product"}],"about":[{"href":"https:\/\/novaluxeurope.com\/en\/wp-json\/wp\/v2\/types\/product"}],"replies":[{"embeddable":true,"href":"https:\/\/novaluxeurope.com\/en\/wp-json\/wp\/v2\/comments?post=2416"}],"wp:featuredmedia":[{"embeddable":true,"href":"https:\/\/novaluxeurope.com\/en\/wp-json\/wp\/v2\/media\/2415"}],"wp:attachment":[{"href":"https:\/\/novaluxeurope.com\/en\/wp-json\/wp\/v2\/media?parent=2416"}],"wp:term":[{"taxonomy":"product_brand","embeddable":true,"href":"https:\/\/novaluxeurope.com\/en\/wp-json\/wp\/v2\/product_brand?post=2416"},{"taxonomy":"product_cat","embeddable":true,"href":"https:\/\/novaluxeurope.com\/en\/wp-json\/wp\/v2\/product_cat?post=2416"},{"taxonomy":"product_tag","embeddable":true,"href":"https:\/\/novaluxeurope.com\/en\/wp-json\/wp\/v2\/product_tag?post=2416"}],"curies":[{"name":"wp","href":"https:\/\/api.w.org\/{rel}","templated":true}]}}