{"id":2410,"date":"2026-04-10T15:40:43","date_gmt":"2026-04-10T15:40:43","guid":{"rendered":"https:\/\/novaluxeurope.com\/producto\/lattafa-niche-emarati-khanjar-edp-u-85-ml\/"},"modified":"2026-05-13T12:01:21","modified_gmt":"2026-05-13T12:01:21","slug":"lattafa-niche-emarati-khanjar-edp-u-85-ml","status":"publish","type":"product","link":"https:\/\/novaluxeurope.com\/en\/product\/lattafa-niche-emarati-khanjar-edp-u-85-ml\/","title":{"rendered":"Lattafa Niche Emarati Khanjar"},"content":{"rendered":"<p>Descubra el ex\u00f3tico encanto de Emarati Khanjar de Lattafa, una sofisticada fragancia unisex dise\u00f1ada para hombres y mujeres. Este Eau de Parfum (EDP) en aerosol, disponible en un tama\u00f1o de 85 ml, es una cautivadora mezcla de notas amaderadas y especiadas que dejar\u00e1 una impresi\u00f3n duradera. Emarati Khanjar se abre con una vibrante explosi\u00f3n de nuez moscada, jengibre y pimiento que despierta sus sentidos. A medida que la fragancia evoluciona, las notas de coraz\u00f3n de cachemira, violeta y pachul\u00ed a\u00f1aden profundidad y complejidad, creando un equilibrio armonioso. Por \u00faltimo, las notas de fondo de vetiver, incienso, almizcle y cuero proporcionan un acabado c\u00e1lido y duradero, haciendo que esta fragancia sea realmente inolvidable. Elaborado por la renombrada casa de dise\u00f1o Lattafa, conocida por su maestr\u00eda en fragancias de Oriente Medio, Emarati Khanjar destaca como testimonio de su pericia. La exclusiva mezcla de ingredientes garantiza una experiencia rica y lujosa, perfecta para el hombre moderno que aprecia la calidad y la elegancia. Tanto si se dirige a una reuni\u00f3n de negocios como a una salida nocturna, Emarati Khanjar EDP Spray de Lattafa Men es el accesorio perfecto para realzar su presencia. Su distintivo aroma y su elegante dise\u00f1o lo convierten en el regalo ideal para usted o para un ser querido. Del\u00e9itese con la cautivadora esencia de Emarati Khanjar y deje que su rica fragancia amaderada y especiada deje huella all\u00e1 donde vaya. Consiga hoy mismo su frasco de 85 ml y experimente el lujo de Lattafa. NOTAS DE PERFUME Notas de salida: Nuez moscada, Jengibre, Pimiento Notas medias: Cashmeran, Violeta, Pachul\u00ed Notas de Fondo: Vetiver, Incienso, Almizcle, Cuero<\/p>\n<h4>Pir\u00e1mide olfativa<\/h4>\n<ul>\n<li><strong>Notas de entrada:<\/strong> Nuez moscada, Jengibre, Pimiento<\/li>\n<li><strong>Notas de coraz\u00f3n:<\/strong> Cashmeran, Violeta, Pachul\u00ed<\/li>\n<li><strong>Notas de salida:<\/strong> Vetiver, Incienso, Musky, Piel<\/li>\n<\/ul>","protected":false},"excerpt":{"rendered":"<p>Descubra el ex\u00f3tico encanto de Emarati Khanjar de Lattafa, una sofisticada fragancia unisex dise\u00f1ada para hombres y mujeres. Este Eau de Parfum (EDP) en aerosol, disponible en un tama\u00f1o de 85 ml, es una cautivadora mezcla de notas amaderadas y especiadas que dejar\u00e1 una impresi\u00f3n duradera. Emarati Khanjar se abre con una vibrante explosi\u00f3n de [&hellip;]<\/p>\n","protected":false},"featured_media":2409,"comment_status":"open","ping_status":"closed","template":"","meta":[],"product_brand":[310],"product_cat":[225],"product_tag":[121,127,180,482,95,67,137,381,50,51],"class_list":{"0":"post-2410","1":"product","2":"type-product","3":"status-publish","4":"has-post-thumbnail","6":"product_brand-lattafa","7":"product_cat-perfumes-y-fragancias","8":"product_tag-cashmeran","9":"product_tag-incienso","10":"product_tag-jengibre","11":"product_tag-musky","12":"product_tag-nuez-moscada","13":"product_tag-pachuli","14":"product_tag-piel","15":"product_tag-pimiento","16":"product_tag-vetiver","17":"product_tag-violeta","19":"first","20":"instock","21":"taxable","22":"shipping-taxable","23":"product-type-simple"},"_links":{"self":[{"href":"https:\/\/novaluxeurope.com\/en\/wp-json\/wp\/v2\/product\/2410","targetHints":{"allow":["GET"]}}],"collection":[{"href":"https:\/\/novaluxeurope.com\/en\/wp-json\/wp\/v2\/product"}],"about":[{"href":"https:\/\/novaluxeurope.com\/en\/wp-json\/wp\/v2\/types\/product"}],"replies":[{"embeddable":true,"href":"https:\/\/novaluxeurope.com\/en\/wp-json\/wp\/v2\/comments?post=2410"}],"wp:featuredmedia":[{"embeddable":true,"href":"https:\/\/novaluxeurope.com\/en\/wp-json\/wp\/v2\/media\/2409"}],"wp:attachment":[{"href":"https:\/\/novaluxeurope.com\/en\/wp-json\/wp\/v2\/media?parent=2410"}],"wp:term":[{"taxonomy":"product_brand","embeddable":true,"href":"https:\/\/novaluxeurope.com\/en\/wp-json\/wp\/v2\/product_brand?post=2410"},{"taxonomy":"product_cat","embeddable":true,"href":"https:\/\/novaluxeurope.com\/en\/wp-json\/wp\/v2\/product_cat?post=2410"},{"taxonomy":"product_tag","embeddable":true,"href":"https:\/\/novaluxeurope.com\/en\/wp-json\/wp\/v2\/product_tag?post=2410"}],"curies":[{"name":"wp","href":"https:\/\/api.w.org\/{rel}","templated":true}]}}