{"id":2404,"date":"2026-04-10T15:40:42","date_gmt":"2026-04-10T15:40:42","guid":{"rendered":"https:\/\/novaluxeurope.com\/producto\/lattafa-niche-emarati-khalid-edp-u-80-ml\/"},"modified":"2026-04-24T13:31:49","modified_gmt":"2026-04-24T13:31:49","slug":"lattafa-niche-emarati-khalid-edp-u-80-ml","status":"publish","type":"product","link":"https:\/\/novaluxeurope.com\/en\/product\/lattafa-niche-emarati-khalid-edp-u-80-ml\/","title":{"rendered":"Lattafa Niche Emarati Khalid"},"content":{"rendered":"<p>Nicho Emarati Khalidn de Lattafa, una cautivadora fragancia unisex lanzada en 2023. Esta exquisita fragancia pertenece a la familia olfativa Cuero , por lo que es una opci\u00f3n audaz y sofisticada para cualquier persona que busca hacer una declaraci\u00f3n. El vaporizador EDP de 80 ml es perfecto para quienes aprecian las cosas buenas de la vida. Las notas de salida de Niche Emarati Khalidn presentan una lujosa mezcla de azafr\u00e1n, l\u00e1dano y cuero, que crean una apertura acogedora y rica. A medida que la fragancia se desarrolla, las notas de coraz\u00f3n de abedul, cade y pachul\u00ed a\u00f1aden profundidad y complejidad, evocando una sensaci\u00f3n de elegancia atemporal. Por \u00faltimo, las notas de fondo de benju\u00ed, madera de agar, b\u00e1lsamo de tol\u00fa y cuero proporcionan un acabado c\u00e1lido y duradero que perdura maravillosamente en la piel. Elaborado por la renombrada casa de dise\u00f1o Lattafa, conocida por sus fragancias de Oriente Medio, Niche Emarati Khalidn es una aut\u00e9ntica obra maestra. La naturaleza unisex de esta fragancia la convierte en una adici\u00f3n vers\u00e1til a cualquier colecci\u00f3n de fragancias, adecuada tanto para hombres como para mujeres que aprecian los perfumes lujosos y de alta calidad. Con un c\u00f3digo de barras de 6290360592107, esta fragancia es imprescindible para quienes buscan un aroma \u00fanico y memorable. NOTAS DE PERFUME Notas de salida: Azafr\u00e1n, l\u00e1dano, cuero Notas medias: Abedul, Cade, Pachul\u00ed Notas de Fondo: Benju\u00ed, madera de agar, b\u00e1lsamo de Tol\u00fa, cuero<\/p>\n<h4>Pir\u00e1mide olfativa<\/h4>\n<ul>\n<li><strong>Notas de entrada:<\/strong> Azafr\u00e1n, Labdanum, Piel<\/li>\n<li><strong>Notas de coraz\u00f3n:<\/strong> Abedul, Cade, Pachul\u00ed<\/li>\n<li><strong>Notas de salida:<\/strong> Benju\u00ed, Madera de agar, B\u00e1lsamo de Tol\u00fa, Piel<\/li>\n<\/ul>","protected":false},"excerpt":{"rendered":"<p>Nicho Emarati Khalidn de Lattafa, una cautivadora fragancia unisex lanzada en 2023. Esta exquisita fragancia pertenece a la familia olfativa Cuero , por lo que es una opci\u00f3n audaz y sofisticada para cualquier persona que busca hacer una declaraci\u00f3n. El vaporizador EDP de 80 ml es perfecto para quienes aprecian las cosas buenas de la [&hellip;]<\/p>\n","protected":false},"featured_media":2403,"comment_status":"open","ping_status":"closed","template":"","meta":[],"product_brand":[310],"product_cat":[225],"product_tag":[86,87,197,126,481,379,68,67,137],"class_list":{"0":"post-2404","1":"product","2":"type-product","3":"status-publish","4":"has-post-thumbnail","6":"product_brand-lattafa","7":"product_cat-perfumes-y-fragancias","8":"product_tag-abedul","9":"product_tag-azafran","10":"product_tag-balsamo-de-tolu","11":"product_tag-benjui","12":"product_tag-cade","13":"product_tag-labdanum","14":"product_tag-madera-de-agar","15":"product_tag-pachuli","16":"product_tag-piel","18":"first","19":"instock","20":"taxable","21":"shipping-taxable","22":"product-type-simple"},"_links":{"self":[{"href":"https:\/\/novaluxeurope.com\/en\/wp-json\/wp\/v2\/product\/2404","targetHints":{"allow":["GET"]}}],"collection":[{"href":"https:\/\/novaluxeurope.com\/en\/wp-json\/wp\/v2\/product"}],"about":[{"href":"https:\/\/novaluxeurope.com\/en\/wp-json\/wp\/v2\/types\/product"}],"replies":[{"embeddable":true,"href":"https:\/\/novaluxeurope.com\/en\/wp-json\/wp\/v2\/comments?post=2404"}],"wp:featuredmedia":[{"embeddable":true,"href":"https:\/\/novaluxeurope.com\/en\/wp-json\/wp\/v2\/media\/2403"}],"wp:attachment":[{"href":"https:\/\/novaluxeurope.com\/en\/wp-json\/wp\/v2\/media?parent=2404"}],"wp:term":[{"taxonomy":"product_brand","embeddable":true,"href":"https:\/\/novaluxeurope.com\/en\/wp-json\/wp\/v2\/product_brand?post=2404"},{"taxonomy":"product_cat","embeddable":true,"href":"https:\/\/novaluxeurope.com\/en\/wp-json\/wp\/v2\/product_cat?post=2404"},{"taxonomy":"product_tag","embeddable":true,"href":"https:\/\/novaluxeurope.com\/en\/wp-json\/wp\/v2\/product_tag?post=2404"}],"curies":[{"name":"wp","href":"https:\/\/api.w.org\/{rel}","templated":true}]}}