{"id":2398,"date":"2026-04-10T15:40:40","date_gmt":"2026-04-10T15:40:40","guid":{"rendered":"https:\/\/novaluxeurope.com\/producto\/lattafa-niche-emarati-hayaam-edp-u-100-ml\/"},"modified":"2026-05-06T12:01:20","modified_gmt":"2026-05-06T12:01:20","slug":"lattafa-niche-emarati-hayaam-edp-u-100-ml","status":"publish","type":"product","link":"https:\/\/novaluxeurope.com\/en\/product\/lattafa-niche-emarati-hayaam-edp-u-100-ml\/","title":{"rendered":"Lattafa Niche Emarati Hayaam"},"content":{"rendered":"<p>Hayaam , una creaci\u00f3n de Niche Emarati de Lattafa , es una fragancia unisex perteneciente a la familia Amaderada Acu\u00e1tica . Imag\u00ednese acunado por la brisa marina en una playa al atardecer, adornado con este refinado perfume que desvela una frescura vigorizante en sus Notas T op . Las Notas Marinas , entrelazadas con una esencia salada y el aroma c\u00edtrico del Lim\u00f3n , forman una introducci\u00f3n viva y din\u00e1mica, que recuerda el ambiente sereno y revitalizante del mar. La Davana a\u00f1ade un toque dulce y afrutado, realzando el viaje olfativo con una nota sutilmente ex\u00f3tica. Pasando al coraz\u00f3n del perfume, emerge un exquisito bouquet de Lirio de los Valles e Iris. El Lirio del Valle aporta su delicadeza floral, mientras que el Iris transmite una sensaci\u00f3n de refinamiento e intriga. Esta fusi\u00f3n floral crea un n\u00facleo cautivador y femenino, que equilibra armoniosamente la frescura inicial con un aire de sofisticada dulzura. Las notas de fondo confieren profundidad y resistencia al perfume. El \u00e1mbar gris, el musgo de roble y el s\u00e1ndalo se unen para formar una base envolvente y sensual. El \u00e1mbar gris infunde calidez y opulencia, el musgo de roble aporta un matiz terroso y el s\u00e1ndalo aporta su encanto amaderado. Esta mezcla final completa la experiencia olfativa con una estela persistente y duradera. NOTAS DE PERFUME Notas de salida: Notas marinas, Sal, Lim\u00f3n, Davana Notas medias: Lirio de los valles, Iris Notas de fondo: \u00c1mbar gris, musgo de roble, s\u00e1ndalo<\/p>\n<h4>Pir\u00e1mide olfativa<\/h4>\n<ul>\n<li><strong>Notas de entrada:<\/strong> Notas marinas, Sal, Lim\u00f3n, Davana<\/li>\n<li><strong>Notas de coraz\u00f3n:<\/strong> Lirio de los valles, Iris<\/li>\n<li><strong>Notas de salida:<\/strong> Ambergris, Oakmoss, S\u00e1ndalo<\/li>\n<\/ul>","protected":false},"excerpt":{"rendered":"<p>Hayaam , una creaci\u00f3n de Niche Emarati de Lattafa , es una fragancia unisex perteneciente a la familia Amaderada Acu\u00e1tica . Imag\u00ednese acunado por la brisa marina en una playa al atardecer, adornado con este refinado perfume que desvela una frescura vigorizante en sus Notas T op . Las Notas Marinas , entrelazadas con una [&hellip;]<\/p>\n","protected":false},"featured_media":2397,"comment_status":"open","ping_status":"closed","template":"","meta":[],"product_brand":[310],"product_cat":[225],"product_tag":[234,130,55,140,85,312,124,142,174],"class_list":{"0":"post-2398","1":"product","2":"type-product","3":"status-publish","4":"has-post-thumbnail","6":"product_brand-lattafa","7":"product_cat-perfumes-y-fragancias","8":"product_tag-ambergris","9":"product_tag-davana","10":"product_tag-iris","11":"product_tag-limon","12":"product_tag-lirio-de-los-valles","13":"product_tag-notas-marinas","14":"product_tag-oakmoss","15":"product_tag-sal","16":"product_tag-sandalo","18":"first","19":"instock","20":"taxable","21":"shipping-taxable","22":"product-type-simple"},"_links":{"self":[{"href":"https:\/\/novaluxeurope.com\/en\/wp-json\/wp\/v2\/product\/2398","targetHints":{"allow":["GET"]}}],"collection":[{"href":"https:\/\/novaluxeurope.com\/en\/wp-json\/wp\/v2\/product"}],"about":[{"href":"https:\/\/novaluxeurope.com\/en\/wp-json\/wp\/v2\/types\/product"}],"replies":[{"embeddable":true,"href":"https:\/\/novaluxeurope.com\/en\/wp-json\/wp\/v2\/comments?post=2398"}],"wp:featuredmedia":[{"embeddable":true,"href":"https:\/\/novaluxeurope.com\/en\/wp-json\/wp\/v2\/media\/2397"}],"wp:attachment":[{"href":"https:\/\/novaluxeurope.com\/en\/wp-json\/wp\/v2\/media?parent=2398"}],"wp:term":[{"taxonomy":"product_brand","embeddable":true,"href":"https:\/\/novaluxeurope.com\/en\/wp-json\/wp\/v2\/product_brand?post=2398"},{"taxonomy":"product_cat","embeddable":true,"href":"https:\/\/novaluxeurope.com\/en\/wp-json\/wp\/v2\/product_cat?post=2398"},{"taxonomy":"product_tag","embeddable":true,"href":"https:\/\/novaluxeurope.com\/en\/wp-json\/wp\/v2\/product_tag?post=2398"}],"curies":[{"name":"wp","href":"https:\/\/api.w.org\/{rel}","templated":true}]}}