{"id":2392,"date":"2026-04-10T15:40:38","date_gmt":"2026-04-10T15:40:38","guid":{"rendered":"https:\/\/novaluxeurope.com\/producto\/lattafa-niche-emarati-ghinwa-edp-u-100-ml\/"},"modified":"2026-04-24T13:31:49","modified_gmt":"2026-04-24T13:31:49","slug":"lattafa-niche-emarati-ghinwa-edp-u-100-ml","status":"publish","type":"product","link":"https:\/\/novaluxeurope.com\/en\/product\/lattafa-niche-emarati-ghinwa-edp-u-100-ml\/","title":{"rendered":"Lattafa Niche Emarati Ghinwa"},"content":{"rendered":"<p>Descubra el encanto de Niche Emarati Ghinwa de Lattafa, una fragancia unisex que captura la esencia de la elegancia de Oriente Medio. Esta exquisita Eau de Parfum, disponible en un frasco de 100 ml, pertenece a la familia olfativa Amaderada Chipre y ofrece un aroma sofisticado y atemporal. Las notas de salida de Niche Emarati Ghinwa le dan la bienvenida con un estallido de frescura afrutada, creando una apertura acogedora y vibrante. A medida que la fragancia se despliega, las notas de coraz\u00f3n revelan una armoniosa mezcla de jazm\u00edn y madera de cedro, a\u00f1adiendo un toque de elegancia floral y profundidad amaderada. Las notas de fondo de \u00e1mbar gris, musgo de roble y acordes amaderados proporcionan una base rica y duradera, garantizando que el aroma perdure maravillosamente en la piel. Elaborado por Lattafa, una renombrada casa de dise\u00f1o conocida por sus lujosas fragancias de Oriente Medio, Niche Emarati Ghinwa es un testimonio del compromiso de la marca con la calidad y el arte. Esta fragancia unisex es perfecta para quienes aprecian un aroma vers\u00e1til y cautivador. Tanto si se viste para una ocasi\u00f3n especial como si simplemente desea elevar su presencia cotidiana, Lattafa Niche Emarati Ghinwa es la elecci\u00f3n perfecta. Su mezcla \u00fanica de notas crea una fragancia que es a la vez memorable y distintiva, por lo que es una excelente adici\u00f3n a cualquier colecci\u00f3n de perfumes. NOTAS DE PERFUME Notas altas: Afrutado Notas medias: Jazm\u00edn, Cedro Notas de Fondo: \u00c1mbar gris, musgo de roble, amaderado<\/p>\n<h4>Pir\u00e1mide olfativa<\/h4>\n<ul>\n<li><strong>Notas de entrada:<\/strong> Afrutado<\/li>\n<li><strong>Notas de coraz\u00f3n:<\/strong> Jazm\u00edn, Madera de cedro<\/li>\n<li><strong>Notas de salida:<\/strong> Ambergris, Oakmoss, Woody<\/li>\n<\/ul>","protected":false},"excerpt":{"rendered":"<p>Descubra el encanto de Niche Emarati Ghinwa de Lattafa, una fragancia unisex que captura la esencia de la elegancia de Oriente Medio. Esta exquisita Eau de Parfum, disponible en un frasco de 100 ml, pertenece a la familia olfativa Amaderada Chipre y ofrece un aroma sofisticado y atemporal. Las notas de salida de Niche Emarati [&hellip;]<\/p>\n","protected":false},"featured_media":2391,"comment_status":"open","ping_status":"closed","template":"","meta":[],"product_brand":[310],"product_cat":[225],"product_tag":[480,234,56,46,124,232],"class_list":{"0":"post-2392","1":"product","2":"type-product","3":"status-publish","4":"has-post-thumbnail","6":"product_brand-lattafa","7":"product_cat-perfumes-y-fragancias","8":"product_tag-afrutado","9":"product_tag-ambergris","10":"product_tag-jazmin","11":"product_tag-madera-de-cedro","12":"product_tag-oakmoss","13":"product_tag-woody","15":"first","16":"instock","17":"taxable","18":"shipping-taxable","19":"product-type-simple"},"_links":{"self":[{"href":"https:\/\/novaluxeurope.com\/en\/wp-json\/wp\/v2\/product\/2392","targetHints":{"allow":["GET"]}}],"collection":[{"href":"https:\/\/novaluxeurope.com\/en\/wp-json\/wp\/v2\/product"}],"about":[{"href":"https:\/\/novaluxeurope.com\/en\/wp-json\/wp\/v2\/types\/product"}],"replies":[{"embeddable":true,"href":"https:\/\/novaluxeurope.com\/en\/wp-json\/wp\/v2\/comments?post=2392"}],"wp:featuredmedia":[{"embeddable":true,"href":"https:\/\/novaluxeurope.com\/en\/wp-json\/wp\/v2\/media\/2391"}],"wp:attachment":[{"href":"https:\/\/novaluxeurope.com\/en\/wp-json\/wp\/v2\/media?parent=2392"}],"wp:term":[{"taxonomy":"product_brand","embeddable":true,"href":"https:\/\/novaluxeurope.com\/en\/wp-json\/wp\/v2\/product_brand?post=2392"},{"taxonomy":"product_cat","embeddable":true,"href":"https:\/\/novaluxeurope.com\/en\/wp-json\/wp\/v2\/product_cat?post=2392"},{"taxonomy":"product_tag","embeddable":true,"href":"https:\/\/novaluxeurope.com\/en\/wp-json\/wp\/v2\/product_tag?post=2392"}],"curies":[{"name":"wp","href":"https:\/\/api.w.org\/{rel}","templated":true}]}}