{"id":2386,"date":"2026-04-10T15:40:36","date_gmt":"2026-04-10T15:40:36","guid":{"rendered":"https:\/\/novaluxeurope.com\/producto\/lattafa-niche-emarati-classic-stone-edp-u-100-ml\/"},"modified":"2026-05-05T16:01:20","modified_gmt":"2026-05-05T16:01:20","slug":"lattafa-niche-emarati-classic-stone-edp-u-100-ml","status":"publish","type":"product","link":"https:\/\/novaluxeurope.com\/en\/product\/lattafa-niche-emarati-classic-stone-edp-u-100-ml\/","title":{"rendered":"Lattafa Niche Emarati Classic Stone"},"content":{"rendered":"<p>Lattafa Niche Emarati Classic Stone es una lujosa y atrevida fragancia unisex que mezcla elementos especiados, florales y amaderados para crear un aroma sofisticado e inolvidable. La fragancia se abre con una intrigante combinaci\u00f3n de violeta, azafr\u00e1n, cardamomo y comino, que ofrece una introducci\u00f3n especiada y ligeramente floral, cautivadora y compleja. El coraz\u00f3n revela una c\u00e1lida y rica mezcla de ante, osmanthus, clavo y nuez moscada , que a\u00f1ade profundidad y sensualidad, mientras que las notas florales crean una suave elegancia. A medida que la fragancia se asienta, las notas de fondo de acordes amaderados, \u00e1mbar gris, musgo de roble y almizcle proporcionan un acabado terroso y enraizado, creando un aroma atemporal y poderoso. Lattafa Niche Emarati Classic Stone es perfecto para quienes aprecian las fragancias atrevidas y refinadas que causan una impresi\u00f3n duradera. NOTAS DE PERFUME Notas de salida: Violeta, Azafr\u00e1n, Cardamomo, Comino Notas medias: Ante, Osmanthus, Clavo, Nuez Moscada Notas de Fondo: Notas amaderadas, \u00e1mbar gris, musgo de roble, almizcle<\/p>\n<h4>Pir\u00e1mide olfativa<\/h4>\n<ul>\n<li><strong>Notas de entrada:<\/strong> Violeta, Azafr\u00e1n, Cardamomo, Comino<\/li>\n<li><strong>Notas de coraz\u00f3n:<\/strong> Ante, Osmanthus, Clavo, Nuez moscada<\/li>\n<li><strong>Notas de salida:<\/strong> Notas de madera, Ambergris, Oakmoss, Almizcle<\/li>\n<\/ul>","protected":false},"excerpt":{"rendered":"<p>Lattafa Niche Emarati Classic Stone es una lujosa y atrevida fragancia unisex que mezcla elementos especiados, florales y amaderados para crear un aroma sofisticado e inolvidable. La fragancia se abre con una intrigante combinaci\u00f3n de violeta, azafr\u00e1n, cardamomo y comino, que ofrece una introducci\u00f3n especiada y ligeramente floral, cautivadora y compleja. El coraz\u00f3n revela una [&hellip;]<\/p>\n","protected":false},"featured_media":2385,"comment_status":"open","ping_status":"closed","template":"","meta":[],"product_brand":[310],"product_cat":[225],"product_tag":[59,234,479,87,77,207,170,457,95,124,392,51],"class_list":{"0":"post-2386","1":"product","2":"type-product","3":"status-publish","4":"has-post-thumbnail","6":"product_brand-lattafa","7":"product_cat-perfumes-y-fragancias","8":"product_tag-almizcle","9":"product_tag-ambergris","10":"product_tag-ante","11":"product_tag-azafran","12":"product_tag-cardamomo","13":"product_tag-clavo","14":"product_tag-comino","15":"product_tag-notas-de-madera","16":"product_tag-nuez-moscada","17":"product_tag-oakmoss","18":"product_tag-osmanthus","19":"product_tag-violeta","21":"first","22":"instock","23":"taxable","24":"shipping-taxable","25":"product-type-simple"},"_links":{"self":[{"href":"https:\/\/novaluxeurope.com\/en\/wp-json\/wp\/v2\/product\/2386","targetHints":{"allow":["GET"]}}],"collection":[{"href":"https:\/\/novaluxeurope.com\/en\/wp-json\/wp\/v2\/product"}],"about":[{"href":"https:\/\/novaluxeurope.com\/en\/wp-json\/wp\/v2\/types\/product"}],"replies":[{"embeddable":true,"href":"https:\/\/novaluxeurope.com\/en\/wp-json\/wp\/v2\/comments?post=2386"}],"wp:featuredmedia":[{"embeddable":true,"href":"https:\/\/novaluxeurope.com\/en\/wp-json\/wp\/v2\/media\/2385"}],"wp:attachment":[{"href":"https:\/\/novaluxeurope.com\/en\/wp-json\/wp\/v2\/media?parent=2386"}],"wp:term":[{"taxonomy":"product_brand","embeddable":true,"href":"https:\/\/novaluxeurope.com\/en\/wp-json\/wp\/v2\/product_brand?post=2386"},{"taxonomy":"product_cat","embeddable":true,"href":"https:\/\/novaluxeurope.com\/en\/wp-json\/wp\/v2\/product_cat?post=2386"},{"taxonomy":"product_tag","embeddable":true,"href":"https:\/\/novaluxeurope.com\/en\/wp-json\/wp\/v2\/product_tag?post=2386"}],"curies":[{"name":"wp","href":"https:\/\/api.w.org\/{rel}","templated":true}]}}