{"id":2379,"date":"2026-04-10T15:40:34","date_gmt":"2026-04-10T15:40:34","guid":{"rendered":"https:\/\/novaluxeurope.com\/producto\/lattafa-niche-emarati-antique-edp-u-100-ml\/"},"modified":"2026-05-05T12:01:32","modified_gmt":"2026-05-05T12:01:32","slug":"lattafa-niche-emarati-antique-edp-u-100-ml","status":"publish","type":"product","link":"https:\/\/novaluxeurope.com\/en\/product\/lattafa-niche-emarati-antique-edp-u-100-ml\/","title":{"rendered":"Lattafa Niche Emarati Antique"},"content":{"rendered":"<p>Descubra el encantador encanto de Niche Emarati Antique de Lattafa, una fragancia unisex que captura la esencia de Oriente Medio. Esta exquisita Eau de Parfum en spray, disponible en un generoso tama\u00f1o de 100 ml, pertenece a la familia olfativa Amaderada Ambarina, lo que la convierte en la elecci\u00f3n perfecta para quienes aprecian los aromas ricos y c\u00e1lidos. Las notas de salida de Niche Emarati Antique incluyen una ex\u00f3tica mezcla de cardamomo, higo, coco, leche y t\u00e9 negro. Esta intrigante combinaci\u00f3n crea una apertura cautivadora que es a la vez refrescante y reconfortante. A medida que la fragancia se despliega, las notas de coraz\u00f3n revelan una sofisticada mezcla de iris, vetiver y jazm\u00edn , a\u00f1adiendo un toque de elegancia y profundidad. Las notas de fondo de \u00e1mbar, s\u00e1ndalo, haba tonka, caramelo y almizcle proporcionan un acabado duradero y memorable. Estos lujosos ingredientes garantizan que el aroma perdure en la piel, dejando una impresi\u00f3n de refinada opulencia. Elaborado por la renombrada casa de dise\u00f1o Lattafa, conocida por sus fragancias de Oriente Medio, Niche Emarati Antique es un testimonio de su experiencia y dedicaci\u00f3n a la calidad. Esta fragancia unisex es perfecta para cualquier ocasi\u00f3n, tanto si se dirige a un evento formal como si simplemente desea elevar su aroma cotidiano. Envasada en un elegante frasco, tambi\u00e9n es un magn\u00edfico complemento para cualquier colecci\u00f3n de fragancias. El c\u00f3digo de barras de este producto es 6290360594293, lo que garantiza su autenticidad y trazabilidad. NOTAS DE PERFUME Notas de salida: Cardamomo, higo, coco, t\u00e9 negro Notas medias: Iris, Vetiver, Jazm\u00edn Notas de fondo: \u00c1mbar, S\u00e1ndalo, Haba Tonka, Caramelo, Almizcle<\/p>\n<h4>Pir\u00e1mide olfativa<\/h4>\n<ul>\n<li><strong>Notas de entrada:<\/strong> Cardamomo, Figura, Coco, T\u00e9 negro<\/li>\n<li><strong>Notas de coraz\u00f3n:<\/strong> Iris, Vetiver, Jazm\u00edn<\/li>\n<li><strong>Notas de salida:<\/strong> \u00c1mbar, S\u00e1ndalo, Haba Tonka, Caramelo, Almizcle<\/li>\n<\/ul>","protected":false},"excerpt":{"rendered":"<p>Descubra el encantador encanto de Niche Emarati Antique de Lattafa, una fragancia unisex que captura la esencia de Oriente Medio. Esta exquisita Eau de Parfum en spray, disponible en un generoso tama\u00f1o de 100 ml, pertenece a la familia olfativa Amaderada Ambarina, lo que la convierte en la elecci\u00f3n perfecta para quienes aprecian los aromas [&hellip;]<\/p>\n","protected":false},"featured_media":2378,"comment_status":"open","ping_status":"closed","template":"","meta":[],"product_brand":[310],"product_cat":[225],"product_tag":[59,52,60,77,144,172,79,55,56,174,350,50],"class_list":{"0":"post-2379","1":"product","2":"type-product","3":"status-publish","4":"has-post-thumbnail","6":"product_brand-lattafa","7":"product_cat-perfumes-y-fragancias","8":"product_tag-almizcle","9":"product_tag-ambar","10":"product_tag-caramelo","11":"product_tag-cardamomo","12":"product_tag-coco","13":"product_tag-figura","14":"product_tag-haba-tonka","15":"product_tag-iris","16":"product_tag-jazmin","17":"product_tag-sandalo","18":"product_tag-te-negro","19":"product_tag-vetiver","21":"first","22":"outofstock","23":"taxable","24":"shipping-taxable","25":"product-type-simple"},"_links":{"self":[{"href":"https:\/\/novaluxeurope.com\/en\/wp-json\/wp\/v2\/product\/2379","targetHints":{"allow":["GET"]}}],"collection":[{"href":"https:\/\/novaluxeurope.com\/en\/wp-json\/wp\/v2\/product"}],"about":[{"href":"https:\/\/novaluxeurope.com\/en\/wp-json\/wp\/v2\/types\/product"}],"replies":[{"embeddable":true,"href":"https:\/\/novaluxeurope.com\/en\/wp-json\/wp\/v2\/comments?post=2379"}],"wp:featuredmedia":[{"embeddable":true,"href":"https:\/\/novaluxeurope.com\/en\/wp-json\/wp\/v2\/media\/2378"}],"wp:attachment":[{"href":"https:\/\/novaluxeurope.com\/en\/wp-json\/wp\/v2\/media?parent=2379"}],"wp:term":[{"taxonomy":"product_brand","embeddable":true,"href":"https:\/\/novaluxeurope.com\/en\/wp-json\/wp\/v2\/product_brand?post=2379"},{"taxonomy":"product_cat","embeddable":true,"href":"https:\/\/novaluxeurope.com\/en\/wp-json\/wp\/v2\/product_cat?post=2379"},{"taxonomy":"product_tag","embeddable":true,"href":"https:\/\/novaluxeurope.com\/en\/wp-json\/wp\/v2\/product_tag?post=2379"}],"curies":[{"name":"wp","href":"https:\/\/api.w.org\/{rel}","templated":true}]}}