{"id":2373,"date":"2026-04-10T15:40:33","date_gmt":"2026-04-10T15:40:33","guid":{"rendered":"https:\/\/novaluxeurope.com\/producto\/lattafa-niche-emarati-al-dana-edp-u-100-ml\/"},"modified":"2026-05-08T12:01:34","modified_gmt":"2026-05-08T12:01:34","slug":"lattafa-niche-emarati-al-dana-edp-u-100-ml","status":"publish","type":"product","link":"https:\/\/novaluxeurope.com\/en\/product\/lattafa-niche-emarati-al-dana-edp-u-100-ml\/","title":{"rendered":"Lattafa Niche Emarati Al Dana"},"content":{"rendered":"<p>Presentamos Lattafa Niche Emarati Al Dana , una cautivadora fragancia unisex lanzada en 2024. Esta exquisita fragancia es una obra maestra de la renombrada casa de dise\u00f1o de Oriente Medio, Lattafa, conocida por sus fragancias lujosas y sofisticadas. El Nicho Emarati Al Dana es una delicia arom\u00e1tica afrutada que promete dejar una impresi\u00f3n duradera. La fragancia se abre con una refrescante mezcla de notas de salida, como lima \u00e1cida, pi\u00f1a jugosa, bergamota vibrante, pimienta picante y lim\u00f3n \u00e1cido. Esta vigorizante mezcla prepara el terreno para una experiencia realmente fascinante. A medida que la fragancia evoluciona, las notas de coraz\u00f3n revelan una armoniosa combinaci\u00f3n de delicado lirio de los valles, rico ol\u00edbano y encantador jazm\u00edn, que a\u00f1aden profundidad y elegancia a la fragancia. En las notas de fondo de este exquisito EDP es donde realmente se produce la magia. Una mezcla c\u00e1lida y terrosa de pachul\u00ed, notas amaderadas, matices ahumados, sensual almizcle y lujoso \u00e1mbar crean una impresi\u00f3n duradera que perdura maravillosamente en la piel. Cada capa de Lattafa Niche Emarati Al Dana se despliega para revelar una nueva faceta, lo que la convierte en una elecci\u00f3n vers\u00e1til para cualquier ocasi\u00f3n. Esta eau de parfum unisex se presenta en un generoso tama\u00f1o de 100 ml, perfecto para quienes aprecian una fragancia duradera e impactante. La atenci\u00f3n al detalle y la calidad de cada frasco son testimonio del compromiso de Lattafa con la excelencia en el mundo de la perfumer\u00eda. NOTAS DE PERFUME Notas de salida: Bergamota, lim\u00f3n, pi\u00f1a, pimienta, lima Notas medias: Jazm\u00edn, Lirio de los valles, Ol\u00edbano Notas de fondo: Pachul\u00ed, \u00c1mbar, Amaderado, Ahumado, Almizcle<\/p>\n<h4>Pir\u00e1mide olfativa<\/h4>\n<ul>\n<li><strong>Notas de entrada:<\/strong> Bergamota, Lim\u00f3n, Pi\u00f1a, Pimienta, Cal<\/li>\n<li><strong>Notas de coraz\u00f3n:<\/strong> Jazm\u00edn, Lirio del valle, Ol\u00edbano<\/li>\n<li><strong>Notas de salida:<\/strong> Pachul\u00ed, \u00c1mbar, Woody, Smoky, Almizcle<\/li>\n<\/ul>","protected":false},"excerpt":{"rendered":"<p>Presentamos Lattafa Niche Emarati Al Dana , una cautivadora fragancia unisex lanzada en 2024. Esta exquisita fragancia es una obra maestra de la renombrada casa de dise\u00f1o de Oriente Medio, Lattafa, conocida por sus fragancias lujosas y sofisticadas. El Nicho Emarati Al Dana es una delicia arom\u00e1tica afrutada que promete dejar una impresi\u00f3n duradera. La [&hellip;]<\/p>\n","protected":false},"featured_media":2372,"comment_status":"open","ping_status":"closed","template":"","meta":[],"product_brand":[310],"product_cat":[225],"product_tag":[59,52,102,477,56,140,388,347,67,205,101,478,232],"class_list":{"0":"post-2373","1":"product","2":"type-product","3":"status-publish","4":"has-post-thumbnail","6":"product_brand-lattafa","7":"product_cat-perfumes-y-fragancias","8":"product_tag-almizcle","9":"product_tag-ambar","10":"product_tag-bergamota","11":"product_tag-cal","12":"product_tag-jazmin","13":"product_tag-limon","14":"product_tag-lirio-del-valle","15":"product_tag-olibano","16":"product_tag-pachuli","17":"product_tag-pimienta","18":"product_tag-pina","19":"product_tag-smoky","20":"product_tag-woody","22":"first","23":"instock","24":"taxable","25":"shipping-taxable","26":"product-type-simple"},"_links":{"self":[{"href":"https:\/\/novaluxeurope.com\/en\/wp-json\/wp\/v2\/product\/2373","targetHints":{"allow":["GET"]}}],"collection":[{"href":"https:\/\/novaluxeurope.com\/en\/wp-json\/wp\/v2\/product"}],"about":[{"href":"https:\/\/novaluxeurope.com\/en\/wp-json\/wp\/v2\/types\/product"}],"replies":[{"embeddable":true,"href":"https:\/\/novaluxeurope.com\/en\/wp-json\/wp\/v2\/comments?post=2373"}],"wp:featuredmedia":[{"embeddable":true,"href":"https:\/\/novaluxeurope.com\/en\/wp-json\/wp\/v2\/media\/2372"}],"wp:attachment":[{"href":"https:\/\/novaluxeurope.com\/en\/wp-json\/wp\/v2\/media?parent=2373"}],"wp:term":[{"taxonomy":"product_brand","embeddable":true,"href":"https:\/\/novaluxeurope.com\/en\/wp-json\/wp\/v2\/product_brand?post=2373"},{"taxonomy":"product_cat","embeddable":true,"href":"https:\/\/novaluxeurope.com\/en\/wp-json\/wp\/v2\/product_cat?post=2373"},{"taxonomy":"product_tag","embeddable":true,"href":"https:\/\/novaluxeurope.com\/en\/wp-json\/wp\/v2\/product_tag?post=2373"}],"curies":[{"name":"wp","href":"https:\/\/api.w.org\/{rel}","templated":true}]}}