{"id":2370,"date":"2026-04-10T15:40:31","date_gmt":"2026-04-10T15:40:31","guid":{"rendered":"https:\/\/novaluxeurope.com\/producto\/lattafa-nasmaat\/"},"modified":"2026-04-24T13:31:49","modified_gmt":"2026-04-24T13:31:49","slug":"lattafa-nasmaat","status":"publish","type":"product","link":"https:\/\/novaluxeurope.com\/en\/product\/lattafa-nasmaat\/","title":{"rendered":"Lattafa Nasmaat"},"content":{"rendered":"<p>\u00a1Sum\u00e9rgete t\u00fa tambi\u00e9n en una fragancia con la que estar\u00e1s de buen humor todo el d\u00eda! El eau de parfum unisex Lattafa Nasmaat es la expresi\u00f3n del optimismo y de una sensaci\u00f3n de felicidad absoluta.<\/p>\n<ul>\n<li>fragancia amaderada<\/li>\n<li>fragancia de cuero<\/li>\n<li>fragancia oriental<\/li>\n<li>para todas aquellas personas que no tienen miedo a destacar<\/li>\n<li>fragancia original para las ocasiones especiales<\/li>\n<li>fragancia c\u00e1lida, ideal para las \u00e9pocas fr\u00edas<\/li>\n<\/ul>\n<h4>Pir\u00e1mide olfativa<\/h4>\n<ul>\n<li><strong>Notas de entrada:<\/strong> grosella negra, pi\u00f1a, albaricoque<\/li>\n<li><strong>Notas de coraz\u00f3n:<\/strong> pamporcino, magnolia, flor de naranjo, rosa, jazm\u00edn<\/li>\n<li><strong>Notas de salida:<\/strong> caramelo, madera de s\u00e1ndalo, vainilla, cashmeran<\/li>\n<\/ul>","protected":false},"excerpt":{"rendered":"<p>\u00a1Sum\u00e9rgete t\u00fa tambi\u00e9n en una fragancia con la que estar\u00e1s de buen humor todo el d\u00eda! El eau de parfum unisex Lattafa Nasmaat es la expresi\u00f3n del optimismo y de una sensaci\u00f3n de felicidad absoluta. fragancia amaderada fragancia de cuero fragancia oriental para todas aquellas personas que no tienen miedo a destacar fragancia original para [&hellip;]<\/p>\n","protected":false},"featured_media":2369,"comment_status":"open","ping_status":"closed","template":"","meta":[],"product_brand":[310],"product_cat":[225],"product_tag":[399,60,121,84,111,56,47,472,269,101,49,63],"class_list":{"0":"post-2370","1":"product","2":"type-product","3":"status-publish","4":"has-post-thumbnail","6":"product_brand-lattafa","7":"product_cat-perfumes-y-fragancias","8":"product_tag-albaricoque","9":"product_tag-caramelo","10":"product_tag-cashmeran","11":"product_tag-flor-de-naranjo","12":"product_tag-grosella-negra","13":"product_tag-jazmin","14":"product_tag-madera-de-sandalo","15":"product_tag-magnolia","16":"product_tag-pamporcino","17":"product_tag-pina","18":"product_tag-rosa","19":"product_tag-vainilla","21":"first","22":"instock","23":"taxable","24":"shipping-taxable","25":"product-type-simple"},"_links":{"self":[{"href":"https:\/\/novaluxeurope.com\/en\/wp-json\/wp\/v2\/product\/2370","targetHints":{"allow":["GET"]}}],"collection":[{"href":"https:\/\/novaluxeurope.com\/en\/wp-json\/wp\/v2\/product"}],"about":[{"href":"https:\/\/novaluxeurope.com\/en\/wp-json\/wp\/v2\/types\/product"}],"replies":[{"embeddable":true,"href":"https:\/\/novaluxeurope.com\/en\/wp-json\/wp\/v2\/comments?post=2370"}],"wp:featuredmedia":[{"embeddable":true,"href":"https:\/\/novaluxeurope.com\/en\/wp-json\/wp\/v2\/media\/2369"}],"wp:attachment":[{"href":"https:\/\/novaluxeurope.com\/en\/wp-json\/wp\/v2\/media?parent=2370"}],"wp:term":[{"taxonomy":"product_brand","embeddable":true,"href":"https:\/\/novaluxeurope.com\/en\/wp-json\/wp\/v2\/product_brand?post=2370"},{"taxonomy":"product_cat","embeddable":true,"href":"https:\/\/novaluxeurope.com\/en\/wp-json\/wp\/v2\/product_cat?post=2370"},{"taxonomy":"product_tag","embeddable":true,"href":"https:\/\/novaluxeurope.com\/en\/wp-json\/wp\/v2\/product_tag?post=2370"}],"curies":[{"name":"wp","href":"https:\/\/api.w.org\/{rel}","templated":true}]}}