{"id":2363,"date":"2026-04-10T15:38:17","date_gmt":"2026-04-10T15:38:17","guid":{"rendered":"https:\/\/novaluxeurope.com\/producto\/lattafa-najdia-tribute-edp-m-100-ml\/"},"modified":"2026-04-24T13:31:49","modified_gmt":"2026-04-24T13:31:49","slug":"lattafa-najdia-tribute-edp-m-100-ml","status":"publish","type":"product","link":"https:\/\/novaluxeurope.com\/en\/product\/lattafa-najdia-tribute-edp-m-100-ml\/","title":{"rendered":"Lattafa Najdia Tribute"},"content":{"rendered":"<p>Presentamos la esencia de la elegancia masculina y la aventura, Najdia Tribute de Lattafa , una fragancia dise\u00f1ada espec\u00edficamente para hombres que encierra el esp\u00edritu de la modernidad y la tradici\u00f3n. Lanzada en el a\u00f1o 2021, esta Eau de Parfum en spray se presenta en un generoso tama\u00f1o de 100 ml, perfecto para el hombre dispuesto a causar impresi\u00f3n all\u00e1 donde vaya. Con un c\u00f3digo de barras \u00fanico de 6291108733882, este perfume destaca en el mundo de las fragancias masculinas. El viaje de Najdia Tribute comienza con una vibrante explosi\u00f3n de notas de salida, que incluyen la c\u00e1scara picante del jengibre, el dulce sabor c\u00edtrico de la mandarina, la frescura crujiente de la manzana y la esencia ligera y afrutada de la bergamota. Este estimulante comienzo transita suavemente hacia las notas de coraz\u00f3n, donde la frescura verde y acuosa de la hoja de violeta se funde con el misterio ahumado de la madera de guayaco, la ex\u00f3tica calidez del azafr\u00e1n y la robusta terrosidad del cedro. Las notas de fondo proporcionan una impresi\u00f3n duradera con los profundos y ricos aromas del cuero y el \u00e1mbar gris , la lujosa y prestigiosa madera de agar (oud) y el cremoso y suave s\u00e1ndalo , creando una estela sofisticada e inolvidable. Dise\u00f1ado por la prestigiosa casa de dise\u00f1o Lattafa, Najdia Tribute es m\u00e1s que una fragancia: es una declaraci\u00f3n de fuerza, confianza y carisma. Se ha creado para el hombre que no teme perseguir sus ambiciones y deseos, que valora la tradici\u00f3n pero avanza con confianza hacia el futuro. Ya sea para un d\u00eda en la oficina, una noche en la ciudad o una ocasi\u00f3n especial, Najdia Tribute es el accesorio perfecto para complementar el estilo de vida del hombre moderno. Abrace el encanto de Najdia Tribute de Lattafa, un perfume que no s\u00f3lo cautiva los sentidos, sino que cuenta una historia de aventura, sofisticaci\u00f3n y seducci\u00f3n. Convi\u00e9rtalo en su fragancia de cabecera y deje una impresi\u00f3n duradera all\u00e1 donde la vida le lleve. Descubra el poder de los aromas y deje que Najdia Tribute sea su tributo al mundo. NOTAS DE PERFUME Notas de salida: Bergamota, Mandarina, Manzana, Jengibre Notas medias: Hojas de Violeta, Azafr\u00e1n, Madera de Cedro, Madera de Guayaco Notas de Fondo: Madera de Oud, S\u00e1ndalo, \u00c1mbar, Cuero<\/p>\n<h4>Pir\u00e1mide olfativa<\/h4>\n<ul>\n<li><strong>Notas de entrada:<\/strong> Bergamota, Mandar\u00edn, Manzana, Jengibre<\/li>\n<li><strong>Notas de coraz\u00f3n:<\/strong> Hojas de violeta, Azafr\u00e1n, Madera de cedro, Madera de Guayac\u00e1n<\/li>\n<li><strong>Notas de salida:<\/strong> Madera de Oud, S\u00e1ndalo, \u00c1mbar, Piel<\/li>\n<\/ul>","protected":false},"excerpt":{"rendered":"<p>Presentamos la esencia de la elegancia masculina y la aventura, Najdia Tribute de Lattafa , una fragancia dise\u00f1ada espec\u00edficamente para hombres que encierra el esp\u00edritu de la modernidad y la tradici\u00f3n. Lanzada en el a\u00f1o 2021, esta Eau de Parfum en spray se presenta en un generoso tama\u00f1o de 100 ml, perfecto para el hombre [&hellip;]<\/p>\n","protected":false},"featured_media":2362,"comment_status":"open","ping_status":"closed","template":"","meta":[],"product_brand":[310],"product_cat":[225],"product_tag":[52,87,102,475,180,46,128,476,122,88,137,174],"class_list":{"0":"post-2363","1":"product","2":"type-product","3":"status-publish","4":"has-post-thumbnail","6":"product_brand-lattafa","7":"product_cat-perfumes-y-fragancias","8":"product_tag-ambar","9":"product_tag-azafran","10":"product_tag-bergamota","11":"product_tag-hojas-de-violeta","12":"product_tag-jengibre","13":"product_tag-madera-de-cedro","14":"product_tag-madera-de-guayacan","15":"product_tag-madera-de-oud","16":"product_tag-mandarin","17":"product_tag-manzana","18":"product_tag-piel","19":"product_tag-sandalo","21":"first","22":"outofstock","23":"taxable","24":"shipping-taxable","25":"product-type-simple"},"_links":{"self":[{"href":"https:\/\/novaluxeurope.com\/en\/wp-json\/wp\/v2\/product\/2363","targetHints":{"allow":["GET"]}}],"collection":[{"href":"https:\/\/novaluxeurope.com\/en\/wp-json\/wp\/v2\/product"}],"about":[{"href":"https:\/\/novaluxeurope.com\/en\/wp-json\/wp\/v2\/types\/product"}],"replies":[{"embeddable":true,"href":"https:\/\/novaluxeurope.com\/en\/wp-json\/wp\/v2\/comments?post=2363"}],"wp:featuredmedia":[{"embeddable":true,"href":"https:\/\/novaluxeurope.com\/en\/wp-json\/wp\/v2\/media\/2362"}],"wp:attachment":[{"href":"https:\/\/novaluxeurope.com\/en\/wp-json\/wp\/v2\/media?parent=2363"}],"wp:term":[{"taxonomy":"product_brand","embeddable":true,"href":"https:\/\/novaluxeurope.com\/en\/wp-json\/wp\/v2\/product_brand?post=2363"},{"taxonomy":"product_cat","embeddable":true,"href":"https:\/\/novaluxeurope.com\/en\/wp-json\/wp\/v2\/product_cat?post=2363"},{"taxonomy":"product_tag","embeddable":true,"href":"https:\/\/novaluxeurope.com\/en\/wp-json\/wp\/v2\/product_tag?post=2363"}],"curies":[{"name":"wp","href":"https:\/\/api.w.org\/{rel}","templated":true}]}}