{"id":2361,"date":"2026-04-10T15:38:17","date_gmt":"2026-04-10T15:38:17","guid":{"rendered":"https:\/\/novaluxeurope.com\/producto\/lattafa-najdia-intense-2\/"},"modified":"2026-04-24T13:14:03","modified_gmt":"2026-04-24T13:14:03","slug":"lattafa-najdia-intense-2","status":"publish","type":"product","link":"https:\/\/novaluxeurope.com\/en\/product\/lattafa-najdia-intense-2\/","title":{"rendered":"Lattafa Najdia Intense"},"content":{"rendered":"<p dir=\"ltr\"><strong>Una fragancia llena de esperanza y frescor<\/strong><\/p>\n<p dir=\"ltr\">El eau de parfum Lattafa Najdia es como un nuevo comienzo, una brisa fresca que te despierta y te carga de energ\u00eda. Te ofrece ligereza, optimismo y la determinaci\u00f3n de afrontar cada d\u00eda con la mente despejada y paso decidido.<\/p>\n<ul>\n<li value=\"1\">fragancia arom\u00e1tica fresca con notas frutales y marinas<\/li>\n<li value=\"2\">ideal para llevar a diario, especialmente en los meses de verano<\/li>\n<li value=\"3\">para hombres que persiguen sus sue\u00f1os de forma tranquila y constante<\/li>\n<\/ul>\n<p dir=\"ltr\"><strong>Composici\u00f3n de la fragancia:<\/strong><br \/>En las notas de salida te refrescar\u00e1 la jugosa pi\u00f1a, la fresca menta, una pizca de jengibre y la manzana verde. Esta din\u00e1mica combinaci\u00f3n se va entrelazando gradualmente con las arom\u00e1ticas notas de lavanda, pelargonio y acordes marinos, que aportan un aroma limpio a la fragancia. Las notas de fondo ofrecen profundidad gracias al pachuli, la madera de s\u00e1ndalo, el haba tonka y el almizcle, dejando una huella sensual pero siempre fresca.<\/p>\n<p dir=\"ltr\"><strong>Historia de la fragancia:<\/strong><br \/>El frasco de la fragancia Najdia Intense cautiva por su dise\u00f1o minimalista dominado por los motivos de delicadas nervaduras de hojas, evocando la naturaleza, la calma y el equilibrio. Ha sido creada para hombres que buscan su propio camino, pero que nunca pierden el rumbo.<\/p>\n<h4>Pir\u00e1mide olfativa<\/h4>\n<ul>\n<li><strong>Notas de entrada:<\/strong> pi\u00f1a, jengibre, manzana, menta<\/li>\n<li><strong>Notas de coraz\u00f3n:<\/strong> notas marinas, lavanda, geranio<\/li>\n<li><strong>Notas de salida:<\/strong> pachuli, madera de s\u00e1ndalo, haba tonka, almizcle<\/li>\n<\/ul>","protected":false},"excerpt":{"rendered":"<p>Una fragancia llena de esperanza y frescor El eau de parfum Lattafa Najdia es como un nuevo comienzo, una brisa fresca que te despierta y te carga de energ\u00eda. Te ofrece ligereza, optimismo y la determinaci\u00f3n de afrontar cada d\u00eda con la mente despejada y paso decidido. fragancia arom\u00e1tica fresca con notas frutales y marinas [&hellip;]<\/p>\n","protected":false},"featured_media":1542,"comment_status":"open","ping_status":"closed","template":"","meta":[],"product_brand":[310],"product_cat":[225],"product_tag":[59,131,79,180,73,47,88,194,312,67,101],"class_list":{"0":"post-2361","1":"product","2":"type-product","3":"status-publish","4":"has-post-thumbnail","6":"product_brand-lattafa","7":"product_cat-perfumes-y-fragancias","8":"product_tag-almizcle","9":"product_tag-geranio","10":"product_tag-haba-tonka","11":"product_tag-jengibre","12":"product_tag-lavanda","13":"product_tag-madera-de-sandalo","14":"product_tag-manzana","15":"product_tag-menta","16":"product_tag-notas-marinas","17":"product_tag-pachuli","18":"product_tag-pina","20":"first","21":"outofstock","22":"taxable","23":"shipping-taxable","24":"product-type-simple"},"_links":{"self":[{"href":"https:\/\/novaluxeurope.com\/en\/wp-json\/wp\/v2\/product\/2361","targetHints":{"allow":["GET"]}}],"collection":[{"href":"https:\/\/novaluxeurope.com\/en\/wp-json\/wp\/v2\/product"}],"about":[{"href":"https:\/\/novaluxeurope.com\/en\/wp-json\/wp\/v2\/types\/product"}],"replies":[{"embeddable":true,"href":"https:\/\/novaluxeurope.com\/en\/wp-json\/wp\/v2\/comments?post=2361"}],"wp:featuredmedia":[{"embeddable":true,"href":"https:\/\/novaluxeurope.com\/en\/wp-json\/wp\/v2\/media\/1542"}],"wp:attachment":[{"href":"https:\/\/novaluxeurope.com\/en\/wp-json\/wp\/v2\/media?parent=2361"}],"wp:term":[{"taxonomy":"product_brand","embeddable":true,"href":"https:\/\/novaluxeurope.com\/en\/wp-json\/wp\/v2\/product_brand?post=2361"},{"taxonomy":"product_cat","embeddable":true,"href":"https:\/\/novaluxeurope.com\/en\/wp-json\/wp\/v2\/product_cat?post=2361"},{"taxonomy":"product_tag","embeddable":true,"href":"https:\/\/novaluxeurope.com\/en\/wp-json\/wp\/v2\/product_tag?post=2361"}],"curies":[{"name":"wp","href":"https:\/\/api.w.org\/{rel}","templated":true}]}}