{"id":2357,"date":"2026-04-10T15:38:16","date_gmt":"2026-04-10T15:38:16","guid":{"rendered":"https:\/\/novaluxeurope.com\/producto\/lattafa-najdia-edp-u-100-ml-50-ml-deo\/"},"modified":"2026-05-08T08:01:30","modified_gmt":"2026-05-08T08:01:30","slug":"lattafa-najdia-edp-u-100-ml-50-ml-deo","status":"publish","type":"product","link":"https:\/\/novaluxeurope.com\/en\/product\/lattafa-najdia-edp-u-100-ml-50-ml-deo\/","title":{"rendered":"Lattafa Najdia + Deo"},"content":{"rendered":"<p>Descubra el seductor mundo de Najdia , una cautivadora fragancia unisex de la renombrada casa de dise\u00f1o Lattafa . Lanzada en el a\u00f1o 2020, esta hipnotizante fragancia combina una sinfon\u00eda de notas para crear un aroma \u00fanico que deja una impresi\u00f3n duradera. Nada m\u00e1s rociar Najdia, estallan las notas de salida de lim\u00f3n, canela, manzana, hierba lim\u00f3n y bergamota. Esta vigorizante mezcla despierta los sentidos y prepara el terreno para las notas de coraz\u00f3n de notas acu\u00e1ticas, lavanda, cardamomo y romero. A continuaci\u00f3n, la fragancia pasa a las notas de fondo de almizcle, \u00e1mbar, tabaco, s\u00e1ndalo y cedro, que aportan profundidad y complejidad al conjunto. Esta fragancia no es s\u00f3lo un aroma, sino una experiencia para saborear. Su composici\u00f3n, perfectamente equilibrada, la hace adecuada para cualquier ocasi\u00f3n, ya sea una reuni\u00f3n de negocios, un d\u00eda de paseo informal o una cena rom\u00e1ntica. La fragancia Najdia se presenta como parte de un set de regalo , que incluye un E au De Parfum (EDP) de 100 ml y un Desodorante en Spray de 50 ml. El c\u00f3digo de barras de este producto es 6291106063233. Este set de regalo de fragancia para hombre es un regalo impresionante y atento, ya sea para un cumplea\u00f1os, un aniversario o simplemente porque s\u00ed. Experimente el lujoso y encantador aroma de la fragancia Najdia de Lattafa. Es m\u00e1s que una fragancia: es una declaraci\u00f3n de intenciones. Deje su huella hoy mismo con esta exquisita fragancia. NOTAS DE PERFUME Notas de salida: Lim\u00f3n, Canela, Manzana, Hierba de lim\u00f3n, Bergamota Notas medias: Notas acu\u00e1ticas, lavanda, cardamomo, romero Notas de fondo: Almizcle, \u00c1mbar, Tabaco, S\u00e1ndalo, Cedro<\/p>\n<h4>Pir\u00e1mide olfativa<\/h4>\n<ul>\n<li><strong>Notas de entrada:<\/strong> Lim\u00f3n, Canela, Manzana, Hierba lim\u00f3n, Bergamota<\/li>\n<li><strong>Notas de coraz\u00f3n:<\/strong> Notas Aqua, Lavanda, Cardamomo, Rosemary<\/li>\n<li><strong>Notas de salida:<\/strong> Almizcle, \u00c1mbar, Tabaco, S\u00e1ndalo, Cedro<\/li>\n<\/ul>","protected":false},"excerpt":{"rendered":"<p>Descubra el seductor mundo de Najdia , una cautivadora fragancia unisex de la renombrada casa de dise\u00f1o Lattafa . Lanzada en el a\u00f1o 2020, esta hipnotizante fragancia combina una sinfon\u00eda de notas para crear un aroma \u00fanico que deja una impresi\u00f3n duradera. Nada m\u00e1s rociar Najdia, estallan las notas de salida de lim\u00f3n, canela, manzana, [&hellip;]<\/p>\n","protected":false},"featured_media":2356,"comment_status":"open","ping_status":"closed","template":"","meta":[],"product_brand":[310],"product_cat":[225],"product_tag":[59,52,102,94,77,53,473,73,140,88,474,463,174,163],"class_list":{"0":"post-2357","1":"product","2":"type-product","3":"status-publish","4":"has-post-thumbnail","6":"product_brand-lattafa","7":"product_cat-perfumes-y-fragancias","8":"product_tag-almizcle","9":"product_tag-ambar","10":"product_tag-bergamota","11":"product_tag-canela","12":"product_tag-cardamomo","13":"product_tag-cedro","14":"product_tag-hierba-limon","15":"product_tag-lavanda","16":"product_tag-limon","17":"product_tag-manzana","18":"product_tag-notas-aqua","19":"product_tag-rosemary","20":"product_tag-sandalo","21":"product_tag-tabaco","23":"first","24":"instock","25":"taxable","26":"shipping-taxable","27":"product-type-simple"},"_links":{"self":[{"href":"https:\/\/novaluxeurope.com\/en\/wp-json\/wp\/v2\/product\/2357","targetHints":{"allow":["GET"]}}],"collection":[{"href":"https:\/\/novaluxeurope.com\/en\/wp-json\/wp\/v2\/product"}],"about":[{"href":"https:\/\/novaluxeurope.com\/en\/wp-json\/wp\/v2\/types\/product"}],"replies":[{"embeddable":true,"href":"https:\/\/novaluxeurope.com\/en\/wp-json\/wp\/v2\/comments?post=2357"}],"wp:featuredmedia":[{"embeddable":true,"href":"https:\/\/novaluxeurope.com\/en\/wp-json\/wp\/v2\/media\/2356"}],"wp:attachment":[{"href":"https:\/\/novaluxeurope.com\/en\/wp-json\/wp\/v2\/media?parent=2357"}],"wp:term":[{"taxonomy":"product_brand","embeddable":true,"href":"https:\/\/novaluxeurope.com\/en\/wp-json\/wp\/v2\/product_brand?post=2357"},{"taxonomy":"product_cat","embeddable":true,"href":"https:\/\/novaluxeurope.com\/en\/wp-json\/wp\/v2\/product_cat?post=2357"},{"taxonomy":"product_tag","embeddable":true,"href":"https:\/\/novaluxeurope.com\/en\/wp-json\/wp\/v2\/product_tag?post=2357"}],"curies":[{"name":"wp","href":"https:\/\/api.w.org\/{rel}","templated":true}]}}