{"id":2354,"date":"2026-04-10T15:38:14","date_gmt":"2026-04-10T15:38:14","guid":{"rendered":"https:\/\/novaluxeurope.com\/producto\/lattafa-musk-mood\/"},"modified":"2026-05-09T20:01:12","modified_gmt":"2026-05-09T20:01:12","slug":"lattafa-musk-mood","status":"publish","type":"product","link":"https:\/\/novaluxeurope.com\/en\/product\/lattafa-musk-mood\/","title":{"rendered":"Lattafa Musk Mood"},"content":{"rendered":"<p>\u00a1Sum\u00e9rgete t\u00fa tambi\u00e9n en una fragancia con la que estar\u00e1s de buen humor todo el d\u00eda! El eau de parfum unisex Lattafa Musk Mood es la expresi\u00f3n del optimismo y de una sensaci\u00f3n de felicidad absoluta.<\/p>\n<ul>\n<li>fragancia almizclada<\/li>\n<li>fragancia empolvada<\/li>\n<li>fragancia adecuada para uso diario<\/li>\n<\/ul>\n<h4>Pir\u00e1mide olfativa<\/h4>\n<ul>\n<li><strong>Notas de entrada:<\/strong> c\u00edtricos, frutas<\/li>\n<li><strong>Notas de coraz\u00f3n:<\/strong> almizcle blanco, notas florales, vainilla<\/li>\n<li><strong>Notas de salida:<\/strong> almizcle blanco, madera de s\u00e1ndalo<\/li>\n<\/ul>","protected":false},"excerpt":{"rendered":"<p>\u00a1Sum\u00e9rgete t\u00fa tambi\u00e9n en una fragancia con la que estar\u00e1s de buen humor todo el d\u00eda! El eau de parfum unisex Lattafa Musk Mood es la expresi\u00f3n del optimismo y de una sensaci\u00f3n de felicidad absoluta. fragancia almizclada fragancia empolvada fragancia adecuada para uso diario Pir\u00e1mide olfativa Notas de entrada: c\u00edtricos, frutas Notas de coraz\u00f3n: [&hellip;]<\/p>\n","protected":false},"featured_media":2353,"comment_status":"open","ping_status":"closed","template":"","meta":[],"product_brand":[310],"product_cat":[225],"product_tag":[169,158,325,47,333,63],"class_list":{"0":"post-2354","1":"product","2":"type-product","3":"status-publish","4":"has-post-thumbnail","6":"product_brand-lattafa","7":"product_cat-perfumes-y-fragancias","8":"product_tag-almizcle-blanco","9":"product_tag-citricos","10":"product_tag-frutas","11":"product_tag-madera-de-sandalo","12":"product_tag-notas-florales","13":"product_tag-vainilla","15":"first","16":"instock","17":"taxable","18":"shipping-taxable","19":"product-type-simple"},"_links":{"self":[{"href":"https:\/\/novaluxeurope.com\/en\/wp-json\/wp\/v2\/product\/2354","targetHints":{"allow":["GET"]}}],"collection":[{"href":"https:\/\/novaluxeurope.com\/en\/wp-json\/wp\/v2\/product"}],"about":[{"href":"https:\/\/novaluxeurope.com\/en\/wp-json\/wp\/v2\/types\/product"}],"replies":[{"embeddable":true,"href":"https:\/\/novaluxeurope.com\/en\/wp-json\/wp\/v2\/comments?post=2354"}],"wp:featuredmedia":[{"embeddable":true,"href":"https:\/\/novaluxeurope.com\/en\/wp-json\/wp\/v2\/media\/2353"}],"wp:attachment":[{"href":"https:\/\/novaluxeurope.com\/en\/wp-json\/wp\/v2\/media?parent=2354"}],"wp:term":[{"taxonomy":"product_brand","embeddable":true,"href":"https:\/\/novaluxeurope.com\/en\/wp-json\/wp\/v2\/product_brand?post=2354"},{"taxonomy":"product_cat","embeddable":true,"href":"https:\/\/novaluxeurope.com\/en\/wp-json\/wp\/v2\/product_cat?post=2354"},{"taxonomy":"product_tag","embeddable":true,"href":"https:\/\/novaluxeurope.com\/en\/wp-json\/wp\/v2\/product_tag?post=2354"}],"curies":[{"name":"wp","href":"https:\/\/api.w.org\/{rel}","templated":true}]}}