{"id":2351,"date":"2026-04-10T15:38:13","date_gmt":"2026-04-10T15:38:13","guid":{"rendered":"https:\/\/novaluxeurope.com\/producto\/lattafa-musamam-white-intense-2\/"},"modified":"2026-05-10T00:01:17","modified_gmt":"2026-05-10T00:01:17","slug":"lattafa-musamam-white-intense-2","status":"publish","type":"product","link":"https:\/\/novaluxeurope.com\/en\/product\/lattafa-musamam-white-intense-2\/","title":{"rendered":"Lattafa Musamam White Intense"},"content":{"rendered":"<p dir=\"ltr\"><strong>El toque maestro que te volver\u00e1 inolvidable<\/strong><\/p>\n<p dir=\"ltr\">Fascina all\u00ed por donde pases. El eau de parfum Lattafa Musamam White Intense ofrece una armon\u00eda de frescor, exotismo y profundidad sensual. Esta fragancia excepcional para hombre y para mujer te propone la combinaci\u00f3n perfecta de elegancia y encanto moderno con la que dejar\u00e1s una huella inolvidable.<\/p>\n<ul>\n<li value=\"1\">fragancia amaderada con acordes florales<\/li>\n<li value=\"2\">novedad del a\u00f1o 2023<\/li>\n<li value=\"3\">en un elegante frasco cuyo elemento dominante es una serpiente<\/li>\n<\/ul>\n<p dir=\"ltr\"><strong>Composici\u00f3n de la fragancia:<\/strong><br \/>La fragancia se presenta con un d\u00fao radiante de fresca bergamota y dulce naranja, complementadas por un sutil toque picante de especias que evocan los primeros rayos de sol en el horizonte. A continuaci\u00f3n, las notas de coraz\u00f3n revelan un baile ex\u00f3tico de flores, en el que el ylang-ylang y el coco dulce y sedoso se funden en armon\u00eda, mientras que el moderno ambroxan aporta la pureza de la brisa marina. Un c\u00e1lido abrazo de madera de s\u00e1ndalo y sensual benzo\u00edna cierra la composici\u00f3n, con una profundidad que deja una huella indeleble de elegancia y misterio.<\/p>\n<p dir=\"ltr\"><strong>Historia de la fragancia:<\/strong><br \/>Lattafa es una marca familiar con una larga tradici\u00f3n que lleva ya tres generaciones combinando los m\u00e9todos tradicionales con las innovaciones modernas en el campo de la perfumer\u00eda. Gracias a m\u00e1s de 2000 fragancias y a una presencia en m\u00e1s de 120 pa\u00edses se ha convertido en la marca preferida de muchos clientes a nivel internacional. Cada perfume, como Lattafa Musamam White Intense, nace con una atenci\u00f3n m\u00e1xima a la calidad y un \u00e9nfasis especial en la experiencia \u00fanica. La marca tambi\u00e9n presta atenci\u00f3n a la sostenibilidad y al respeto por la naturaleza, puesto que est\u00e1 convencida de que las buenas fragancias y la responsabilidad medioambiental pueden ir de la mano.<\/p>\n<h4>Pir\u00e1mide olfativa<\/h4>\n<ul>\n<li><strong>Notas de entrada:<\/strong> bergamota, naranja, especia<\/li>\n<li><strong>Notas de coraz\u00f3n:<\/strong> mahonia, coco, ylang-ylang, ambroxan<\/li>\n<li><strong>Notas de salida:<\/strong> madera de s\u00e1ndalo, benju\u00ed, almizcle<\/li>\n<\/ul>","protected":false},"excerpt":{"rendered":"<p>El toque maestro que te volver\u00e1 inolvidable Fascina all\u00ed por donde pases. El eau de parfum Lattafa Musamam White Intense ofrece una armon\u00eda de frescor, exotismo y profundidad sensual. Esta fragancia excepcional para hombre y para mujer te propone la combinaci\u00f3n perfecta de elegancia y encanto moderno con la que dejar\u00e1s una huella inolvidable. fragancia [&hellip;]<\/p>\n","protected":false},"featured_media":1545,"comment_status":"open","ping_status":"closed","template":"","meta":[],"product_brand":[310],"product_cat":[225],"product_tag":[59,76,126,102,144,65,47,80,98,149],"class_list":{"0":"post-2351","1":"product","2":"type-product","3":"status-publish","4":"has-post-thumbnail","6":"product_brand-lattafa","7":"product_cat-perfumes-y-fragancias","8":"product_tag-almizcle","9":"product_tag-ambroxan","10":"product_tag-benjui","11":"product_tag-bergamota","12":"product_tag-coco","13":"product_tag-especia","14":"product_tag-madera-de-sandalo","15":"product_tag-mahonia","16":"product_tag-naranja","17":"product_tag-ylang-ylang","19":"first","20":"instock","21":"taxable","22":"shipping-taxable","23":"product-type-simple"},"_links":{"self":[{"href":"https:\/\/novaluxeurope.com\/en\/wp-json\/wp\/v2\/product\/2351","targetHints":{"allow":["GET"]}}],"collection":[{"href":"https:\/\/novaluxeurope.com\/en\/wp-json\/wp\/v2\/product"}],"about":[{"href":"https:\/\/novaluxeurope.com\/en\/wp-json\/wp\/v2\/types\/product"}],"replies":[{"embeddable":true,"href":"https:\/\/novaluxeurope.com\/en\/wp-json\/wp\/v2\/comments?post=2351"}],"wp:featuredmedia":[{"embeddable":true,"href":"https:\/\/novaluxeurope.com\/en\/wp-json\/wp\/v2\/media\/1545"}],"wp:attachment":[{"href":"https:\/\/novaluxeurope.com\/en\/wp-json\/wp\/v2\/media?parent=2351"}],"wp:term":[{"taxonomy":"product_brand","embeddable":true,"href":"https:\/\/novaluxeurope.com\/en\/wp-json\/wp\/v2\/product_brand?post=2351"},{"taxonomy":"product_cat","embeddable":true,"href":"https:\/\/novaluxeurope.com\/en\/wp-json\/wp\/v2\/product_cat?post=2351"},{"taxonomy":"product_tag","embeddable":true,"href":"https:\/\/novaluxeurope.com\/en\/wp-json\/wp\/v2\/product_tag?post=2351"}],"curies":[{"name":"wp","href":"https:\/\/api.w.org\/{rel}","templated":true}]}}