{"id":2345,"date":"2026-04-10T15:38:11","date_gmt":"2026-04-10T15:38:11","guid":{"rendered":"https:\/\/novaluxeurope.com\/producto\/lattafa-muna-edp-w-100-ml\/"},"modified":"2026-04-29T08:00:57","modified_gmt":"2026-04-29T08:00:57","slug":"lattafa-muna-edp-w-100-ml","status":"publish","type":"product","link":"https:\/\/novaluxeurope.com\/en\/product\/lattafa-muna-edp-w-100-ml\/","title":{"rendered":"Lattafa Muna"},"content":{"rendered":"<p>Abrace el encantador encanto de Lattafa Muna EDP. Una fragancia femenina que celebra la vibrante energ\u00eda de las frutas y la delicada belleza de las flores. Esta cautivadora fragancia, meticulosamente elaborada por Lattafa Perfumes, ofrece una experiencia olfativa \u00fanica y refrescante, perfecta para quienes buscan una fragancia juguetona y sofisticada a la vez. En primer lugar La fragancia se abre con una explosi\u00f3n de frutas jugosas y refrescantes. La dulzura de la sand\u00eda es la protagonista. Un toque de fresa a\u00f1ade una dimensi\u00f3n juguetona y ligeramente \u00e1cida, creando una introducci\u00f3n atractiva y estimulante. En segundo lugar, en el coraz\u00f3n de Lattafa Muna se despliega un delicado bouquet de ciclamen, rosa de Damasco, peon\u00eda y magnolia. La rosa de Damasco, con su aroma rico y aterciopelado, aporta un toque de romanticismo y elegancia. La peon\u00eda, con su aroma suave y empolvado, complementa maravillosamente a la rosa, mientras que la magnolia aporta un matiz cremoso y ligeramente c\u00edtrico. Por \u00faltimo, la fragancia encuentra su base en un c\u00e1lido y sensual fondo de notas amaderadas y almizcle. Las notas amaderadas, como la madera de cedro y el s\u00e1ndalo, proporcionan un efecto de base y aumentan la longevidad de la fragancia. El almizcle, con su aroma limpio y parecido al de la piel, a\u00f1ade un toque de calidez y sensualidad. Por ejemplo, creando una estela persistente que es a la vez acogedora y sofisticada. NOTAS DE PERFUME Notas de salida: Sand\u00eda, Fresa Notas medias: Ciclamen, Magnolia, Peon\u00eda, Rosa de Damasco Notas de Fondo: Notas Amaderadas, Almizcle<\/p>\n<h4>Pir\u00e1mide olfativa<\/h4>\n<ul>\n<li><strong>Notas de entrada:<\/strong> Sand\u00eda, Fresa<\/li>\n<li><strong>Notas de coraz\u00f3n:<\/strong> Cyclamen, Magnolia, Peon\u00eda, Rosa Damasco<\/li>\n<li><strong>Notas de salida:<\/strong> Notas de madera, Almizcle<\/li>\n<\/ul>","protected":false},"excerpt":{"rendered":"<p>Abrace el encantador encanto de Lattafa Muna EDP. Una fragancia femenina que celebra la vibrante energ\u00eda de las frutas y la delicada belleza de las flores. Esta cautivadora fragancia, meticulosamente elaborada por Lattafa Perfumes, ofrece una experiencia olfativa \u00fanica y refrescante, perfecta para quienes buscan una fragancia juguetona y sofisticada a la vez. En primer [&hellip;]<\/p>\n","protected":false},"featured_media":2344,"comment_status":"open","ping_status":"closed","template":"","meta":[],"product_brand":[310],"product_cat":[225],"product_tag":[59,387,165,472,457,57,279,352],"class_list":{"0":"post-2345","1":"product","2":"type-product","3":"status-publish","4":"has-post-thumbnail","6":"product_brand-lattafa","7":"product_cat-perfumes-y-fragancias","8":"product_tag-almizcle","9":"product_tag-cyclamen","10":"product_tag-fresa","11":"product_tag-magnolia","12":"product_tag-notas-de-madera","13":"product_tag-peonia","14":"product_tag-rosa-damasco","15":"product_tag-sandia","17":"first","18":"instock","19":"taxable","20":"shipping-taxable","21":"product-type-simple"},"_links":{"self":[{"href":"https:\/\/novaluxeurope.com\/en\/wp-json\/wp\/v2\/product\/2345","targetHints":{"allow":["GET"]}}],"collection":[{"href":"https:\/\/novaluxeurope.com\/en\/wp-json\/wp\/v2\/product"}],"about":[{"href":"https:\/\/novaluxeurope.com\/en\/wp-json\/wp\/v2\/types\/product"}],"replies":[{"embeddable":true,"href":"https:\/\/novaluxeurope.com\/en\/wp-json\/wp\/v2\/comments?post=2345"}],"wp:featuredmedia":[{"embeddable":true,"href":"https:\/\/novaluxeurope.com\/en\/wp-json\/wp\/v2\/media\/2344"}],"wp:attachment":[{"href":"https:\/\/novaluxeurope.com\/en\/wp-json\/wp\/v2\/media?parent=2345"}],"wp:term":[{"taxonomy":"product_brand","embeddable":true,"href":"https:\/\/novaluxeurope.com\/en\/wp-json\/wp\/v2\/product_brand?post=2345"},{"taxonomy":"product_cat","embeddable":true,"href":"https:\/\/novaluxeurope.com\/en\/wp-json\/wp\/v2\/product_cat?post=2345"},{"taxonomy":"product_tag","embeddable":true,"href":"https:\/\/novaluxeurope.com\/en\/wp-json\/wp\/v2\/product_tag?post=2345"}],"curies":[{"name":"wp","href":"https:\/\/api.w.org\/{rel}","templated":true}]}}