{"id":2343,"date":"2026-04-10T15:38:11","date_gmt":"2026-04-10T15:38:11","guid":{"rendered":"https:\/\/novaluxeurope.com\/producto\/lattafa-mohra-silky-rose-2\/"},"modified":"2026-05-10T00:01:17","modified_gmt":"2026-05-10T00:01:17","slug":"lattafa-mohra-silky-rose-2","status":"publish","type":"product","link":"https:\/\/novaluxeurope.com\/en\/product\/lattafa-mohra-silky-rose-2\/","title":{"rendered":"Lattafa Mohra Silky Rose"},"content":{"rendered":"<p><strong>La fragancia de la delicadeza y la elegancia que hay en cada una de nosotras<\/strong><\/p>\n<p>Encarna tu lado m\u00e1s rom\u00e1ntico, tu fuerza femenina y tu determinaci\u00f3n. El eau de parfum para mujer Lattafa Mohra Silky Rose combina notas florales, creando una fragancia armoniosa y sensual. Es la opci\u00f3n ideal para aquellas mujeres que deseen expresar su elegancia y suavidad a diario. \u00bfEst\u00e1s preparada para disfrutar de una cascada de flores y dulce vainilla?<\/p>\n<ul>\n<li>fragancia floral para mujer<\/li>\n<li>se inspira en la belleza y la riqueza de Oriente<\/li>\n<li>en un delicado frasco lleno de feminidad<\/li>\n<\/ul>\n<p><strong>Composici\u00f3n de la fragancia:<\/strong><br \/>\u00bfA qu\u00e9 huele un cuento encerrado en un frasco? Comienza con unas notas frutales frescas de jugoso lichi y pimienta rosa que proporcionan un inicio excitante. En las notas de coraz\u00f3n se encuentra la tierna e intensa rosa junto con el delicado lirio de los valles y el sensual almizcle. Las notas se entrelazan todo el tiempo con cremosa vainilla, rico pachuli y sensual almizcle.<\/p>\n<p><strong>Historia de la fragancia:<\/strong><br \/>La marca Lattafa fue fundada en el a\u00f1o 1980 por Sheikh Shahid Ahmad y Shoaib Iqbal con la visi\u00f3n de ofrecer a los clientes de Oriente Pr\u00f3ximo fragancias lujosas y de buena calidad. El nombre Lattafa proviene de las palabras \u00e1rabes \u00abLatif\u00bb (amabilidad) y \u00abLateefa\u00bb (agradable). En el a\u00f1o 1992, la marca ampli\u00f3 sus fronteras m\u00e1s all\u00e1 de Oriente Pr\u00f3ximo y, en la actualidad, despu\u00e9s de muchos a\u00f1os, es un destacado productor de perfumes que ha cautivado a muchas personas, y no solo con su fragancia Lattafa Mohra Silky Rose.<\/p>\n<h4>Pir\u00e1mide olfativa<\/h4>\n<ul>\n<li><strong>Notas de entrada:<\/strong> Espejo virtual:Prueba maquillaje online, Espejo virtual:, Shade Finder: Encuentrael tono de maquillaje adecuado, Shade Finder: Encuentra, Fant\u00e1sticos regaloscon tu compra, Fant\u00e1sticos regalos, Espejo virtual:Prueba maquillaje online, Espejo virtual:, Ll\u00e1manos al 912 90 14 19, Espejo virtual:Prueba maquillaje online, Espejo virtual:, Shade Finder: Encuentrael tono de maquillaje adecuado, Shade Finder: Encuentra, Fant\u00e1sticos regaloscon tu compra, Fant\u00e1sticos regalos, Espejo virtual:Prueba maquillaje online, Espejo virtual:<\/li>\n<li><strong>Notas de coraz\u00f3n:<\/strong> Espejo virtual:Prueba maquillaje online, Espejo virtual:, Shade Finder: Encuentrael tono de maquillaje adecuado, Shade Finder: Encuentra, Fant\u00e1sticos regaloscon tu compra, Fant\u00e1sticos regalos, Espejo virtual:Prueba maquillaje online, Espejo virtual:, Ll\u00e1manos al 912 90 14 19, Espejo virtual:Prueba maquillaje online, Espejo virtual:, Shade Finder: Encuentrael tono de maquillaje adecuado, Shade Finder: Encuentra, Fant\u00e1sticos regaloscon tu compra, Fant\u00e1sticos regalos, Espejo virtual:Prueba maquillaje online, Espejo virtual:<\/li>\n<\/ul>","protected":false},"excerpt":{"rendered":"<p>La fragancia de la delicadeza y la elegancia que hay en cada una de nosotras Encarna tu lado m\u00e1s rom\u00e1ntico, tu fuerza femenina y tu determinaci\u00f3n. El eau de parfum para mujer Lattafa Mohra Silky Rose combina notas florales, creando una fragancia armoniosa y sensual. Es la opci\u00f3n ideal para aquellas mujeres que deseen expresar [&hellip;]<\/p>\n","protected":false},"featured_media":1607,"comment_status":"open","ping_status":"closed","template":"","meta":[],"product_brand":[310],"product_cat":[225],"product_tag":[314,315,316,317,318,319,320],"class_list":{"0":"post-2343","1":"product","2":"type-product","3":"status-publish","4":"has-post-thumbnail","6":"product_brand-lattafa","7":"product_cat-perfumes-y-fragancias","8":"product_tag-espejo-virtual","9":"product_tag-espejo-virtualprueba-maquillaje-online","10":"product_tag-fantasticos-regalos","11":"product_tag-fantasticos-regaloscon-tu-compra","12":"product_tag-llamanos-al-912-90-14-19","13":"product_tag-shade-finder-encuentra","14":"product_tag-shade-finder-encuentrael-tono-de-maquillaje-adecuado","16":"first","17":"instock","18":"taxable","19":"shipping-taxable","20":"product-type-simple"},"_links":{"self":[{"href":"https:\/\/novaluxeurope.com\/en\/wp-json\/wp\/v2\/product\/2343","targetHints":{"allow":["GET"]}}],"collection":[{"href":"https:\/\/novaluxeurope.com\/en\/wp-json\/wp\/v2\/product"}],"about":[{"href":"https:\/\/novaluxeurope.com\/en\/wp-json\/wp\/v2\/types\/product"}],"replies":[{"embeddable":true,"href":"https:\/\/novaluxeurope.com\/en\/wp-json\/wp\/v2\/comments?post=2343"}],"wp:featuredmedia":[{"embeddable":true,"href":"https:\/\/novaluxeurope.com\/en\/wp-json\/wp\/v2\/media\/1607"}],"wp:attachment":[{"href":"https:\/\/novaluxeurope.com\/en\/wp-json\/wp\/v2\/media?parent=2343"}],"wp:term":[{"taxonomy":"product_brand","embeddable":true,"href":"https:\/\/novaluxeurope.com\/en\/wp-json\/wp\/v2\/product_brand?post=2343"},{"taxonomy":"product_cat","embeddable":true,"href":"https:\/\/novaluxeurope.com\/en\/wp-json\/wp\/v2\/product_cat?post=2343"},{"taxonomy":"product_tag","embeddable":true,"href":"https:\/\/novaluxeurope.com\/en\/wp-json\/wp\/v2\/product_tag?post=2343"}],"curies":[{"name":"wp","href":"https:\/\/api.w.org\/{rel}","templated":true}]}}