{"id":2337,"date":"2026-04-10T15:38:08","date_gmt":"2026-04-10T15:38:08","guid":{"rendered":"https:\/\/novaluxeurope.com\/producto\/lattafa-mazaaji-edp-u-100-ml\/"},"modified":"2026-04-24T13:31:49","modified_gmt":"2026-04-24T13:31:49","slug":"lattafa-mazaaji-edp-u-100-ml","status":"publish","type":"product","link":"https:\/\/novaluxeurope.com\/en\/product\/lattafa-mazaaji-edp-u-100-ml\/","title":{"rendered":"Lattafa Mazaaji"},"content":{"rendered":"<p>Presentamos el Mazaaji Eau de Parfum Spray de Lattafa, una cautivadora fragancia unisex que encarna la esencia de las notas florales y afrutadas. Elaborada por la prestigiosa casa de dise\u00f1o de Oriente Medio Lattafa, esta fragancia es perfecta para quienes aprecian un aroma sofisticado y equilibrado. Mazaaji se abre con el encantador aroma del azahar y el jazm\u00edn, creando una experiencia fresca y vigorizante. A medida que la fragancia evoluciona, las notas de coraz\u00f3n de rosas y otros elementos florales revelan un bouquet rico y rom\u00e1ntico. Las notas de fondo de almizcle blanco y acordes empolvados proporcionan un acabado suave y duradero que perdura en la piel. El tama\u00f1o de 100 ml de este vaporizador EDP le garantiza que tendr\u00e1 suficiente cantidad de este delicioso aroma para toda la vida, lo que lo convierte en una excelente adici\u00f3n a su colecci\u00f3n de fragancias. Mazaaji de Lattafa es la elecci\u00f3n perfecta tanto si desea destacar en un evento especial como si simplemente quiere disfrutar de un lujoso aroma a diario. NOTAS DE PERFUME Notas altas: Azahar, Jazm\u00edn Notas medias: Rosa turca, Rosa b\u00falgara, Notas florales Notas de fondo: Almizcle blanco, notas empolvadas<\/p>\n<h4>Pir\u00e1mide olfativa<\/h4>\n<ul>\n<li><strong>Notas de entrada:<\/strong> Azahar, Jazm\u00edn<\/li>\n<li><strong>Notas de coraz\u00f3n:<\/strong> Rosa turca, Rosa b\u00falgara, Notas florales<\/li>\n<li><strong>Notas de salida:<\/strong> Almizcle blanco, Notas empolvadas<\/li>\n<\/ul>","protected":false},"excerpt":{"rendered":"<p>Presentamos el Mazaaji Eau de Parfum Spray de Lattafa, una cautivadora fragancia unisex que encarna la esencia de las notas florales y afrutadas. Elaborada por la prestigiosa casa de dise\u00f1o de Oriente Medio Lattafa, esta fragancia es perfecta para quienes aprecian un aroma sofisticado y equilibrado. Mazaaji se abre con el encantador aroma del azahar [&hellip;]<\/p>\n","protected":false},"featured_media":2336,"comment_status":"open","ping_status":"closed","template":"","meta":[],"product_brand":[310],"product_cat":[225],"product_tag":[169,353,56,471,333,433,434],"class_list":{"0":"post-2337","1":"product","2":"type-product","3":"status-publish","4":"has-post-thumbnail","6":"product_brand-lattafa","7":"product_cat-perfumes-y-fragancias","8":"product_tag-almizcle-blanco","9":"product_tag-azahar","10":"product_tag-jazmin","11":"product_tag-notas-empolvadas","12":"product_tag-notas-florales","13":"product_tag-rosa-bulgara","14":"product_tag-rosa-turca","16":"first","17":"outofstock","18":"taxable","19":"shipping-taxable","20":"product-type-simple"},"_links":{"self":[{"href":"https:\/\/novaluxeurope.com\/en\/wp-json\/wp\/v2\/product\/2337","targetHints":{"allow":["GET"]}}],"collection":[{"href":"https:\/\/novaluxeurope.com\/en\/wp-json\/wp\/v2\/product"}],"about":[{"href":"https:\/\/novaluxeurope.com\/en\/wp-json\/wp\/v2\/types\/product"}],"replies":[{"embeddable":true,"href":"https:\/\/novaluxeurope.com\/en\/wp-json\/wp\/v2\/comments?post=2337"}],"wp:featuredmedia":[{"embeddable":true,"href":"https:\/\/novaluxeurope.com\/en\/wp-json\/wp\/v2\/media\/2336"}],"wp:attachment":[{"href":"https:\/\/novaluxeurope.com\/en\/wp-json\/wp\/v2\/media?parent=2337"}],"wp:term":[{"taxonomy":"product_brand","embeddable":true,"href":"https:\/\/novaluxeurope.com\/en\/wp-json\/wp\/v2\/product_brand?post=2337"},{"taxonomy":"product_cat","embeddable":true,"href":"https:\/\/novaluxeurope.com\/en\/wp-json\/wp\/v2\/product_cat?post=2337"},{"taxonomy":"product_tag","embeddable":true,"href":"https:\/\/novaluxeurope.com\/en\/wp-json\/wp\/v2\/product_tag?post=2337"}],"curies":[{"name":"wp","href":"https:\/\/api.w.org\/{rel}","templated":true}]}}