{"id":2334,"date":"2026-04-10T15:38:06","date_gmt":"2026-04-10T15:38:06","guid":{"rendered":"https:\/\/novaluxeurope.com\/producto\/lattafa-mayar-natural-intense\/"},"modified":"2026-05-08T12:01:34","modified_gmt":"2026-05-08T12:01:34","slug":"lattafa-mayar-natural-intense","status":"publish","type":"product","link":"https:\/\/novaluxeurope.com\/en\/product\/lattafa-mayar-natural-intense\/","title":{"rendered":"Lattafa Mayar Natural Intense"},"content":{"rendered":"<p dir=\"ltr\">Descubre la magia de una frescura que no te abandona en todo el d\u00eda. El spray corporal para mujer Mayar Natural Intense All Over Spray es una fragancia floral y acu\u00e1tica con marcados elementos frutales. Cada vez que la huelas, sentir\u00e1s una caricia delicada y pura que transmite una impresi\u00f3n femenina y equilibrada.<\/p>\n<p dir=\"ltr\"><strong>Propiedades:<\/strong><\/p>\n<ul>\n<li value=\"1\">fragancia para mujer fresca, frutal y floral<\/li>\n<li value=\"2\">deja una agradable sensaci\u00f3n de pureza sobre la piel<\/li>\n<li value=\"3\">resalta la feminidad natural<\/li>\n<li value=\"4\">un complemento perfumado del eau de parfum del mismo nombre<\/li>\n<\/ul>\n<p dir=\"ltr\"><strong>Fragancia caracter\u00edstica:<\/strong><\/p>\n<ul>\n<li value=\"1\">notas de cabeza: higo, agua de coco, mandarina verde, sand\u00eda<\/li>\n<li value=\"2\">notas de coraz\u00f3n: loto, jazm\u00edn, nen\u00fafar<\/li>\n<li value=\"3\">notas de fondo: almizcle, madera de s\u00e1ndalo, vainilla, ambroxan<\/li>\n<\/ul>\n<h4>Pir\u00e1mide olfativa<\/h4>\n<ul>\n<li><strong>Notas de entrada:<\/strong> agua de coco, higo, mandarina verde, sand\u00eda<\/li>\n<li><strong>Notas de coraz\u00f3n:<\/strong> jazm\u00edn, nen\u00fafar, loto<\/li>\n<li><strong>Notas de salida:<\/strong> ambroxan, madera de s\u00e1ndalo, vainilla, almizcle<\/li>\n<\/ul>","protected":false},"excerpt":{"rendered":"<p>Descubre la magia de una frescura que no te abandona en todo el d\u00eda. El spray corporal para mujer Mayar Natural Intense All Over Spray es una fragancia floral y acu\u00e1tica con marcados elementos frutales. Cada vez que la huelas, sentir\u00e1s una caricia delicada y pura que transmite una impresi\u00f3n femenina y equilibrada. Propiedades: fragancia [&hellip;]<\/p>\n","protected":false},"featured_media":2333,"comment_status":"open","ping_status":"closed","template":"","meta":[],"product_brand":[310],"product_cat":[225],"product_tag":[429,59,76,464,56,240,47,470,136,352,63],"class_list":{"0":"post-2334","1":"product","2":"type-product","3":"status-publish","4":"has-post-thumbnail","6":"product_brand-lattafa","7":"product_cat-perfumes-y-fragancias","8":"product_tag-agua-de-coco","9":"product_tag-almizcle","10":"product_tag-ambroxan","11":"product_tag-higo","12":"product_tag-jazmin","13":"product_tag-loto","14":"product_tag-madera-de-sandalo","15":"product_tag-mandarina-verde","16":"product_tag-nenufar","17":"product_tag-sandia","18":"product_tag-vainilla","20":"first","21":"instock","22":"taxable","23":"shipping-taxable","24":"product-type-simple"},"_links":{"self":[{"href":"https:\/\/novaluxeurope.com\/en\/wp-json\/wp\/v2\/product\/2334","targetHints":{"allow":["GET"]}}],"collection":[{"href":"https:\/\/novaluxeurope.com\/en\/wp-json\/wp\/v2\/product"}],"about":[{"href":"https:\/\/novaluxeurope.com\/en\/wp-json\/wp\/v2\/types\/product"}],"replies":[{"embeddable":true,"href":"https:\/\/novaluxeurope.com\/en\/wp-json\/wp\/v2\/comments?post=2334"}],"wp:featuredmedia":[{"embeddable":true,"href":"https:\/\/novaluxeurope.com\/en\/wp-json\/wp\/v2\/media\/2333"}],"wp:attachment":[{"href":"https:\/\/novaluxeurope.com\/en\/wp-json\/wp\/v2\/media?parent=2334"}],"wp:term":[{"taxonomy":"product_brand","embeddable":true,"href":"https:\/\/novaluxeurope.com\/en\/wp-json\/wp\/v2\/product_brand?post=2334"},{"taxonomy":"product_cat","embeddable":true,"href":"https:\/\/novaluxeurope.com\/en\/wp-json\/wp\/v2\/product_cat?post=2334"},{"taxonomy":"product_tag","embeddable":true,"href":"https:\/\/novaluxeurope.com\/en\/wp-json\/wp\/v2\/product_tag?post=2334"}],"curies":[{"name":"wp","href":"https:\/\/api.w.org\/{rel}","templated":true}]}}