{"id":2331,"date":"2026-04-10T15:38:03","date_gmt":"2026-04-10T15:38:03","guid":{"rendered":"https:\/\/novaluxeurope.com\/producto\/lattafa-mayar\/"},"modified":"2026-05-10T12:01:12","modified_gmt":"2026-05-10T12:01:12","slug":"lattafa-mayar","status":"publish","type":"product","link":"https:\/\/novaluxeurope.com\/en\/product\/lattafa-mayar\/","title":{"rendered":"Lattafa Mayar"},"content":{"rendered":"<p dir=\"ltr\"><strong>Pasea por un jard\u00edn florido<\/strong><\/p>\n<p dir=\"ltr\">Suscita admiraci\u00f3n a tu alrededor con la huella de tu fragancia. El eau de parfum para mujer Lattafa Mayar re\u00fane en su interior fruta dulce, flores delicadas y notas c\u00e1lidas amaderadas. Desde el primer momento te encantar\u00e1 por su elegancia y delicadeza. Mayar es la opci\u00f3n ideal para las mujeres que buscan algo excepcional y sofisticado que las acompa\u00f1e todo el d\u00eda.<\/p>\n<ul>\n<li value=\"1\">fragancia floral-frutal<\/li>\n<li value=\"2\">se lanz\u00f3 en el a\u00f1o 2022<\/li>\n<li value=\"3\">en un delicado frasco que refleja la belleza femenina<\/li>\n<\/ul>\n<p dir=\"ltr\"><strong>Composici\u00f3n de la fragancia:<\/strong><br \/>Composici\u00f3n floral que comienza con un car\u00e1cter refrescante y frutal, combinando el frescor de la frambuesa, el exotismo del lichi y el dulzor de la grosella negra. Al difuminarse las notas de salida, aparecen las notas de coraz\u00f3n florales, formadas por la delicada rosa, la magnolia y un toque de benzo\u00edna, que le aporta a la fragancia un elemento de dulzor y profundidad. En las notas de fondo, la fragancia pasa a un acorde c\u00e1lido con una mezcla de ambarino pachuli.\u00a0<\/p>\n<p dir=\"ltr\"><strong>Historia de la fragancia:<\/strong><br \/>Lattafa es una marca familiar que lleva ya tres generaciones combinando la tradici\u00f3n con la innovaci\u00f3n al crear sus perfumes. Con m\u00e1s de 2000 productos y presente en m\u00e1s de 120 pa\u00edses, ha logrado reconocimiento y popularidad en todo el mundo. Todos sus perfumes, incluido Lattafa Mayar, son concebidos cuidadosamente, bas\u00e1ndose en una artesan\u00eda esmerada y una visi\u00f3n personalizada. Lattafa insiste tambi\u00e9n en la sostenibilidad y en la responsabilidad con el medioambiente, porque sabe que las fragancias deber\u00edan estar siempre en armon\u00eda con el cuidado de nuestro planeta.<\/p>\n<h4>Pir\u00e1mide olfativa<\/h4>\n<ul>\n<li><strong>Notas de entrada:<\/strong> Espejo virtual:Prueba maquillaje online, Espejo virtual:, Mi Discovery Box:5 muestras a tu elecci\u00f3n, Mi Discovery Box:, Fant\u00e1sticos regaloscon tu compra, Fant\u00e1sticos regalos, Espejo virtual:Prueba maquillaje online, Espejo virtual:, Ll\u00e1manos al 912 90 14 19, Espejo virtual:Prueba maquillaje online, Espejo virtual:, Mi Discovery Box:5 muestras a tu elecci\u00f3n, Mi Discovery Box:, Fant\u00e1sticos regaloscon tu compra, Fant\u00e1sticos regalos, Espejo virtual:Prueba maquillaje online, Espejo virtual:<\/li>\n<li><strong>Notas de coraz\u00f3n:<\/strong> Espejo virtual:Prueba maquillaje online, Espejo virtual:, Mi Discovery Box:5 muestras a tu elecci\u00f3n, Mi Discovery Box:, Fant\u00e1sticos regaloscon tu compra, Fant\u00e1sticos regalos, Espejo virtual:Prueba maquillaje online, Espejo virtual:, Ll\u00e1manos al 912 90 14 19, Espejo virtual:Prueba maquillaje online, Espejo virtual:, Mi Discovery Box:5 muestras a tu elecci\u00f3n, Mi Discovery Box:, Fant\u00e1sticos regaloscon tu compra, Fant\u00e1sticos regalos, Espejo virtual:Prueba maquillaje online, Espejo virtual:<\/li>\n<li><strong>Notas de salida:<\/strong> Espejo virtual:Prueba maquillaje online, Espejo virtual:, Mi Discovery Box:5 muestras a tu elecci\u00f3n, Mi Discovery Box:, Fant\u00e1sticos regaloscon tu compra, Fant\u00e1sticos regalos, Espejo virtual:Prueba maquillaje online, Espejo virtual:, Ll\u00e1manos al 912 90 14 19, Espejo virtual:Prueba maquillaje online, Espejo virtual:, Mi Discovery Box:5 muestras a tu elecci\u00f3n, Mi Discovery Box:, Fant\u00e1sticos regaloscon tu compra, Fant\u00e1sticos regalos, Espejo virtual:Prueba maquillaje online, Espejo virtual:<\/li>\n<\/ul>","protected":false},"excerpt":{"rendered":"<p>Pasea por un jard\u00edn florido Suscita admiraci\u00f3n a tu alrededor con la huella de tu fragancia. El eau de parfum para mujer Lattafa Mayar re\u00fane en su interior fruta dulce, flores delicadas y notas c\u00e1lidas amaderadas. Desde el primer momento te encantar\u00e1 por su elegancia y delicadeza. Mayar es la opci\u00f3n ideal para las mujeres [&hellip;]<\/p>\n","protected":false},"featured_media":2330,"comment_status":"open","ping_status":"closed","template":"","meta":[],"product_brand":[310],"product_cat":[225],"product_tag":[314,315,316,317,318,335,336],"class_list":{"0":"post-2331","1":"product","2":"type-product","3":"status-publish","4":"has-post-thumbnail","6":"product_brand-lattafa","7":"product_cat-perfumes-y-fragancias","8":"product_tag-espejo-virtual","9":"product_tag-espejo-virtualprueba-maquillaje-online","10":"product_tag-fantasticos-regalos","11":"product_tag-fantasticos-regaloscon-tu-compra","12":"product_tag-llamanos-al-912-90-14-19","13":"product_tag-mi-discovery-box","14":"product_tag-mi-discovery-box5-muestras-a-tu-eleccion","16":"first","17":"instock","18":"taxable","19":"shipping-taxable","20":"product-type-simple"},"_links":{"self":[{"href":"https:\/\/novaluxeurope.com\/en\/wp-json\/wp\/v2\/product\/2331","targetHints":{"allow":["GET"]}}],"collection":[{"href":"https:\/\/novaluxeurope.com\/en\/wp-json\/wp\/v2\/product"}],"about":[{"href":"https:\/\/novaluxeurope.com\/en\/wp-json\/wp\/v2\/types\/product"}],"replies":[{"embeddable":true,"href":"https:\/\/novaluxeurope.com\/en\/wp-json\/wp\/v2\/comments?post=2331"}],"wp:featuredmedia":[{"embeddable":true,"href":"https:\/\/novaluxeurope.com\/en\/wp-json\/wp\/v2\/media\/2330"}],"wp:attachment":[{"href":"https:\/\/novaluxeurope.com\/en\/wp-json\/wp\/v2\/media?parent=2331"}],"wp:term":[{"taxonomy":"product_brand","embeddable":true,"href":"https:\/\/novaluxeurope.com\/en\/wp-json\/wp\/v2\/product_brand?post=2331"},{"taxonomy":"product_cat","embeddable":true,"href":"https:\/\/novaluxeurope.com\/en\/wp-json\/wp\/v2\/product_cat?post=2331"},{"taxonomy":"product_tag","embeddable":true,"href":"https:\/\/novaluxeurope.com\/en\/wp-json\/wp\/v2\/product_tag?post=2331"}],"curies":[{"name":"wp","href":"https:\/\/api.w.org\/{rel}","templated":true}]}}