{"id":2324,"date":"2026-04-10T15:38:01","date_gmt":"2026-04-10T15:38:01","guid":{"rendered":"https:\/\/novaluxeurope.com\/producto\/lattafa-malik-al-tayoor-concentrated-edp-m-100-ml\/"},"modified":"2026-04-24T13:31:49","modified_gmt":"2026-04-24T13:31:49","slug":"lattafa-malik-al-tayoor-concentrated-edp-m-100-ml","status":"publish","type":"product","link":"https:\/\/novaluxeurope.com\/en\/product\/lattafa-malik-al-tayoor-concentrated-edp-m-100-ml\/","title":{"rendered":"Lattafa Malik Al Tayoor Concentrated"},"content":{"rendered":"<p>Presentamos Malik Al Tayoor Concentrado de Lattafa , una cautivadora fragancia masculina lanzada en 2022. Esta fragancia arom\u00e1tica, elaborada por la renombrada casa de dise\u00f1o de Oriente Medio Lattafa, es originaria de los Emiratos \u00c1rabes Unidos. Como Eau de Parfum (EDP) en spray, ofrece un aroma rico y duradero, perfecto para cualquier ocasi\u00f3n. Malik Al Tayoor Concentrado se abre con una refrescante explosi\u00f3n de jazm\u00edn, grosella negra y c\u00edtricos. Estas notas de salida crean una introducci\u00f3n vibrante y vigorizante que capta inmediatamente la atenci\u00f3n. A medida que la fragancia se desarrolla, las notas de coraz\u00f3n de Trufa Negra e Ylang-Ylang a\u00f1aden una dimensi\u00f3n sofisticada y terrosa, realzando la complejidad general del aroma. Las notas de fondo de Pachul\u00ed, S\u00e1ndalo, Incienso, \u00c1mbar, Vetiver, Vainilla y B\u00e1lsamo proporcionan una base c\u00e1lida y sensual, dejando una impresi\u00f3n duradera que perdura a lo largo del d\u00eda. Esta mezcla de ingredientes expertamente equilibrada convierte a Malik Al Tayoor Concentrado en una elecci\u00f3n vers\u00e1til para el hombre moderno que aprecia una fragancia distintiva y refinada. Envasado en un elegante frasco de 100 ml, este vaporizador EDP es perfecto para llevar a diario o en ocasiones especiales. El c\u00f3digo de barras de este producto es 6291108731857, lo que garantiza su autenticidad y calidad. Experimente el encanto de Malik Al Tayoor Concentrado de Lattafa, una fragancia que encarna la elegancia y el misterio de la perfumer\u00eda de Oriente Medio. NOTAS DE PERFUME Notas de salida: Jazm\u00edn, grosella negra, c\u00edtricos Notas medias: Trufa negra, Ylang-Ylang Notas de fondo: Pachul\u00ed, S\u00e1ndalo, Incienso, \u00c1mbar, Vetiver, Vainilla, B\u00e1lsamo<\/p>\n<h4>Pir\u00e1mide olfativa<\/h4>\n<ul>\n<li><strong>Notas de entrada:<\/strong> Jazm\u00edn, Grosella negra, C\u00edtricos<\/li>\n<li><strong>Notas de coraz\u00f3n:<\/strong> Trufa negra, Ylang-Ylang<\/li>\n<li><strong>Notas de salida:<\/strong> Pachul\u00ed, S\u00e1ndalo, Incienso, \u00c1mbar, Vetiver, Vainilla, B\u00e1lsamo<\/li>\n<\/ul>","protected":false},"excerpt":{"rendered":"<p>Presentamos Malik Al Tayoor Concentrado de Lattafa , una cautivadora fragancia masculina lanzada en 2022. Esta fragancia arom\u00e1tica, elaborada por la renombrada casa de dise\u00f1o de Oriente Medio Lattafa, es originaria de los Emiratos \u00c1rabes Unidos. Como Eau de Parfum (EDP) en spray, ofrece un aroma rico y duradero, perfecto para cualquier ocasi\u00f3n. Malik Al [&hellip;]<\/p>\n","protected":false},"featured_media":2323,"comment_status":"open","ping_status":"closed","template":"","meta":[],"product_brand":[310],"product_cat":[225],"product_tag":[52,468,158,111,127,56,67,174,469,63,50,149],"class_list":{"0":"post-2324","1":"product","2":"type-product","3":"status-publish","4":"has-post-thumbnail","6":"product_brand-lattafa","7":"product_cat-perfumes-y-fragancias","8":"product_tag-ambar","9":"product_tag-balsamo","10":"product_tag-citricos","11":"product_tag-grosella-negra","12":"product_tag-incienso","13":"product_tag-jazmin","14":"product_tag-pachuli","15":"product_tag-sandalo","16":"product_tag-trufa-negra","17":"product_tag-vainilla","18":"product_tag-vetiver","19":"product_tag-ylang-ylang","21":"first","22":"outofstock","23":"taxable","24":"shipping-taxable","25":"product-type-simple"},"_links":{"self":[{"href":"https:\/\/novaluxeurope.com\/en\/wp-json\/wp\/v2\/product\/2324","targetHints":{"allow":["GET"]}}],"collection":[{"href":"https:\/\/novaluxeurope.com\/en\/wp-json\/wp\/v2\/product"}],"about":[{"href":"https:\/\/novaluxeurope.com\/en\/wp-json\/wp\/v2\/types\/product"}],"replies":[{"embeddable":true,"href":"https:\/\/novaluxeurope.com\/en\/wp-json\/wp\/v2\/comments?post=2324"}],"wp:featuredmedia":[{"embeddable":true,"href":"https:\/\/novaluxeurope.com\/en\/wp-json\/wp\/v2\/media\/2323"}],"wp:attachment":[{"href":"https:\/\/novaluxeurope.com\/en\/wp-json\/wp\/v2\/media?parent=2324"}],"wp:term":[{"taxonomy":"product_brand","embeddable":true,"href":"https:\/\/novaluxeurope.com\/en\/wp-json\/wp\/v2\/product_brand?post=2324"},{"taxonomy":"product_cat","embeddable":true,"href":"https:\/\/novaluxeurope.com\/en\/wp-json\/wp\/v2\/product_cat?post=2324"},{"taxonomy":"product_tag","embeddable":true,"href":"https:\/\/novaluxeurope.com\/en\/wp-json\/wp\/v2\/product_tag?post=2324"}],"curies":[{"name":"wp","href":"https:\/\/api.w.org\/{rel}","templated":true}]}}