{"id":2322,"date":"2026-04-10T15:38:01","date_gmt":"2026-04-10T15:38:01","guid":{"rendered":"https:\/\/novaluxeurope.com\/producto\/lattafa-mahasin-crystal-violet-2\/"},"modified":"2026-04-24T13:14:04","modified_gmt":"2026-04-24T13:14:04","slug":"lattafa-mahasin-crystal-violet-2","status":"publish","type":"product","link":"https:\/\/novaluxeurope.com\/en\/product\/lattafa-mahasin-crystal-violet-2\/","title":{"rendered":"Lattafa Mahasin Crystal Violet"},"content":{"rendered":"<p>Una lujosa fragancia es siempre la elecci\u00f3n ideal cuando quieres darle una alegr\u00eda a alguien. El set de perfumes para mujer Lattafa Mahasin Crystal Violet en un precioso envase multiplicar\u00e1 la alegr\u00eda de quien reciba el regalo. Apuesta por el atractivo de un lote bien combinado que enamorar\u00e1 a cualquier mujer a primera vista.<\/p>\n<p><strong>Contenido del lote:<\/strong><\/p>\n<ul>\n<li>Eau de Parfum 100 ml<\/li>\n<li>desodorante en spray 50 ml<\/li>\n<\/ul>\n<h4>Pir\u00e1mide olfativa<\/h4>\n<ul>\n<li><strong>Notas de entrada:<\/strong> clementina, frambuesa, grosella negra<\/li>\n<li><strong>Notas de coraz\u00f3n:<\/strong> flor de naranjo, gardenia de Tahit\u00ed, fresia, orqu\u00eddea<\/li>\n<li><strong>Notas de salida:<\/strong> almizcle, vainilla, madera de s\u00e1ndalo, madera de cedro<\/li>\n<\/ul>","protected":false},"excerpt":{"rendered":"<p>Una lujosa fragancia es siempre la elecci\u00f3n ideal cuando quieres darle una alegr\u00eda a alguien. El set de perfumes para mujer Lattafa Mahasin Crystal Violet en un precioso envase multiplicar\u00e1 la alegr\u00eda de quien reciba el regalo. Apuesta por el atractivo de un lote bien combinado que enamorar\u00e1 a cualquier mujer a primera vista. Contenido [&hellip;]<\/p>\n","protected":false},"featured_media":1769,"comment_status":"open","ping_status":"closed","template":"","meta":[],"product_brand":[310],"product_cat":[225],"product_tag":[59,313,84,97,364,145,111,46,47,248,63],"class_list":{"0":"post-2322","1":"product","2":"type-product","3":"status-publish","4":"has-post-thumbnail","6":"product_brand-lattafa","7":"product_cat-perfumes-y-fragancias","8":"product_tag-almizcle","9":"product_tag-clementina","10":"product_tag-flor-de-naranjo","11":"product_tag-frambuesa","12":"product_tag-fresia","13":"product_tag-gardenia-de-tahiti","14":"product_tag-grosella-negra","15":"product_tag-madera-de-cedro","16":"product_tag-madera-de-sandalo","17":"product_tag-orquidea","18":"product_tag-vainilla","20":"first","21":"outofstock","22":"taxable","23":"shipping-taxable","24":"product-type-simple"},"_links":{"self":[{"href":"https:\/\/novaluxeurope.com\/en\/wp-json\/wp\/v2\/product\/2322","targetHints":{"allow":["GET"]}}],"collection":[{"href":"https:\/\/novaluxeurope.com\/en\/wp-json\/wp\/v2\/product"}],"about":[{"href":"https:\/\/novaluxeurope.com\/en\/wp-json\/wp\/v2\/types\/product"}],"replies":[{"embeddable":true,"href":"https:\/\/novaluxeurope.com\/en\/wp-json\/wp\/v2\/comments?post=2322"}],"wp:featuredmedia":[{"embeddable":true,"href":"https:\/\/novaluxeurope.com\/en\/wp-json\/wp\/v2\/media\/1769"}],"wp:attachment":[{"href":"https:\/\/novaluxeurope.com\/en\/wp-json\/wp\/v2\/media?parent=2322"}],"wp:term":[{"taxonomy":"product_brand","embeddable":true,"href":"https:\/\/novaluxeurope.com\/en\/wp-json\/wp\/v2\/product_brand?post=2322"},{"taxonomy":"product_cat","embeddable":true,"href":"https:\/\/novaluxeurope.com\/en\/wp-json\/wp\/v2\/product_cat?post=2322"},{"taxonomy":"product_tag","embeddable":true,"href":"https:\/\/novaluxeurope.com\/en\/wp-json\/wp\/v2\/product_tag?post=2322"}],"curies":[{"name":"wp","href":"https:\/\/api.w.org\/{rel}","templated":true}]}}