{"id":2321,"date":"2026-04-10T15:38:00","date_gmt":"2026-04-10T15:38:00","guid":{"rendered":"https:\/\/novaluxeurope.com\/producto\/lattafa-maahir-legacy-2\/"},"modified":"2026-05-10T00:01:17","modified_gmt":"2026-05-10T00:01:17","slug":"lattafa-maahir-legacy-2","status":"publish","type":"product","link":"https:\/\/novaluxeurope.com\/en\/product\/lattafa-maahir-legacy-2\/","title":{"rendered":"Lattafa Maahir Legacy"},"content":{"rendered":"<p dir=\"ltr\"><strong>Una fragancia magistral con la nobleza de un caballo salvaje<\/strong><\/p>\n<p dir=\"ltr\">El eau de parfum Lattafa Maahir Legacy lleva un nombre que en \u00e1rabe significa \u00abh\u00e1bil\u00bb o \u00abmaestro\u00bb. Y justo as\u00ed es esta fragancia: magistral, equilibrada y atenta a cada detalle. D\u00e9jate envolver por su aura fresca y arom\u00e1tica.<\/p>\n<ul>\n<li value=\"1\">composici\u00f3n arom\u00e1tica para hombre con notas especiadas y amaderadas<\/li>\n<li value=\"2\">ideal para usar en los meses de verano durante el d\u00eda<\/li>\n<li value=\"3\">unisex<\/li>\n<\/ul>\n<p dir=\"ltr\"><strong>Composici\u00f3n de la fragancia:<\/strong><br \/>Al primer contacto, te seduce una fresca combinaci\u00f3n de lima, pomelo, lavanda y menta, suavizada por la jugosa dulzura de la pi\u00f1a. La l\u00ednea arom\u00e1tica se desarrolla con enebro, romero, incienso resinoso, geranio y pimienta negra, que aportan a la fragancia una profundidad especiada. Finalmente, la composici\u00f3n se asienta sobre una sofisticada combinaci\u00f3n de vetiver, opulento ambrox, fresco musgo y matices dulces y terrosos de haba tonka y cashmeran.<\/p>\n<p dir=\"ltr\"><strong>Historia de la fragancia:<\/strong><br \/>El eau de parfum Maahir Legacy combina lo mejor de la tradici\u00f3n y la modernidad. El frasco en acabado plateado brillante se presenta como un trofeo: elegante y distintivo. El s\u00edmbolo del orgulloso corcel en el tap\u00f3n sugiere que esta fragancia est\u00e1 destinada a quienes conocen su fuerza y la dominan con nobleza.<\/p>\n<h4>Pir\u00e1mide olfativa<\/h4>\n<ul>\n<li><strong>Notas de entrada:<\/strong> lima, pomelo, lavanda, menta, pi\u00f1a<\/li>\n<li><strong>Notas de coraz\u00f3n:<\/strong> bayas de enebro, romero, incienso, geranio, pimienta negra<\/li>\n<li><strong>Notas de salida:<\/strong> vetiver, cashmeran, ambroxan, musgo de roble, haba tonka<\/li>\n<\/ul>","protected":false},"excerpt":{"rendered":"<p>Una fragancia magistral con la nobleza de un caballo salvaje El eau de parfum Lattafa Maahir Legacy lleva un nombre que en \u00e1rabe significa \u00abh\u00e1bil\u00bb o \u00abmaestro\u00bb. Y justo as\u00ed es esta fragancia: magistral, equilibrada y atenta a cada detalle. D\u00e9jate envolver por su aura fresca y arom\u00e1tica. composici\u00f3n arom\u00e1tica para hombre con notas especiadas [&hellip;]<\/p>\n","protected":false},"featured_media":2318,"comment_status":"open","ping_status":"closed","template":"","meta":[],"product_brand":[310],"product_cat":[225],"product_tag":[76,321,121,131,79,127,73,467,194,61,323,101,245,187,50],"class_list":{"0":"post-2321","1":"product","2":"type-product","3":"status-publish","4":"has-post-thumbnail","6":"product_brand-lattafa","7":"product_cat-perfumes-y-fragancias","8":"product_tag-ambroxan","9":"product_tag-bayas-de-enebro","10":"product_tag-cashmeran","11":"product_tag-geranio","12":"product_tag-haba-tonka","13":"product_tag-incienso","14":"product_tag-lavanda","15":"product_tag-lima","16":"product_tag-menta","17":"product_tag-musgo-de-roble","18":"product_tag-pimienta-negra","19":"product_tag-pina","20":"product_tag-pomelo","21":"product_tag-romero","22":"product_tag-vetiver","24":"first","25":"instock","26":"taxable","27":"shipping-taxable","28":"product-type-simple"},"_links":{"self":[{"href":"https:\/\/novaluxeurope.com\/en\/wp-json\/wp\/v2\/product\/2321","targetHints":{"allow":["GET"]}}],"collection":[{"href":"https:\/\/novaluxeurope.com\/en\/wp-json\/wp\/v2\/product"}],"about":[{"href":"https:\/\/novaluxeurope.com\/en\/wp-json\/wp\/v2\/types\/product"}],"replies":[{"embeddable":true,"href":"https:\/\/novaluxeurope.com\/en\/wp-json\/wp\/v2\/comments?post=2321"}],"wp:featuredmedia":[{"embeddable":true,"href":"https:\/\/novaluxeurope.com\/en\/wp-json\/wp\/v2\/media\/2318"}],"wp:attachment":[{"href":"https:\/\/novaluxeurope.com\/en\/wp-json\/wp\/v2\/media?parent=2321"}],"wp:term":[{"taxonomy":"product_brand","embeddable":true,"href":"https:\/\/novaluxeurope.com\/en\/wp-json\/wp\/v2\/product_brand?post=2321"},{"taxonomy":"product_cat","embeddable":true,"href":"https:\/\/novaluxeurope.com\/en\/wp-json\/wp\/v2\/product_cat?post=2321"},{"taxonomy":"product_tag","embeddable":true,"href":"https:\/\/novaluxeurope.com\/en\/wp-json\/wp\/v2\/product_tag?post=2321"}],"curies":[{"name":"wp","href":"https:\/\/api.w.org\/{rel}","templated":true}]}}