{"id":2316,"date":"2026-04-10T15:37:57","date_gmt":"2026-04-10T15:37:57","guid":{"rendered":"https:\/\/novaluxeurope.com\/producto\/lattafa-maahir-black-edition\/"},"modified":"2026-05-07T12:01:24","modified_gmt":"2026-05-07T12:01:24","slug":"lattafa-maahir-black-edition","status":"publish","type":"product","link":"https:\/\/novaluxeurope.com\/en\/product\/lattafa-maahir-black-edition\/","title":{"rendered":"Lattafa Maahir Black Edition"},"content":{"rendered":"<p>Olv\u00eddate de las reglas, los l\u00edmites y los obst\u00e1culos. El eau de parfum unisex Lattafa Maahir Black Edition es perfecto para cualquier persona que no tenga miedo a destacar.<\/p>\n<ul>\n<li>fragancia amaderada<\/li>\n<li>fragancia especiada<\/li>\n<li>fragancia arom\u00e1tica con notas herbales<\/li>\n<li>para personas con un estilo no convencional<\/li>\n<li>fragancia c\u00e1lida, ideal para las \u00e9pocas fr\u00edas<\/li>\n<\/ul>\n<h4>Pir\u00e1mide olfativa<\/h4>\n<ul>\n<li><strong>Notas de entrada:<\/strong> pimienta negra, pimienta rosada, azafr\u00e1n<\/li>\n<li><strong>Notas de coraz\u00f3n:<\/strong> l\u00e1dano, aceite de enebro, b\u00e1lsamo de gurjan, ruibarbo<\/li>\n<li><strong>Notas de salida:<\/strong> cuero, cedro, pachuli, madera de guayaco, almizcle, musgo<\/li>\n<\/ul>","protected":false},"excerpt":{"rendered":"<p>Olv\u00eddate de las reglas, los l\u00edmites y los obst\u00e1culos. El eau de parfum unisex Lattafa Maahir Black Edition es perfecto para cualquier persona que no tenga miedo a destacar. fragancia amaderada fragancia especiada fragancia arom\u00e1tica con notas herbales para personas con un estilo no convencional fragancia c\u00e1lida, ideal para las \u00e9pocas fr\u00edas Pir\u00e1mide olfativa Notas [&hellip;]<\/p>\n","protected":false},"featured_media":2315,"comment_status":"open","ping_status":"closed","template":"","meta":[],"product_brand":[310],"product_cat":[225],"product_tag":[465,59,87,466,53,69,70,147,161,67,323,181,191],"class_list":{"0":"post-2316","1":"product","2":"type-product","3":"status-publish","4":"has-post-thumbnail","6":"product_brand-lattafa","7":"product_cat-perfumes-y-fragancias","8":"product_tag-aceite-de-enebro","9":"product_tag-almizcle","10":"product_tag-azafran","11":"product_tag-balsamo-de-gurjan","12":"product_tag-cedro","13":"product_tag-cuero","14":"product_tag-ladano","15":"product_tag-madera-de-guayaco","16":"product_tag-musgo","17":"product_tag-pachuli","18":"product_tag-pimienta-negra","19":"product_tag-pimienta-rosada","20":"product_tag-ruibarbo","22":"first","23":"instock","24":"taxable","25":"shipping-taxable","26":"product-type-simple"},"_links":{"self":[{"href":"https:\/\/novaluxeurope.com\/en\/wp-json\/wp\/v2\/product\/2316","targetHints":{"allow":["GET"]}}],"collection":[{"href":"https:\/\/novaluxeurope.com\/en\/wp-json\/wp\/v2\/product"}],"about":[{"href":"https:\/\/novaluxeurope.com\/en\/wp-json\/wp\/v2\/types\/product"}],"replies":[{"embeddable":true,"href":"https:\/\/novaluxeurope.com\/en\/wp-json\/wp\/v2\/comments?post=2316"}],"wp:featuredmedia":[{"embeddable":true,"href":"https:\/\/novaluxeurope.com\/en\/wp-json\/wp\/v2\/media\/2315"}],"wp:attachment":[{"href":"https:\/\/novaluxeurope.com\/en\/wp-json\/wp\/v2\/media?parent=2316"}],"wp:term":[{"taxonomy":"product_brand","embeddable":true,"href":"https:\/\/novaluxeurope.com\/en\/wp-json\/wp\/v2\/product_brand?post=2316"},{"taxonomy":"product_cat","embeddable":true,"href":"https:\/\/novaluxeurope.com\/en\/wp-json\/wp\/v2\/product_cat?post=2316"},{"taxonomy":"product_tag","embeddable":true,"href":"https:\/\/novaluxeurope.com\/en\/wp-json\/wp\/v2\/product_tag?post=2316"}],"curies":[{"name":"wp","href":"https:\/\/api.w.org\/{rel}","templated":true}]}}