{"id":2312,"date":"2026-04-10T15:37:53","date_gmt":"2026-04-10T15:37:53","guid":{"rendered":"https:\/\/novaluxeurope.com\/producto\/lattafa-liam-grey\/"},"modified":"2026-05-09T11:19:12","modified_gmt":"2026-05-09T11:19:12","slug":"lattafa-liam-grey","status":"publish","type":"product","link":"https:\/\/novaluxeurope.com\/en\/product\/lattafa-liam-grey\/","title":{"rendered":"Lattafa Liam Grey"},"content":{"rendered":"<p dir=\"ltr\"><strong>Una fragancia con car\u00e1cter: sofisticada, sensual e inconfundible<\/strong><\/p>\n<p dir=\"ltr\">El eau de parfum Lattafa Liam Grey es como un traje hecho a medida: pensado hasta el \u00faltimo detalle. Esta composici\u00f3n arom\u00e1tica unisex combina elegancia y sensualidad, dejando una impresi\u00f3n sutil pero inolvidable.<\/p>\n<ul>\n<li value=\"1\">fragancia oriental amaderada con notas c\u00e1lidas y especiadas<\/li>\n<li value=\"2\">ideal para mujeres y hombres que prefieren la elegancia distintiva a la ostentaci\u00f3n<\/li>\n<li value=\"3\">adecuado para llevar todo el a\u00f1o, especialmente en eventos nocturnos o formales<\/li>\n<\/ul>\n<p dir=\"ltr\"><strong>Composici\u00f3n de la fragancia:<\/strong><br \/>La fragancia se abre con un tr\u00edo inesperado de cardamomo, higo y t\u00e9 negro: una combinaci\u00f3n que resulta a la vez ex\u00f3tica y acogedora. En la siguiente fase se despliega la elegancia noble del iris, las notas profundas de vetiver y el calor resinoso del l\u00e1dano. La fragancia se despide con el cremoso s\u00e1ndalo, la vainilla, las dulces y terrosas habas tonka y el adictivo toque oscuro del pachul\u00ed.<\/p>\n<p dir=\"ltr\"><strong>Historia de la fragancia:<\/strong><br \/>El eau de parfum Liam Grey combina la nobleza cl\u00e1sica con la refinada sofisticaci\u00f3n. El frasco de estilo minimalista, con placa met\u00e1lica y l\u00edneas suaves, encarna lo que ofrece la fragancia: pureza en la forma y fuerza en el contenido.<\/p>\n<h4>Pir\u00e1mide olfativa<\/h4>\n<ul>\n<li><strong>Notas de entrada:<\/strong> t\u00e9 negro, cardamomo, higo<\/li>\n<li><strong>Notas de coraz\u00f3n:<\/strong> l\u00e1dano, vetiver, iris<\/li>\n<li><strong>Notas de salida:<\/strong> pachuli, madera de s\u00e1ndalo, vainilla, haba tonka<\/li>\n<\/ul>","protected":false},"excerpt":{"rendered":"<p>Una fragancia con car\u00e1cter: sofisticada, sensual e inconfundible El eau de parfum Lattafa Liam Grey es como un traje hecho a medida: pensado hasta el \u00faltimo detalle. Esta composici\u00f3n arom\u00e1tica unisex combina elegancia y sensualidad, dejando una impresi\u00f3n sutil pero inolvidable. fragancia oriental amaderada con notas c\u00e1lidas y especiadas ideal para mujeres y hombres que [&hellip;]<\/p>\n","protected":false},"featured_media":2311,"comment_status":"open","ping_status":"closed","template":"","meta":[],"product_brand":[310],"product_cat":[225],"product_tag":[77,79,464,55,70,47,67,350,63,50],"class_list":{"0":"post-2312","1":"product","2":"type-product","3":"status-publish","4":"has-post-thumbnail","6":"product_brand-lattafa","7":"product_cat-perfumes-y-fragancias","8":"product_tag-cardamomo","9":"product_tag-haba-tonka","10":"product_tag-higo","11":"product_tag-iris","12":"product_tag-ladano","13":"product_tag-madera-de-sandalo","14":"product_tag-pachuli","15":"product_tag-te-negro","16":"product_tag-vainilla","17":"product_tag-vetiver","19":"first","20":"instock","21":"taxable","22":"shipping-taxable","23":"product-type-simple"},"_links":{"self":[{"href":"https:\/\/novaluxeurope.com\/en\/wp-json\/wp\/v2\/product\/2312","targetHints":{"allow":["GET"]}}],"collection":[{"href":"https:\/\/novaluxeurope.com\/en\/wp-json\/wp\/v2\/product"}],"about":[{"href":"https:\/\/novaluxeurope.com\/en\/wp-json\/wp\/v2\/types\/product"}],"replies":[{"embeddable":true,"href":"https:\/\/novaluxeurope.com\/en\/wp-json\/wp\/v2\/comments?post=2312"}],"wp:featuredmedia":[{"embeddable":true,"href":"https:\/\/novaluxeurope.com\/en\/wp-json\/wp\/v2\/media\/2311"}],"wp:attachment":[{"href":"https:\/\/novaluxeurope.com\/en\/wp-json\/wp\/v2\/media?parent=2312"}],"wp:term":[{"taxonomy":"product_brand","embeddable":true,"href":"https:\/\/novaluxeurope.com\/en\/wp-json\/wp\/v2\/product_brand?post=2312"},{"taxonomy":"product_cat","embeddable":true,"href":"https:\/\/novaluxeurope.com\/en\/wp-json\/wp\/v2\/product_cat?post=2312"},{"taxonomy":"product_tag","embeddable":true,"href":"https:\/\/novaluxeurope.com\/en\/wp-json\/wp\/v2\/product_tag?post=2312"}],"curies":[{"name":"wp","href":"https:\/\/api.w.org\/{rel}","templated":true}]}}