{"id":2305,"date":"2026-04-10T15:37:50","date_gmt":"2026-04-10T15:37:50","guid":{"rendered":"https:\/\/novaluxeurope.com\/producto\/lattafa-liam-blue-shine-edp-u-100-ml\/"},"modified":"2026-04-24T13:31:48","modified_gmt":"2026-04-24T13:31:48","slug":"lattafa-liam-blue-shine-edp-u-100-ml","status":"publish","type":"product","link":"https:\/\/novaluxeurope.com\/en\/product\/lattafa-liam-blue-shine-edp-u-100-ml\/","title":{"rendered":"Lattafa Liam Blue Shine"},"content":{"rendered":"<p>Presentamos Lattafa Unisex Liam Blue Shine EDP, una fragancia cautivadora lanzada en 2023. Esta fragancia de 100 ml est\u00e1 dise\u00f1ada para elevar su presencia con su intrincada mezcla de notas arom\u00e1ticas, acu\u00e1ticas y amaderadas. Elaborado por la renombrada casa de dise\u00f1o Lattafa, Liam Blue Shine es una sofisticada adici\u00f3n a cualquier colecci\u00f3n de fragancias. La fragancia se abre con vigorizantes notas de salida de bergamota, romero y pimienta, creando una introducci\u00f3n refrescante y especiada. A medida que la fragancia se desarrolla, las notas de coraz\u00f3n de notas marinas y violeta emergen, a\u00f1adiendo una profundidad floral y acu\u00e1tica. Por \u00faltimo, las notas de fondo de pachul\u00ed, \u00e1mbar y almizcle proporcionan un acabado c\u00e1lido y terroso, asegurando que el aroma perdure durante todo el d\u00eda. Liam Blue Shine EDP es una fragancia unisex, por lo que es vers\u00e1til y adecuada para cualquier persona que aprecie un aroma equilibrado y din\u00e1mico. Su familia olfativa amaderada acu\u00e1tica arom\u00e1tica garantiza que atraiga a una amplia gama de preferencias, desde los amantes de los aromas frescos y limpios hasta los que prefieren algo m\u00e1s arraigado y complejo. NOTAS DE PERFUME Notas de salida: Bergamota, Pimienta, Romero Notas medias: Notas marinas, Violeta Notas de fondo: Pachul\u00ed, \u00c1mbar, Almizcle<\/p>\n<h4>Pir\u00e1mide olfativa<\/h4>\n<ul>\n<li><strong>Notas de entrada:<\/strong> Bergamota, Pimienta, Rosemary<\/li>\n<li><strong>Notas de coraz\u00f3n:<\/strong> Notas de mar, Violeta<\/li>\n<li><strong>Notas de salida:<\/strong> Pachul\u00ed, \u00c1mbar, Almizcle<\/li>\n<\/ul>","protected":false},"excerpt":{"rendered":"<p>Presentamos Lattafa Unisex Liam Blue Shine EDP, una fragancia cautivadora lanzada en 2023. Esta fragancia de 100 ml est\u00e1 dise\u00f1ada para elevar su presencia con su intrincada mezcla de notas arom\u00e1ticas, acu\u00e1ticas y amaderadas. Elaborado por la renombrada casa de dise\u00f1o Lattafa, Liam Blue Shine es una sofisticada adici\u00f3n a cualquier colecci\u00f3n de fragancias. La [&hellip;]<\/p>\n","protected":false},"featured_media":2304,"comment_status":"open","ping_status":"closed","template":"","meta":[],"product_brand":[310],"product_cat":[225],"product_tag":[59,52,102,358,67,205,463,51],"class_list":{"0":"post-2305","1":"product","2":"type-product","3":"status-publish","4":"has-post-thumbnail","6":"product_brand-lattafa","7":"product_cat-perfumes-y-fragancias","8":"product_tag-almizcle","9":"product_tag-ambar","10":"product_tag-bergamota","11":"product_tag-notas-de-mar","12":"product_tag-pachuli","13":"product_tag-pimienta","14":"product_tag-rosemary","15":"product_tag-violeta","17":"first","18":"outofstock","19":"taxable","20":"shipping-taxable","21":"product-type-simple"},"_links":{"self":[{"href":"https:\/\/novaluxeurope.com\/en\/wp-json\/wp\/v2\/product\/2305","targetHints":{"allow":["GET"]}}],"collection":[{"href":"https:\/\/novaluxeurope.com\/en\/wp-json\/wp\/v2\/product"}],"about":[{"href":"https:\/\/novaluxeurope.com\/en\/wp-json\/wp\/v2\/types\/product"}],"replies":[{"embeddable":true,"href":"https:\/\/novaluxeurope.com\/en\/wp-json\/wp\/v2\/comments?post=2305"}],"wp:featuredmedia":[{"embeddable":true,"href":"https:\/\/novaluxeurope.com\/en\/wp-json\/wp\/v2\/media\/2304"}],"wp:attachment":[{"href":"https:\/\/novaluxeurope.com\/en\/wp-json\/wp\/v2\/media?parent=2305"}],"wp:term":[{"taxonomy":"product_brand","embeddable":true,"href":"https:\/\/novaluxeurope.com\/en\/wp-json\/wp\/v2\/product_brand?post=2305"},{"taxonomy":"product_cat","embeddable":true,"href":"https:\/\/novaluxeurope.com\/en\/wp-json\/wp\/v2\/product_cat?post=2305"},{"taxonomy":"product_tag","embeddable":true,"href":"https:\/\/novaluxeurope.com\/en\/wp-json\/wp\/v2\/product_tag?post=2305"}],"curies":[{"name":"wp","href":"https:\/\/api.w.org\/{rel}","templated":true}]}}