{"id":2302,"date":"2026-04-10T15:37:49","date_gmt":"2026-04-10T15:37:49","guid":{"rendered":"https:\/\/novaluxeurope.com\/producto\/lattafa-layaan\/"},"modified":"2026-05-06T20:29:16","modified_gmt":"2026-05-06T20:29:16","slug":"lattafa-layaan","status":"publish","type":"product","link":"https:\/\/novaluxeurope.com\/en\/product\/lattafa-layaan\/","title":{"rendered":"Lattafa Layaan"},"content":{"rendered":"<p dir=\"ltr\"><strong>Una fragancia para mujer llena de elegancia<\/strong><\/p>\n<p dir=\"ltr\">Sue\u00f1a por unos instantes e imag\u00ednate que paseas por una pradera florida mientras disfrutas del aire fresco y el aroma de las flores. Esta escena es la que evoca el eau de parfum para mujer Lattafa Layaan. Adem\u00e1s de por su composici\u00f3n arom\u00e1tica armoniosa, que a\u00fana acordes de flores, frutas, madera y almizcle, te cautivar\u00e1 tambi\u00e9n por el dise\u00f1o rom\u00e1ntico del frasco. Su elemento dominante es el tap\u00f3n en forma de rosa.\u00a0<\/p>\n<ul>\n<li value=\"1\">composici\u00f3n arom\u00e1tica floral con acordes frutales<\/li>\n<li value=\"2\">se lanz\u00f3 al mercado en el a\u00f1o 2025<\/li>\n<li value=\"3\">adecuada para uso diario<\/li>\n<\/ul>\n<p dir=\"ltr\"><strong>Composici\u00f3n de la fragancia:<\/strong><br \/>Con los primeros acordes del eau de parfum para mujer Lattafa Layaan sentir\u00e1s el d\u00fao de pera verde y fresca mandarina. En las notas de coraz\u00f3n resuenan unos acordes de flores blancas, jazm\u00edn, lirio de los valles y gardenia. El armonioso concierto arom\u00e1tico culmina con el d\u00fao de sensual almizcle y madera de cedro.<\/p>\n<h4>Pir\u00e1mide olfativa<\/h4>\n<ul>\n<li><strong>Notas de entrada:<\/strong> pera, mandarina<\/li>\n<li><strong>Notas de coraz\u00f3n:<\/strong> gardenia, jazm\u00edn, lirio de los valles<\/li>\n<li><strong>Notas de salida:<\/strong> madera de cedro, almizcle<\/li>\n<\/ul>","protected":false},"excerpt":{"rendered":"<p>Una fragancia para mujer llena de elegancia Sue\u00f1a por unos instantes e imag\u00ednate que paseas por una pradera florida mientras disfrutas del aire fresco y el aroma de las flores. Esta escena es la que evoca el eau de parfum para mujer Lattafa Layaan. Adem\u00e1s de por su composici\u00f3n arom\u00e1tica armoniosa, que a\u00fana acordes de [&hellip;]<\/p>\n","protected":false},"featured_media":2301,"comment_status":"open","ping_status":"closed","template":"","meta":[],"product_brand":[310],"product_cat":[225],"product_tag":[59,326,56,85,46,99,112],"class_list":{"0":"post-2302","1":"product","2":"type-product","3":"status-publish","4":"has-post-thumbnail","6":"product_brand-lattafa","7":"product_cat-perfumes-y-fragancias","8":"product_tag-almizcle","9":"product_tag-gardenia","10":"product_tag-jazmin","11":"product_tag-lirio-de-los-valles","12":"product_tag-madera-de-cedro","13":"product_tag-mandarina","14":"product_tag-pera","16":"first","17":"instock","18":"taxable","19":"shipping-taxable","20":"product-type-simple"},"_links":{"self":[{"href":"https:\/\/novaluxeurope.com\/en\/wp-json\/wp\/v2\/product\/2302","targetHints":{"allow":["GET"]}}],"collection":[{"href":"https:\/\/novaluxeurope.com\/en\/wp-json\/wp\/v2\/product"}],"about":[{"href":"https:\/\/novaluxeurope.com\/en\/wp-json\/wp\/v2\/types\/product"}],"replies":[{"embeddable":true,"href":"https:\/\/novaluxeurope.com\/en\/wp-json\/wp\/v2\/comments?post=2302"}],"wp:featuredmedia":[{"embeddable":true,"href":"https:\/\/novaluxeurope.com\/en\/wp-json\/wp\/v2\/media\/2301"}],"wp:attachment":[{"href":"https:\/\/novaluxeurope.com\/en\/wp-json\/wp\/v2\/media?parent=2302"}],"wp:term":[{"taxonomy":"product_brand","embeddable":true,"href":"https:\/\/novaluxeurope.com\/en\/wp-json\/wp\/v2\/product_brand?post=2302"},{"taxonomy":"product_cat","embeddable":true,"href":"https:\/\/novaluxeurope.com\/en\/wp-json\/wp\/v2\/product_cat?post=2302"},{"taxonomy":"product_tag","embeddable":true,"href":"https:\/\/novaluxeurope.com\/en\/wp-json\/wp\/v2\/product_tag?post=2302"}],"curies":[{"name":"wp","href":"https:\/\/api.w.org\/{rel}","templated":true}]}}