{"id":2299,"date":"2026-04-10T15:37:46","date_gmt":"2026-04-10T15:37:46","guid":{"rendered":"https:\/\/novaluxeurope.com\/producto\/lattafa-lail-maleki\/"},"modified":"2026-05-08T16:01:12","modified_gmt":"2026-05-08T16:01:12","slug":"lattafa-lail-maleki","status":"publish","type":"product","link":"https:\/\/novaluxeurope.com\/en\/product\/lattafa-lail-maleki\/","title":{"rendered":"Lattafa Lail Maleki"},"content":{"rendered":"<p dir=\"ltr\"><strong>Sum\u00e9rgete en un mundo de notas ex\u00f3ticas<\/strong><\/p>\n<p dir=\"ltr\">Prueba una fragancia unisex que te desarmar\u00e1. El eau de parfum Lattafa Lail Maleki te conquistar\u00e1 con su combinaci\u00f3n sofisticada de notas frutales, florales y amaderadas. Es adecuado tanto para hombre como para mujer y te ofrece una experiencia c\u00e1lida y elegante que cautivar\u00e1 a todas aquellas personas que busquen una fragancia con un car\u00e1cter profundo y un toque inconfundible.<\/p>\n<ul>\n<li value=\"1\">fragancia de \u00e1mbar con acordes frutales<\/li>\n<li value=\"2\">se lanz\u00f3 al mercado en el a\u00f1o 2018<\/li>\n<li value=\"3\">en un elegante frasco con la silueta de un caballo<\/li>\n<\/ul>\n<p dir=\"ltr\"><strong>Composici\u00f3n de la fragancia:<\/strong><br \/>Nada m\u00e1s comenzar, entran en escena las c\u00e1lidas y especiadas notas de la canela y la pi\u00f1a, que dan paso a unas notas de coraz\u00f3n florales donde se unen los delicados aromas de la rosa y el jazm\u00edn. Las notas de fondo de la fragancia se componen de una combinaci\u00f3n c\u00e1lida y elegante de madera de s\u00e1ndalo y \u00e1mbar, que le confiere al perfume un cierre terroso y sensual. Cada paso de la composici\u00f3n es rico en matices que se complementan entre s\u00ed y combinan a la perfecci\u00f3n.<\/p>\n<p dir=\"ltr\"><strong>Historia de la fragancia:<\/strong><br \/>Lattafa es una marca familiar que lleva tres generaciones creando fragancias que a\u00fanan tradici\u00f3n e innovaci\u00f3n. Con m\u00e1s de 2000 productos y presente en m\u00e1s de 120 pa\u00edses, ha cautivado a clientes de todo el mundo. Todos los perfumes Lattafa, incluido Lattafa Lail Maleki, han sido cuidadosamente dise\u00f1ados para ofrecer una experiencia personal y una calidad superior. La marca concede una gran importancia a la sostenibilidad y al impacto positivo sobre el planeta, porque cree que las buenas fragancias deber\u00edan estar en consonancia con una actitud responsable hacia el futuro.<\/p>\n<h4>Pir\u00e1mide olfativa<\/h4>\n<ul>\n<li><strong>Notas de entrada:<\/strong> acordes frutales, c\u00edtricos, notas especiadas<\/li>\n<li><strong>Notas de coraz\u00f3n:<\/strong> jazm\u00edn, gardenia, miel, orqu\u00eddea<\/li>\n<li><strong>Notas de salida:<\/strong> madera de s\u00e1ndalo, almizcle, caramelo, \u00e1mbar<\/li>\n<\/ul>","protected":false},"excerpt":{"rendered":"<p>Sum\u00e9rgete en un mundo de notas ex\u00f3ticas Prueba una fragancia unisex que te desarmar\u00e1. El eau de parfum Lattafa Lail Maleki te conquistar\u00e1 con su combinaci\u00f3n sofisticada de notas frutales, florales y amaderadas. Es adecuado tanto para hombre como para mujer y te ofrece una experiencia c\u00e1lida y elegante que cautivar\u00e1 a todas aquellas personas [&hellip;]<\/p>\n","protected":false},"featured_media":2298,"comment_status":"open","ping_status":"closed","template":"","meta":[],"product_brand":[310],"product_cat":[225],"product_tag":[422,59,52,60,158,326,56,47,200,462,248],"class_list":{"0":"post-2299","1":"product","2":"type-product","3":"status-publish","4":"has-post-thumbnail","6":"product_brand-lattafa","7":"product_cat-perfumes-y-fragancias","8":"product_tag-acordes-frutales","9":"product_tag-almizcle","10":"product_tag-ambar","11":"product_tag-caramelo","12":"product_tag-citricos","13":"product_tag-gardenia","14":"product_tag-jazmin","15":"product_tag-madera-de-sandalo","16":"product_tag-miel","17":"product_tag-notas-especiadas","18":"product_tag-orquidea","20":"first","21":"instock","22":"taxable","23":"shipping-taxable","24":"product-type-simple"},"_links":{"self":[{"href":"https:\/\/novaluxeurope.com\/en\/wp-json\/wp\/v2\/product\/2299","targetHints":{"allow":["GET"]}}],"collection":[{"href":"https:\/\/novaluxeurope.com\/en\/wp-json\/wp\/v2\/product"}],"about":[{"href":"https:\/\/novaluxeurope.com\/en\/wp-json\/wp\/v2\/types\/product"}],"replies":[{"embeddable":true,"href":"https:\/\/novaluxeurope.com\/en\/wp-json\/wp\/v2\/comments?post=2299"}],"wp:featuredmedia":[{"embeddable":true,"href":"https:\/\/novaluxeurope.com\/en\/wp-json\/wp\/v2\/media\/2298"}],"wp:attachment":[{"href":"https:\/\/novaluxeurope.com\/en\/wp-json\/wp\/v2\/media?parent=2299"}],"wp:term":[{"taxonomy":"product_brand","embeddable":true,"href":"https:\/\/novaluxeurope.com\/en\/wp-json\/wp\/v2\/product_brand?post=2299"},{"taxonomy":"product_cat","embeddable":true,"href":"https:\/\/novaluxeurope.com\/en\/wp-json\/wp\/v2\/product_cat?post=2299"},{"taxonomy":"product_tag","embeddable":true,"href":"https:\/\/novaluxeurope.com\/en\/wp-json\/wp\/v2\/product_tag?post=2299"}],"curies":[{"name":"wp","href":"https:\/\/api.w.org\/{rel}","templated":true}]}}